{"id":192447,"date":"2025-12-23T13:57:55","date_gmt":"2025-12-23T10:57:55","guid":{"rendered":"https:\/\/baldumarket.lt\/product\/stol-rozkladany-xenon-160208x89-czarny-polysk-bialy-polysk\/"},"modified":"2026-02-14T12:40:12","modified_gmt":"2026-02-14T09:40:12","slug":"stol-rozkladany-xenon-160208x89-czarny-polysk-bialy-polysk","status":"publish","type":"product","link":"https:\/\/baldumarket.lt\/lt\/product\/stol-rozkladany-xenon-160208x89-czarny-polysk-bialy-polysk\/","title":{"rendered":"XENON i\u0161skleid\u017eiamas stalas 160(208)x89 blizgi juoda\/blizgi balta"},"content":{"rendered":"<p>XENON i\u0161skleid\u017eiamas valgomojo stalas<br \/>\n\u201eXENON\u201c stalas pagamintas i\u0161 blizgaus MDF, kur\u012f gamina pati \u201eHubertus\u201c. Ant stalvir\u0161io u\u017eklijuota akrilo pl\u0117vel\u0117, suteikianti jam veidrodin\u0119 i\u0161vaizd\u0105. \u0160io tipo folija taip pat yra kietesn\u0117 ir atsparesn\u0117 \u012fbr\u0117\u017eimams, kar\u0161tiems indams ir oro s\u0105lygoms. Stalo estetin\u012f patrauklum\u0105 lemia ne tik blizgesys, bet ir unikalus pagrindas, primenantis pirm\u0105j\u0105 stalo pavadinimo raid\u0119 X. Madinga ir nesenstanti juodai balta spalv\u0173 gama suteikia stalui stulbinan\u010dio \u012fsp\u016bd\u017eio bet kokiame interjere. Didelis stalvir\u0161is i\u0161siskleid\u017eia, suteikdamas vietos didelei \u0161eimai ar sve\u010diams.<br \/>\nModernus XENON stalas yra b\u016btinas \u0161iuolaikinio interjero elementas. Jis suteiks elegancijos j\u016bs\u0173 valgomajam, svetainei ar darbo kambariui. Stalas ne tik labai funkcionalus, bet ir taps nuostabiu centriniu elementu, kuris pritrauks daugelio lankytoj\u0173 ak\u012f. Stalas svetain\u0117je leis visai \u0161eimai susirinkti kasdieniams pietums, be to, jis bus vieta \u017eaisti su vaikais ar atsipalaiduoti su knyga.<br \/>\nProdukto savyb\u0117s<br \/>\nLenkijoje pagamintas stalas valgomajam ir svetainei,<br \/>\nnesenstanti juodai balta spalv\u0173 gama,<br \/>\nstalvir\u0161is ir kiti elementai pagaminti i\u0161 MDF plok\u0161t\u0117s, padengtos blizgia pl\u0117vele,<br \/>\nstalvir\u0161io matmenys 160 \u00d7 89 cm,<br \/>\ni\u0161siple\u010dia iki 210 cm,<br \/>\nstabili konstrukcija u\u017etikrina patog\u0173 naudojim\u0105,<br \/>\nSi\u016blome plat\u0173 bald\u0173 pasirinkim\u0105, leid\u017eiant\u012f pilnai \u012frengti savo namus.<\/p>","protected":false},"excerpt":{"rendered":"<p>MATMENYS<br \/>\nIlgis \u2013 [cm] 160<br \/>\nIlgis i\u0161skleidus \u2013 [cm] 208<br \/>\nPlotis \u2013 [cm] 89<br \/>\n\u016agis \u2013 [cm] 75<br \/>\nSTATYBA<br \/>\nStalo tipas \u2013 i\u0161skleid\u017eiamas<br \/>\nPrat\u0119simo b\u016bdas \u2013 prailginamas<br \/>\nVir\u0161utin\u0117 forma \u2013 sta\u010diakamp\u0117<br \/>\nVir\u0161utinio tipo \u2013 laminuotas MDF<br \/>\nVir\u0161utin\u0117 spalva \u2013 blizgi juoda<br \/>\nKojeli\u0173 tipas \u2013 laminuotas MDF<br \/>\nKoj\u0173 spalva \u2013 blizgi balta\/blizgi juoda<\/p>","protected":false},"featured_media":192448,"comment_status":"open","ping_status":"open","template":"","meta":[],"product_brand":[],"product_cat":[9624,4774,1934],"product_tag":[],"class_list":{"0":"post-192447","1":"product","2":"type-product","3":"status-publish","4":"has-post-thumbnail","6":"product_cat-table-xenon-hubertus","7":"product_cat-hubertus-design","8":"product_cat-tables","10":"first","11":"instock","12":"purchasable","13":"product-type-simple"},"_links":{"self":[{"href":"https:\/\/baldumarket.lt\/lt\/wp-json\/wp\/v2\/product\/192447","targetHints":{"allow":["GET"]}}],"collection":[{"href":"https:\/\/baldumarket.lt\/lt\/wp-json\/wp\/v2\/product"}],"about":[{"href":"https:\/\/baldumarket.lt\/lt\/wp-json\/wp\/v2\/types\/product"}],"replies":[{"embeddable":true,"href":"https:\/\/baldumarket.lt\/lt\/wp-json\/wp\/v2\/comments?post=192447"}],"wp:featuredmedia":[{"embeddable":true,"href":"https:\/\/baldumarket.lt\/lt\/wp-json\/wp\/v2\/media\/192448"}],"wp:attachment":[{"href":"https:\/\/baldumarket.lt\/lt\/wp-json\/wp\/v2\/media?parent=192447"}],"wp:term":[{"taxonomy":"product_brand","embeddable":true,"href":"https:\/\/baldumarket.lt\/lt\/wp-json\/wp\/v2\/product_brand?post=192447"},{"taxonomy":"product_cat","embeddable":true,"href":"https:\/\/baldumarket.lt\/lt\/wp-json\/wp\/v2\/product_cat?post=192447"},{"taxonomy":"product_tag","embeddable":true,"href":"https:\/\/baldumarket.lt\/lt\/wp-json\/wp\/v2\/product_tag?post=192447"}],"curies":[{"name":"wp","href":"https:\/\/api.w.org\/{rel}","templated":true}]}}