{"id":192433,"date":"2025-12-23T13:57:05","date_gmt":"2025-12-23T10:57:05","guid":{"rendered":"https:\/\/baldumarket.lt\/product\/stol-rozkladany-xenon-mat-160208x89-szary-bialy\/"},"modified":"2026-02-14T12:48:31","modified_gmt":"2026-02-14T09:48:31","slug":"stol-rozkladany-xenon-mat-160208x89-szary-bialy","status":"publish","type":"product","link":"https:\/\/baldumarket.lt\/lt\/product\/stol-rozkladany-xenon-mat-160208x89-szary-bialy\/","title":{"rendered":"XENON MAT i\u0161skleid\u017eiamas stalas 160(208)x89 pilkas\/baltas"},"content":{"rendered":"<p>XENON MAT i\u0161traukiamas valgomojo stalas<br \/>\n\u201eXENON MAT\u201c stalas yra visi\u0161ka bald\u0173 rinkos inovacija, nes stalvir\u0161is ir pagrindas padengti matine folija, kuri suteikia visai konstrukcijai unikali\u0105 i\u0161vaizd\u0105. Matin\u0117 pl\u0117vel\u0117 yra labai maloni liesti ir primena aksom\u0105. Verta pamin\u0117ti, kad \u0161i pl\u0117vel\u0117 yra atspari riebal\u0173 \u012fsig\u0117rimui, tod\u0117l juos galima lengvai pa\u0161alinti nuo stalvir\u0161io pavir\u0161iaus, nesibaiminant, kad jis praras blizges\u012f po pakartotinio trynimo. Abi pl\u0117vel\u0117s yra atsparios mechaniniams pa\u017eeidimams ir UV spinduliams.<br \/>\nModernaus XENON MAT i\u0161traukiamo stalo spalv\u0173 gama derina balt\u0105 koj\u0173 spalv\u0105 su madingais pilkais atspalviais. Stalas turi i\u0161traukiam\u0105 stalvir\u0161\u012f, tod\u0117l prie jo lengva priimti sve\u010dius svarbi\u0173 rengini\u0173 metu. Valgomojo ir svetain\u0117s stalas yra vienas svarbiausi\u0173 nam\u0173 bald\u0173, nes stalas kartu su k\u0117d\u0117mis sukuria traukos centr\u0105 \u0161eimos susib\u016brimams kasdieni\u0173 valgi\u0173 metu. Taip pat m\u0117gstame leisti laik\u0105 prie stalo, ils\u0117damiesi su knyga ar \u017eaisdami su vaikais. Produkto savyb\u0117s<br \/>\nModernus stalas valgomajam ir svetainei,<br \/>\nMadinga pilka ir balta spalv\u0173 schema,<br \/>\nMDF konstrukcija,<br \/>\nMatiniu folija dengtas vir\u0161us ir pagrindas,<br \/>\nStalo kojos, padengtos blizgia akrilo folija,<br \/>\nI\u0161traukiamas stalvir\u0161is,<br \/>\nSi\u016blome plat\u0173 bald\u0173 pasirinkim\u0105, kad gal\u0117tum\u0117te pilnai \u012frengti savo namus.<\/p>","protected":false},"excerpt":{"rendered":"<p>MATMENYS<br \/>\nIlgis \u2013 [cm] 160<br \/>\nIlgis i\u0161skleidus \u2013 [cm] 208<br \/>\nPlotis \u2013 [cm] 89<br \/>\n\u016agis \u2013 [cm] 75<br \/>\nSTATYBA<br \/>\nStalo tipas \u2013 i\u0161skleid\u017eiamas<br \/>\nPrat\u0119simo b\u016bdas \u2013 prailginamas<br \/>\nVir\u0161utin\u0117 forma \u2013 sta\u010diakamp\u0117<br \/>\nVir\u0161utinio tipo \u2013 laminuotas MDF<br \/>\nVir\u0161utin\u0117 spalva \u2013 pilka<br \/>\nKojeli\u0173 tipas \u2013 laminuotas MDF<br \/>\nKoj\u0173 spalva \u2013 balta\/pilka<\/p>","protected":false},"featured_media":192434,"comment_status":"open","ping_status":"open","template":"","meta":[],"product_brand":[],"product_cat":[9627,4774,1934],"product_tag":[],"class_list":{"0":"post-192433","1":"product","2":"type-product","3":"status-publish","4":"has-post-thumbnail","6":"product_cat-table-xenon-mat-hubertus","7":"product_cat-hubertus-design","8":"product_cat-tables","10":"first","11":"instock","12":"purchasable","13":"product-type-simple"},"_links":{"self":[{"href":"https:\/\/baldumarket.lt\/lt\/wp-json\/wp\/v2\/product\/192433","targetHints":{"allow":["GET"]}}],"collection":[{"href":"https:\/\/baldumarket.lt\/lt\/wp-json\/wp\/v2\/product"}],"about":[{"href":"https:\/\/baldumarket.lt\/lt\/wp-json\/wp\/v2\/types\/product"}],"replies":[{"embeddable":true,"href":"https:\/\/baldumarket.lt\/lt\/wp-json\/wp\/v2\/comments?post=192433"}],"wp:featuredmedia":[{"embeddable":true,"href":"https:\/\/baldumarket.lt\/lt\/wp-json\/wp\/v2\/media\/192434"}],"wp:attachment":[{"href":"https:\/\/baldumarket.lt\/lt\/wp-json\/wp\/v2\/media?parent=192433"}],"wp:term":[{"taxonomy":"product_brand","embeddable":true,"href":"https:\/\/baldumarket.lt\/lt\/wp-json\/wp\/v2\/product_brand?post=192433"},{"taxonomy":"product_cat","embeddable":true,"href":"https:\/\/baldumarket.lt\/lt\/wp-json\/wp\/v2\/product_cat?post=192433"},{"taxonomy":"product_tag","embeddable":true,"href":"https:\/\/baldumarket.lt\/lt\/wp-json\/wp\/v2\/product_tag?post=192433"}],"curies":[{"name":"wp","href":"https:\/\/api.w.org\/{rel}","templated":true}]}}