{"id":192427,"date":"2025-12-23T13:56:41","date_gmt":"2025-12-23T10:56:41","guid":{"rendered":"https:\/\/baldumarket.lt\/product\/lawa-xenon-mini-120x60-czarna-polysk\/"},"modified":"2026-02-14T12:44:27","modified_gmt":"2026-02-14T09:44:27","slug":"lawa-xenon-mini-120x60-czarna-polysk","status":"publish","type":"product","link":"https:\/\/baldumarket.lt\/lt\/product\/lawa-xenon-mini-120x60-czarna-polysk\/","title":{"rendered":"XENON MINI 120&#215;60 kavos staliukas, blizgi juoda"},"content":{"rendered":"<p>Modernus XENON MINI kavos staliukas su blizgiu stalvir\u0161iu<br \/>\nHUBERTUS XENON MINI kavos staliukas svetainei pagamintas i\u0161 MDF plok\u0161t\u0117s, padengtos blizgia pl\u0117vele. Vir\u0161utiniame pavir\u0161iuje naudojama akrilo pl\u0117vel\u0117 yra padidinto kietumo ir atspari \u012fbr\u0117\u017eimams, kar\u0161tiems indams bei oro s\u0105lygoms. \u0160i pl\u0117vel\u0117 suteikia stalvir\u0161iui veidrodin\u0119 i\u0161vaizd\u0105. Staliukas pasi\u017eymi \u012fdomiu ir ne\u012fprastu pagrindu, sudarytu i\u0161 dviej\u0173 susikertan\u010di\u0173 element\u0173.<br \/>\nKavos staliukas yra vienas svarbiausi\u0173 svetain\u0117s bald\u0173. Tai ne tik funkcionalus baldas, bet ir dekoratyvinis elementas, suteikiantis kambariui modernumo. \u201eXENON MINI\u201c svetain\u0117s kavos staliukas \u017eavi \u012fdomiu dizainu ir puikia apdaila, o jo stilius neturi lygi\u0173. Jis gali b\u016bti naudojamas kaip laisvalaikio staliukas arba kaip piet\u0173 stalas, prie kurio gal\u0117site lengvai m\u0117gautis \u0161eimos vakariene. Tik nepamir\u0161kite apsaugoti stalvir\u0161io nuo alkoholio ir kit\u0173 kar\u0161t\u0173 g\u0117rim\u0173.<br \/>\nProdukto savyb\u0117s<br \/>\nAvangardinio stiliaus kavos staliukas svetainei,<br \/>\nBlizgios MDF plok\u0161t\u0117s konstrukcija,<br \/>\nDidelis stalvir\u0161is, kurio matmenys \u2013 120 \u00d7 60 cm,<br \/>\nSud\u0117tingas pagrindas,<br \/>\nBlizgi juoda apdaila,<br \/>\nReikalingas savaranki\u0161kas surinkimas.<br \/>\nSi\u016blome plat\u0173 bald\u0173 pasirinkim\u0105, kad gal\u0117tum\u0117te pilnai \u012frengti savo namus.<\/p>","protected":false},"excerpt":{"rendered":"<p>MATMENYS<br \/>\n\u016agis \u2013 [cm] 49<br \/>\nIlgis \u2013 [cm] 120<br \/>\nPlotis \u2013 [cm] 60<br \/>\nSTATYBA<br \/>\nKavos staliuko tipas \u2013 nei\u0161traukiamas<br \/>\nVir\u0161utin\u0117 forma \u2013 sta\u010diakamp\u0117<br \/>\nVir\u0161utinio pavir\u0161iaus tipas \u2013 MDF<br \/>\nVir\u0161utin\u0117 spalva \u2013 blizgi juoda<br \/>\nKojeli\u0173 tipas \u2013 MDF<br \/>\nKoj\u0173 spalva \u2013 blizgi juoda<\/p>","protected":false},"featured_media":192428,"comment_status":"open","ping_status":"open","template":"","meta":[],"product_brand":[],"product_cat":[9626,866,4774],"product_tag":[],"class_list":{"0":"post-192427","1":"product","2":"type-product","3":"status-publish","4":"has-post-thumbnail","6":"product_cat-table-xenon-mini","7":"product_cat-coffee-tables","8":"product_cat-hubertus-design","10":"first","11":"instock","12":"purchasable","13":"product-type-simple"},"_links":{"self":[{"href":"https:\/\/baldumarket.lt\/lt\/wp-json\/wp\/v2\/product\/192427","targetHints":{"allow":["GET"]}}],"collection":[{"href":"https:\/\/baldumarket.lt\/lt\/wp-json\/wp\/v2\/product"}],"about":[{"href":"https:\/\/baldumarket.lt\/lt\/wp-json\/wp\/v2\/types\/product"}],"replies":[{"embeddable":true,"href":"https:\/\/baldumarket.lt\/lt\/wp-json\/wp\/v2\/comments?post=192427"}],"wp:featuredmedia":[{"embeddable":true,"href":"https:\/\/baldumarket.lt\/lt\/wp-json\/wp\/v2\/media\/192428"}],"wp:attachment":[{"href":"https:\/\/baldumarket.lt\/lt\/wp-json\/wp\/v2\/media?parent=192427"}],"wp:term":[{"taxonomy":"product_brand","embeddable":true,"href":"https:\/\/baldumarket.lt\/lt\/wp-json\/wp\/v2\/product_brand?post=192427"},{"taxonomy":"product_cat","embeddable":true,"href":"https:\/\/baldumarket.lt\/lt\/wp-json\/wp\/v2\/product_cat?post=192427"},{"taxonomy":"product_tag","embeddable":true,"href":"https:\/\/baldumarket.lt\/lt\/wp-json\/wp\/v2\/product_tag?post=192427"}],"curies":[{"name":"wp","href":"https:\/\/api.w.org\/{rel}","templated":true}]}}