{"id":192347,"date":"2025-12-23T13:52:36","date_gmt":"2025-12-23T10:52:36","guid":{"rendered":"https:\/\/baldumarket.lt\/product\/lawa-okragla-salvo-ac-80x80-cappuccino\/"},"modified":"2026-02-13T12:07:57","modified_gmt":"2026-02-13T09:07:57","slug":"lawa-okragla-salvo-ac-80x80-cappuccino","status":"publish","type":"product","link":"https:\/\/baldumarket.lt\/lt\/product\/lawa-okragla-salvo-ac-80x80-cappuccino\/","title":{"rendered":"Apvalus kavos staliukas SALVO AC 80&#215;80 kapu\u010dino spalvos"},"content":{"rendered":"<p>Unikalus apvalus SALVO AC kavos staliukas kapu\u010dino spalvos svetainei<br \/>\nApvalus \u201eAmore Colore\u201c kolekcijos kavos staliukas \u201eSALVO\u201c \u2013 tai harmoningas elegancijos ir modernaus dizaino derinys. Jo stalvir\u0161is pagamintas i\u0161 auk\u0161\u010diausios kokyb\u0117s akrilo su aksominiu matiniu pavir\u0161iumi, kuris ne tik suteikia jam prabangi\u0105 i\u0161vaizd\u0105, bet ir u\u017etikrina i\u0161skirtin\u012f patvarum\u0105. \u0160i med\u017eiaga pasi\u017eymi padidintu atsparumu \u012fbr\u0117\u017eimams, auk\u0161tai temperat\u016brai (iki 100 \u00b0C) ir UV spinduliams, u\u017etikrinant ilgalaik\u012f spalvos intensyvum\u0105. Be to, apsauga nuo pir\u0161t\u0173 atspaud\u0173 suma\u017eina pir\u0161t\u0173 atspaud\u0173 matomum\u0105, tod\u0117l kasdienis naudojimas tampa lengvesnis.<br \/>\nUnikal\u0173 kavos staliuko charakter\u012f pabr\u0117\u017eia cilindrinis pagrindas, papuo\u0161tas subtilia, subtili\u0173 juosteli\u0173 strukt\u016bra, suteikian\u010dia gylio ir tekst\u016bros. Lieknos, kruop\u0161\u010diai suprojektuotos kojel\u0117s suteikia konstrukcijai lengvumo ir u\u017etikrina stabilum\u0105. D\u0117l gerai apgalvoto dizaino ir puikaus der\u0117jimo su kitais \u201eAmore Colore\u201c kolekcijos elementais, \u201eSALVO\u201c kavos staliukas puikiai dera tiek moderniame, tiek klasikiniame interjere, derindamas estetik\u0105 su funkcionalumu.<br \/>\nProdukto savyb\u0117s<br \/>\nLenki\u0161kas produktas \u2013 tvirta meistri\u0161kumo klas\u0117 ir d\u0117mesys detal\u0117ms,<br \/>\nMatinis akrilinis vir\u0161us su aksominiu pavir\u0161iumi,<br \/>\nPadidintas atsparumas UV spinduliams \u2013 spalva ilgiau i\u0161lieka intensyvi,<br \/>\nAtsparus \u012fbr\u0117\u017eimams ir auk\u0161tai temperat\u016brai (iki 100 \u00b0C) pavir\u0161ius,<br \/>\nSpeciali apsaugin\u0117 danga nuo pir\u0161t\u0173 atspaud\u0173 suma\u017eina pir\u0161t\u0173 atspaud\u0173 matomum\u0105,<br \/>\nStabilus cilindrinis pagrindas su briaunota strukt\u016bra,<br \/>\nLengvas surinkimas d\u0117ka ai\u0161ki\u0173, iliustruot\u0173 instrukcij\u0173,<br \/>\nReikalingas savaranki\u0161kas surinkimas,<br \/>\nSi\u016blome plat\u0173 bald\u0173 pasirinkim\u0105, kad gal\u0117tum\u0117te m\u0117gautis visaver\u010diu nam\u0173 apstatymu.<\/p>","protected":false},"excerpt":{"rendered":"<p>A unique round SALVO AC coffee table in cappuccino for the living room The round SALVO coffee table from the Amore Colore collection is a harmonious blend of elegance and modern design. Its top is made of the highest quality acrylic with a velvety matte finish, which not only gives it a luxurious look but [&hellip;]<\/p>","protected":false},"featured_media":192348,"comment_status":"open","ping_status":"open","template":"","meta":[],"product_brand":[],"product_cat":[9598,866,4774],"product_tag":[],"class_list":{"0":"post-192347","1":"product","2":"type-product","3":"status-publish","4":"has-post-thumbnail","6":"product_cat-coffee-table-salvo-hubertus","7":"product_cat-coffee-tables","8":"product_cat-hubertus-design","10":"first","11":"instock","12":"purchasable","13":"product-type-simple"},"_links":{"self":[{"href":"https:\/\/baldumarket.lt\/lt\/wp-json\/wp\/v2\/product\/192347","targetHints":{"allow":["GET"]}}],"collection":[{"href":"https:\/\/baldumarket.lt\/lt\/wp-json\/wp\/v2\/product"}],"about":[{"href":"https:\/\/baldumarket.lt\/lt\/wp-json\/wp\/v2\/types\/product"}],"replies":[{"embeddable":true,"href":"https:\/\/baldumarket.lt\/lt\/wp-json\/wp\/v2\/comments?post=192347"}],"wp:featuredmedia":[{"embeddable":true,"href":"https:\/\/baldumarket.lt\/lt\/wp-json\/wp\/v2\/media\/192348"}],"wp:attachment":[{"href":"https:\/\/baldumarket.lt\/lt\/wp-json\/wp\/v2\/media?parent=192347"}],"wp:term":[{"taxonomy":"product_brand","embeddable":true,"href":"https:\/\/baldumarket.lt\/lt\/wp-json\/wp\/v2\/product_brand?post=192347"},{"taxonomy":"product_cat","embeddable":true,"href":"https:\/\/baldumarket.lt\/lt\/wp-json\/wp\/v2\/product_cat?post=192347"},{"taxonomy":"product_tag","embeddable":true,"href":"https:\/\/baldumarket.lt\/lt\/wp-json\/wp\/v2\/product_tag?post=192347"}],"curies":[{"name":"wp","href":"https:\/\/api.w.org\/{rel}","templated":true}]}}