{"id":192315,"date":"2025-12-23T13:50:56","date_gmt":"2025-12-23T10:50:56","guid":{"rendered":"https:\/\/baldumarket.lt\/product\/lawa-kwadratowa-grado-80x80-kaszmirowa\/"},"modified":"2026-02-14T10:59:15","modified_gmt":"2026-02-14T07:59:15","slug":"lawa-kwadratowa-grado-80x80-kaszmirowa","status":"publish","type":"product","link":"https:\/\/baldumarket.lt\/lt\/product\/lawa-kwadratowa-grado-80x80-kaszmirowa\/","title":{"rendered":"GRADO kvadratinis kavos staliukas 80&#215;80 ka\u0161myro spalvos"},"content":{"rendered":"<p>Prakti\u0161kas GRADO kavos staliukas i\u0161 ka\u0161myro su erdviu stal\u010diumi<br \/>\nGRADO kavos staliukas i\u0161 \u201eAmore Colore\u201c kolekcijos \u2013 tai unikalus baldas, kuriame dera moderni forma ir funkcionalumas. Jo apvalus kvadratinis stalvir\u0161is, pagamintas i\u0161 auk\u0161tos kokyb\u0117s akrilo su aksominiu matiniu pavir\u0161iumi, ne tik atrodo i\u0161skirtinai eleganti\u0161kai, bet ir pasi\u017eymi padidintu atsparumu \u012fbr\u0117\u017eimams, auk\u0161tai temperat\u016brai (iki 100 \u00b0C) ir UV spinduliams. Be to, novatori\u0161ka apsauga nuo pir\u0161t\u0173 atspaud\u0173 suma\u017eina pir\u0161t\u0173 atspaud\u0173 matomum\u0105, tod\u0117l kasdien\u0117 prie\u017ei\u016bra tampa lengvesn\u0117 ir baldas ilgiau i\u0161lieka nepriekai\u0161tingas.<br \/>\nKavos staliuko pagrindas yra ma\u017eesnis, apvalus kvadratas, sukuriantis lengvumo poj\u016bt\u012f ir subtiliai i\u0161keliantis stalvir\u0161\u012f vir\u0161 grind\u0173. Subtil\u016bs \u201eAmore Colore\u201c kolekcijai b\u016bdingi dry\u017eiai puo\u0161ia vis\u0105 bald\u0105, suteikdami tekst\u016bros ir vizualinio gylio, pabr\u0117\u017edami baldo dizainerio charakter\u012f. Papildomas GRADO kavos staliuko privalumas \u2013 prakti\u0161kas 25 cm gylio stal\u010dius, pasl\u0117ptas stalvir\u0161yje. Tai puiki vieta laikyti naudingus daiktus, tokius kaip nuotolinio valdymo pulteliai, \u017eurnalai ar smulk\u016bs aksesuarai, tod\u0117l j\u016bs\u0173 svetain\u0117 i\u0161lieka tvarkinga ir esteti\u0161kai patraukli. D\u0117l unikalaus dizaino ir kruop\u0161\u010diai parinkt\u0173 med\u017eiag\u0173 GRADO kavos staliukas papildo kitus kolekcijos elementus, ypa\u010d PORTOFINO stal\u0105, sukurdamas darn\u0173 ir stiling\u0105 interjero dizain\u0105. Produkto savyb\u0117s<br \/>\nLenki\u0161kas produktas \u2013 tvirta meistri\u0161kumo klas\u0117 ir d\u0117mesys detal\u0117ms,<br \/>\nstalvir\u0161is pagamintas i\u0161 matinio akrilo su aksominiu pavir\u0161iumi,<br \/>\npadid\u0117j\u0119s atsparumas UV spinduliams \u2013 spalva ilgiau i\u0161lieka intensyvi,<br \/>\npavir\u0161ius atsparus \u012fbr\u0117\u017eimams ir auk\u0161tai temperat\u016brai (iki 100 \u00b0C),<br \/>\nspeciali apsaugin\u0117 danga nuo pir\u0161t\u0173 atspaud\u0173 suma\u017eina pir\u0161t\u0173 atspaud\u0173 matomum\u0105,<br \/>\nstabilus pagrindas su briaunota strukt\u016bra,<br \/>\nlengvas surinkimas d\u0117ka ai\u0161ki\u0173, iliustruot\u0173 instrukcij\u0173,<br \/>\nsavaranki\u0161kam surinkimui,<br \/>\nSi\u016blome plat\u0173 bald\u0173 pasirinkim\u0105, kad gal\u0117tum\u0117te visapusi\u0161kai \u012fsirengti savo namus.<\/p>","protected":false},"excerpt":{"rendered":"<p>Practical GRADO coffee table in cashmere with a spacious drawer The GRADO coffee table from the Amore Colore collection is a unique piece of furniture that combines modern form with functionality. Its rounded square top, made of high-quality acrylic with a velvety matte finish, not only looks exceptionally elegant but also boasts increased resistance to [&hellip;]<\/p>","protected":false},"featured_media":192316,"comment_status":"open","ping_status":"open","template":"","meta":[],"product_brand":[],"product_cat":[9607,866,4774],"product_tag":[],"class_list":{"0":"post-192315","1":"product","2":"type-product","3":"status-publish","4":"has-post-thumbnail","6":"product_cat-coffee-table-grado-80x80","7":"product_cat-coffee-tables","8":"product_cat-hubertus-design","10":"first","11":"instock","12":"purchasable","13":"product-type-simple"},"_links":{"self":[{"href":"https:\/\/baldumarket.lt\/lt\/wp-json\/wp\/v2\/product\/192315","targetHints":{"allow":["GET"]}}],"collection":[{"href":"https:\/\/baldumarket.lt\/lt\/wp-json\/wp\/v2\/product"}],"about":[{"href":"https:\/\/baldumarket.lt\/lt\/wp-json\/wp\/v2\/types\/product"}],"replies":[{"embeddable":true,"href":"https:\/\/baldumarket.lt\/lt\/wp-json\/wp\/v2\/comments?post=192315"}],"wp:featuredmedia":[{"embeddable":true,"href":"https:\/\/baldumarket.lt\/lt\/wp-json\/wp\/v2\/media\/192316"}],"wp:attachment":[{"href":"https:\/\/baldumarket.lt\/lt\/wp-json\/wp\/v2\/media?parent=192315"}],"wp:term":[{"taxonomy":"product_brand","embeddable":true,"href":"https:\/\/baldumarket.lt\/lt\/wp-json\/wp\/v2\/product_brand?post=192315"},{"taxonomy":"product_cat","embeddable":true,"href":"https:\/\/baldumarket.lt\/lt\/wp-json\/wp\/v2\/product_cat?post=192315"},{"taxonomy":"product_tag","embeddable":true,"href":"https:\/\/baldumarket.lt\/lt\/wp-json\/wp\/v2\/product_tag?post=192315"}],"curies":[{"name":"wp","href":"https:\/\/api.w.org\/{rel}","templated":true}]}}