{"id":192277,"date":"2025-12-23T13:49:00","date_gmt":"2025-12-23T10:49:00","guid":{"rendered":"https:\/\/baldumarket.lt\/product\/lawa-owalna-lumia-ac-68x100-bordowa-kaszmirowa\/"},"modified":"2026-02-14T12:02:51","modified_gmt":"2026-02-14T09:02:51","slug":"lawa-owalna-lumia-ac-68x100-bordowa-kaszmirowa","status":"publish","type":"product","link":"https:\/\/baldumarket.lt\/lt\/product\/lawa-owalna-lumia-ac-68x100-bordowa-kaszmirowa\/","title":{"rendered":"Ovalus kavos staliukas LUMIA AC 68&#215;100 bordo\/ka\u0161myro spalvos"},"content":{"rendered":"<p>Unikalus Lenkijoje pagamintas LUMIA kavos staliukas bordo ir ka\u0161myro spalvos<br \/>\nOvalus LUMIA kavos staliukas i\u0161 \u201eAmore Colore\u201c kolekcijos \u2013 tai unikalus \u201eHubertus\u201c dizainas, kuriame derinamas modernus minimalizmas ir subtili elegancija. Jo ovalus stalvir\u0161is, pagamintas i\u0161 auk\u0161tos kokyb\u0117s akrilo su aksominiu matiniu pavir\u0161iumi, ne tik \u017eavi sodria spalva, bet ir yra atsparus \u012fbr\u0117\u017eimams, kar\u0161\u010diui (iki 100 \u00b0C) ir UV spinduliams. Pir\u0161t\u0173 atspaudus sauganti danga suma\u017eina pir\u0161t\u0173 atspaudus, tod\u0117l stal\u0105 lengva kasdien pri\u017ei\u016br\u0117ti nepriekai\u0161tingos b\u016bkl\u0117s.<br \/>\nDizainerio sukurtas pagrindas puikiai papildo stalvir\u0161io form\u0105, remdamasis \u012f subtiliai kont\u016bruotas kojeles, suteikian\u010dias jam lengvumo poj\u016bt\u012f. Subtilus dry\u017ei\u0173 ra\u0161tas puo\u0161ia vis\u0105 stal\u010di\u0173, suteikdamas tekst\u016bros akcent\u0105 ir dinami\u0161k\u0105 patrauklum\u0105. Papildomas LUMIA kavos staliuko privalumas \u2013 prakti\u0161ka lentyna ir pasl\u0117ptas stal\u010dius, kurie padidina jo funkcionalum\u0105 ir suteikia vietos naudingiems daiktams laikyti. D\u0117l harmoningo estetikos ir naudojimo paprastumo derinio LUMIA puikiai dera su kitais \u201eAmore Colore\u201c kolekcijos baldais, sukurdamas eleganti\u0161k\u0105 ir darn\u0173 interjero dizain\u0105.<br \/>\nProdukto savyb\u0117s<br \/>\nLenki\u0161kas produktas \u2013 tvirta meistri\u0161kumo klas\u0117 ir d\u0117mesys detal\u0117ms,<br \/>\nstalvir\u0161is pagamintas i\u0161 matinio akrilo su aksominiu pavir\u0161iumi,<br \/>\npadid\u0117j\u0119s atsparumas UV spinduliams \u2013 spalva ilgiau i\u0161lieka intensyvi,<br \/>\npavir\u0161ius atsparus \u012fbr\u0117\u017eimams ir auk\u0161tai temperat\u016brai (iki 100 \u00b0C),<br \/>\nspeciali apsaugin\u0117 danga nuo pir\u0161t\u0173 atspaud\u0173 suma\u017eina pir\u0161t\u0173 atspaud\u0173 matomum\u0105,<br \/>\nstabilus pagrindas su briaunota strukt\u016bra,<br \/>\nerdvus stal\u010dius ir prakti\u0161ka lentyna,<br \/>\nlengvas surinkimas d\u0117ka ai\u0161ki\u0173, iliustruot\u0173 instrukcij\u0173,<br \/>\nreikalingas savaranki\u0161kas surinkimas,<br \/>\nSi\u016blome plat\u0173 bald\u0173 pasirinkim\u0105, kad gal\u0117tum\u0117te visapusi\u0161kai \u012fsirengti savo namus.<\/p>","protected":false},"excerpt":{"rendered":"<p>A unique Polish-made LUMIA coffee table in burgundy and cashmere The oval LUMIA coffee table from the Amore Colore collection is a unique design by Hubertus, combining modern minimalism with subtle elegance. Its oval tabletop, made of high-quality acrylic with a velvety matte finish, not only impresses with its rich color but is also scratch-resistant, [&hellip;]<\/p>","protected":false},"featured_media":192278,"comment_status":"open","ping_status":"open","template":"","meta":[],"product_brand":[],"product_cat":[9615,866,4774],"product_tag":[],"class_list":{"0":"post-192277","1":"product","2":"type-product","3":"status-publish","4":"has-post-thumbnail","6":"product_cat-coffee-table-lumia-hubertus","7":"product_cat-coffee-tables","8":"product_cat-hubertus-design","10":"first","11":"instock","12":"purchasable","13":"product-type-simple"},"_links":{"self":[{"href":"https:\/\/baldumarket.lt\/lt\/wp-json\/wp\/v2\/product\/192277","targetHints":{"allow":["GET"]}}],"collection":[{"href":"https:\/\/baldumarket.lt\/lt\/wp-json\/wp\/v2\/product"}],"about":[{"href":"https:\/\/baldumarket.lt\/lt\/wp-json\/wp\/v2\/types\/product"}],"replies":[{"embeddable":true,"href":"https:\/\/baldumarket.lt\/lt\/wp-json\/wp\/v2\/comments?post=192277"}],"wp:featuredmedia":[{"embeddable":true,"href":"https:\/\/baldumarket.lt\/lt\/wp-json\/wp\/v2\/media\/192278"}],"wp:attachment":[{"href":"https:\/\/baldumarket.lt\/lt\/wp-json\/wp\/v2\/media?parent=192277"}],"wp:term":[{"taxonomy":"product_brand","embeddable":true,"href":"https:\/\/baldumarket.lt\/lt\/wp-json\/wp\/v2\/product_brand?post=192277"},{"taxonomy":"product_cat","embeddable":true,"href":"https:\/\/baldumarket.lt\/lt\/wp-json\/wp\/v2\/product_cat?post=192277"},{"taxonomy":"product_tag","embeddable":true,"href":"https:\/\/baldumarket.lt\/lt\/wp-json\/wp\/v2\/product_tag?post=192277"}],"curies":[{"name":"wp","href":"https:\/\/api.w.org\/{rel}","templated":true}]}}