{"id":192260,"date":"2025-12-23T13:48:15","date_gmt":"2025-12-23T10:48:15","guid":{"rendered":"https:\/\/baldumarket.lt\/product\/komoda-meduno-163-2d4s-granatowa\/"},"modified":"2026-02-14T11:55:37","modified_gmt":"2026-02-14T08:55:37","slug":"komoda-meduno-163-2d4s-granatowa","status":"publish","type":"product","link":"https:\/\/baldumarket.lt\/lt\/produktas\/komoda-meduno-163-2d4s-granatowa\/","title":{"rendered":"MEDUNO 163 2D4S tamsiai m\u0117lyna komoda"},"content":{"rendered":"<p>Tamsiai m\u0117lyna MEDUNO komoda su keturiais erdviais stal\u010diais, matin\u0117s apdailos<br \/>\n\u201eAmore Colore\u201c kolekcijos komoda \u201eMeduno\u201c derina modern\u0173 elegancij\u0105 su i\u0161skirtiniu funkcionalumu. Harmoningai apvali forma ir subtilios, briaunuotos tekst\u016bros \u0161onin\u0117s panel\u0117s suteikia baldui subtilaus lengvumo ir pabr\u0117\u017eia dizainerio charakter\u012f. Matinis, aksominis akrilinis pavir\u0161ius ne tik d\u017eiugina sodria spalva, bet ir pasi\u017eymi antipirenin\u0117mis savyb\u0117mis, tod\u0117l komod\u0105 lengva i\u0161laikyti nepriekai\u0161tingos b\u016bkl\u0117s.<br \/>\nKomoda turi keturis erdvius stal\u010dius su atidarymo spustel\u0117jus sistema ir sinchroniniais b\u0117geliais, kad atsidaryt\u0173 skland\u017eiai ir tyliai. Be to, \u0161oniniuose skyriuose yra dvi lentynos, kuriose galite susitvarkyti b\u016btiniausius daiktus. Tvirta konstrukcija ir kruop\u0161\u010diai pagamintos detal\u0117s paver\u010dia \u201eMeduno\u201c ne tik prakti\u0161ku, bet ir i\u0161skirtinai \u012fsp\u016bdingu interjero dizaino elementu. Produkto savyb\u0117s<br \/>\nLenki\u0161kas produktas,<br \/>\ntrys erdv\u016bs stal\u010diai,<br \/>\nmatmenys: 90 x 163 x 48 cm,<br \/>\npadid\u0117j\u0119s atsparumas UV spinduliams \u2013 spalva ilgiau i\u0161lieka intensyvi,<br \/>\natsparus \u012fbr\u0117\u017eimams ir kar\u0161\u010diui (iki 100 \u00b0C) pavir\u0161ius,<br \/>\nspeciali apsaugin\u0117 danga nuo pir\u0161t\u0173 atspaud\u0173 suma\u017eina pir\u0161t\u0173 atspaud\u0173 matomum\u0105,<br \/>\npaspaudimo atidarymo sistema,<br \/>\nsavaranki\u0161kam surinkimui,<br \/>\nlengvas surinkimas d\u0117ka ai\u0161ki\u0173, iliustruot\u0173 instrukcij\u0173,<br \/>\nSi\u016blome plat\u0173 bald\u0173 pasirinkim\u0105, kad gal\u0117tum\u0117te visapusi\u0161kai \u012fsirengti savo namus.<\/p>","protected":false},"excerpt":{"rendered":"<p>Tamsiai m\u0117lyna MEDUNO komoda su keturiais erdviais stal\u010diais, matin\u0117s apdailos. \u201eAmore Colore\u201c kolekcijos \u201eMeduno\u201c komoda derina modern\u0173 elegancij\u0105 su i\u0161skirtiniu funkcionalumu. Harmoningai apvali forma ir subtilios, briaunotos tekst\u016bros \u0161onin\u0117s panel\u0117s suteikia baldui subtilaus lengvumo ir pabr\u0117\u017eia jo dizainerio charakter\u012f. Matin\u0117, [\u2026]<\/p>","protected":false},"featured_media":192261,"comment_status":"open","ping_status":"open","template":"","meta":[],"product_brand":[],"product_cat":[9613,1173,4774],"product_tag":[],"class_list":{"0":"post-192260","1":"product","2":"type-product","3":"status-publish","4":"has-post-thumbnail","6":"product_cat-dresser-meduno-hubertus","7":"product_cat-chests-of-drawers","8":"product_cat-hubertus-design","10":"first","11":"instock","12":"purchasable","13":"product-type-simple"},"_links":{"self":[{"href":"https:\/\/baldumarket.lt\/lt\/wp-json\/wp\/v2\/product\/192260","targetHints":{"allow":["GET"]}}],"collection":[{"href":"https:\/\/baldumarket.lt\/lt\/wp-json\/wp\/v2\/product"}],"about":[{"href":"https:\/\/baldumarket.lt\/lt\/wp-json\/wp\/v2\/types\/product"}],"replies":[{"embeddable":true,"href":"https:\/\/baldumarket.lt\/lt\/wp-json\/wp\/v2\/comments?post=192260"}],"wp:featuredmedia":[{"embeddable":true,"href":"https:\/\/baldumarket.lt\/lt\/wp-json\/wp\/v2\/media\/192261"}],"wp:attachment":[{"href":"https:\/\/baldumarket.lt\/lt\/wp-json\/wp\/v2\/media?parent=192260"}],"wp:term":[{"taxonomy":"product_brand","embeddable":true,"href":"https:\/\/baldumarket.lt\/lt\/wp-json\/wp\/v2\/product_brand?post=192260"},{"taxonomy":"product_cat","embeddable":true,"href":"https:\/\/baldumarket.lt\/lt\/wp-json\/wp\/v2\/product_cat?post=192260"},{"taxonomy":"product_tag","embeddable":true,"href":"https:\/\/baldumarket.lt\/lt\/wp-json\/wp\/v2\/product_tag?post=192260"}],"curies":[{"name":"wp","href":"https:\/\/api.w.org\/{rel}","templated":true}]}}