{"id":192216,"date":"2025-12-23T13:46:05","date_gmt":"2025-12-23T10:46:05","guid":{"rendered":"https:\/\/baldumarket.lt\/product\/szafka-rtv-mileto-163-mietowa\/"},"modified":"2026-02-14T12:21:13","modified_gmt":"2026-02-14T09:21:13","slug":"szafka-rtv-mileto-163-mietowa","status":"publish","type":"product","link":"https:\/\/baldumarket.lt\/lt\/product\/szafka-rtv-mileto-163-mietowa\/","title":{"rendered":"TV spintel\u0117 MILETO 163 m\u0117tin\u0117"},"content":{"rendered":"<p>Stilingas Lenkijoje pagamintas MILETO televizoriaus staliukas m\u0117t\u0173 \u017ealios spalvos<br \/>\n\u201eMileto\u201c televizoriaus staliukas i\u0161 \u201eAmore Colore\u201c kolekcijos derina moderni\u0105 estetik\u0105 ir funkcionalum\u0105, tod\u0117l jis tampa bet kurio eleganti\u0161ko interjero traukos centru. Ovali forma ir subtiliai u\u017eapvalinti \u0161onai su dekoratyvin\u0117mis juostel\u0117mis suteikia jam lengvumo ir rafinuotumo. Matinis, \u0161velnus akrilinis pavir\u0161ius ne tik pabr\u0117\u017eia prabangi\u0105 i\u0161vaizd\u0105, bet ir pasi\u017eymi savyb\u0117mis, apsaugan\u010diomis nuo pir\u0161t\u0173 atspaud\u0173, tod\u0117l j\u012f lengva valyti.<br \/>\nStaliukas turi erdv\u0173 stal\u010di\u0173 ir atvir\u0105 lentyn\u0105, puikiai tinkan\u010di\u0105 televizijos \u012frangai. \u0160oniniai skyriai su papildomomis lentynomis leid\u017eia patogiai laikyti priedus, u\u017etikrinant tvark\u0105 ir organizuotum\u0105. Paspaudus atidarymo sistema ir sinchroniniai b\u0117geliai u\u017etikrina tyl\u0173 ir skland\u0173 atidarym\u0105, pabr\u0117\u017eiant modern\u0173 baldo charakter\u012f. \u201eMileto\u201c yra ne tik funkcionalus televizoriaus staliukas, bet ir dizainerio interjero elementas, harmoningai derinantis elegancij\u0105 su kasdieniu komfortu. Produkto savyb\u0117s<br \/>\nLenki\u0161kas produktas,<br \/>\nerdvus stal\u010dius,<br \/>\natvira lentyna,<br \/>\nu\u017edaros spintel\u0117s su vidin\u0117mis lentynomis,<br \/>\nmatmenys: 54 x 163 x 48 cm,<br \/>\npadid\u0117j\u0119s atsparumas UV spinduliams \u2013 spalva ilgiau i\u0161lieka intensyvi,<br \/>\natsparus \u012fbr\u0117\u017eimams ir kar\u0161\u010diui (iki 100 \u00b0C) pavir\u0161ius,<br \/>\nspeciali apsaugin\u0117 danga nuo pir\u0161t\u0173 atspaud\u0173 suma\u017eina pir\u0161t\u0173 atspaud\u0173 matomum\u0105,<br \/>\npaspaudimo atidarymo sistema,<br \/>\nsavaranki\u0161kam surinkimui,<br \/>\nlengvas surinkimas d\u0117ka ai\u0161ki\u0173, iliustruot\u0173 instrukcij\u0173,<br \/>\nSi\u016blome plat\u0173 bald\u0173 pasirinkim\u0105, kad gal\u0117tum\u0117te visapusi\u0161kai \u012fsirengti savo namus.<\/p>","protected":false},"excerpt":{"rendered":"<p>Stilingas Lenkijoje pagamintas MILETO televizoriaus staliukas m\u0117t\u0173 \u017ealios spalvos. \u201eMileto\u201c televizoriaus staliukas i\u0161 \u201eAmore Colore\u201c kolekcijos derina moderni\u0105 estetik\u0105 ir funkcionalum\u0105, tod\u0117l tampa bet kurio eleganti\u0161ko interjero traukos centru. Ovali forma ir subtiliai u\u017eapvalinti \u0161onai su dekoratyvin\u0117mis juostel\u0117mis suteikia jam lengvumo ir rafinuotumo. Matinis, \u0161velnus akrilinis pavir\u0161ius ne tik [\u2026]<\/p>","protected":false},"featured_media":192217,"comment_status":"open","ping_status":"open","template":"","meta":[],"product_brand":[],"product_cat":[9620,4774,1175],"product_tag":[],"class_list":{"0":"post-192216","1":"product","2":"type-product","3":"status-publish","4":"has-post-thumbnail","6":"product_cat-rtv-mileto-hubertus","7":"product_cat-hubertus-design","8":"product_cat-tv-stands","10":"first","11":"instock","12":"purchasable","13":"product-type-simple"},"_links":{"self":[{"href":"https:\/\/baldumarket.lt\/lt\/wp-json\/wp\/v2\/product\/192216","targetHints":{"allow":["GET"]}}],"collection":[{"href":"https:\/\/baldumarket.lt\/lt\/wp-json\/wp\/v2\/product"}],"about":[{"href":"https:\/\/baldumarket.lt\/lt\/wp-json\/wp\/v2\/types\/product"}],"replies":[{"embeddable":true,"href":"https:\/\/baldumarket.lt\/lt\/wp-json\/wp\/v2\/comments?post=192216"}],"wp:featuredmedia":[{"embeddable":true,"href":"https:\/\/baldumarket.lt\/lt\/wp-json\/wp\/v2\/media\/192217"}],"wp:attachment":[{"href":"https:\/\/baldumarket.lt\/lt\/wp-json\/wp\/v2\/media?parent=192216"}],"wp:term":[{"taxonomy":"product_brand","embeddable":true,"href":"https:\/\/baldumarket.lt\/lt\/wp-json\/wp\/v2\/product_brand?post=192216"},{"taxonomy":"product_cat","embeddable":true,"href":"https:\/\/baldumarket.lt\/lt\/wp-json\/wp\/v2\/product_cat?post=192216"},{"taxonomy":"product_tag","embeddable":true,"href":"https:\/\/baldumarket.lt\/lt\/wp-json\/wp\/v2\/product_tag?post=192216"}],"curies":[{"name":"wp","href":"https:\/\/api.w.org\/{rel}","templated":true}]}}