{"id":192202,"date":"2025-12-23T13:45:18","date_gmt":"2025-12-23T10:45:18","guid":{"rendered":"https:\/\/baldumarket.lt\/product\/stol-rozkladany-solo-lux-100144x100-bialy-marmur-czarny-polysk\/"},"modified":"2026-02-14T11:05:10","modified_gmt":"2026-02-14T08:05:10","slug":"stol-rozkladany-solo-lux-100144x100-bialy-marmur-czarny-polysk","status":"publish","type":"product","link":"https:\/\/baldumarket.lt\/lt\/product\/stol-rozkladany-solo-lux-100144x100-bialy-marmur-czarny-polysk\/","title":{"rendered":"SOLO LUX i\u0161skleid\u017eiamas stalas 100(144)x100 baltas marmuras\/juoda blizgi spalva"},"content":{"rendered":"<p>SOLO 6 viet\u0173 apvalus i\u0161traukiamas stalas<br \/>\nI\u0161traukiamas stalas SOLO \u2013 tai unikalus lenki\u0161kas gaminys, sukurtas galvojant apie modern\u0173 interjer\u0105. Minimalistinis dizainas ir madingos spalvos puikiai tinka bet kokiam dekorui, nepaisant dabartini\u0173 tendencij\u0173. Stalvir\u0161is pagamintas i\u0161 MDF plok\u0161t\u0117s, o jo pavir\u0161ius atspausdintas naudojant novatori\u0161k\u0105 skyst\u0173 polimerini\u0173 da\u017e\u0173 spausdinimo technologij\u0105. Tai sukietina spaud\u0105, tod\u0117l ra\u0161tas tampa patvarus ir stulbinamai gra\u017eus. A\u0161tuonkamp\u0117 stalo koja ir pagrindas pagaminti i\u0161 MDF plok\u0161t\u0117s su blizgia akrilo matine apdaila. Pagrindinis \u0161ios med\u017eiagos privalumas \u2013 padid\u0117j\u0119s atsparumas \u012fbr\u0117\u017eimams, UV spinduliams ir auk\u0161tai temperat\u016brai iki 100 \u00b0C, tod\u0117l jis yra itin patvarus ir lengvai pri\u017ei\u016brimas. Gamintojas rekomenduoja \u0161velniai valyti stal\u0105 \u0161iek tiek dr\u0117gna mikropluo\u0161to \u0161luoste, nenaudojant plovikli\u0173, kad ilgiau i\u0161laikyt\u0173 puiki\u0105 jo i\u0161vaizd\u0105. Vienakojas stalas ne tik garantuoja stabilum\u0105, bet, svarbiausia, suteikia patog\u0173 s\u0117d\u0117jim\u0105. Jo konstrukcija leid\u017eia patogiai naudotis, nesibaiminant d\u0117l nemaloni\u0173 sm\u016bgi\u0173 \u012f kojas. Stalas turi sinchroninius rutulinius guolius, tod\u0117l j\u012f nepaprastai lengva ir be vargo i\u0161traukti. Tiesiog patraukite stalvir\u0161\u012f i\u0161 vienos pus\u0117s, ir kita tuo pa\u010diu metu i\u0161trauks. I\u0161traukiamas stalas tiekiamas su vienu prailginimo \u012fd\u0117klu, kuris laikomas po stalvir\u0161iu. Apvalus SOLO i\u0161traukiamo stalo stalvir\u0161is taip pat leid\u017eia patogiai sus\u0117sti daugiau \u017emoni\u0173 nei prie tradicini\u0173 keturkoj\u0173 stal\u0173, tod\u0117l tai puikus pasirinkimas \u0161eimos susib\u016brimams ar vakar\u0117liams su draugais.<br \/>\nLenki\u0161kas produktas,<br \/>\nMDF stalvir\u0161is su spauda, pagaminta naudojant skystus polimerinius da\u017eus,<br \/>\napvalus, i\u0161traukiamas stalvir\u0161is su balto marmuro apdaila (\u201eVenatino White\u201c),<br \/>\nMDF pagrindas, padengtas blizgiu akriliniu kilim\u0117liu,<br \/>\nblizgus juodas pagrindas,<br \/>\npo stalvir\u0161iu pasl\u0117ptas prailginamas \u012fd\u0117klas,<br \/>\napr\u016bpinti sinchroniniais rutuliniais guoliais,<br \/>\na\u0161tuonkamp\u0117 koja,<br \/>\nsavaranki\u0161kam surinkimui,<br \/>\nSi\u016blome plat\u0173 bald\u0173 pasirinkim\u0105, leid\u017eiant\u012f pilnai \u012frengti savo namus.<\/p>","protected":false},"excerpt":{"rendered":"<p>MATMENYS<br \/>\nIlgis \u2013 [cm] 100<br \/>\nPlotis \u2013 [cm] 100<br \/>\n\u016agis \u2013 [cm] 75<br \/>\nSTATYBA<br \/>\nStalo tipas \u2013 i\u0161skleid\u017eiamas<br \/>\nVir\u0161utin\u0117 forma \u2013 apvali<br \/>\nVir\u0161utinio pavir\u0161iaus tipas \u2013 MDF<br \/>\nVir\u0161utin\u0117 spalva \u2013 baltas marmuras<br \/>\nKojeli\u0173 tipas \u2013 MDF<br \/>\nKoj\u0173 spalva \u2013 blizgi juoda<br \/>\nSvoris \u2013 [kg] 60<\/p>","protected":false},"featured_media":192203,"comment_status":"open","ping_status":"open","template":"","meta":[],"product_brand":[],"product_cat":[9609,4774,1934],"product_tag":[],"class_list":{"0":"post-192202","1":"product","2":"type-product","3":"status-publish","4":"has-post-thumbnail","6":"product_cat-table-solo-lux-hubertus","7":"product_cat-hubertus-design","8":"product_cat-tables","10":"first","11":"instock","12":"purchasable","13":"product-type-simple"},"_links":{"self":[{"href":"https:\/\/baldumarket.lt\/lt\/wp-json\/wp\/v2\/product\/192202","targetHints":{"allow":["GET"]}}],"collection":[{"href":"https:\/\/baldumarket.lt\/lt\/wp-json\/wp\/v2\/product"}],"about":[{"href":"https:\/\/baldumarket.lt\/lt\/wp-json\/wp\/v2\/types\/product"}],"replies":[{"embeddable":true,"href":"https:\/\/baldumarket.lt\/lt\/wp-json\/wp\/v2\/comments?post=192202"}],"wp:featuredmedia":[{"embeddable":true,"href":"https:\/\/baldumarket.lt\/lt\/wp-json\/wp\/v2\/media\/192203"}],"wp:attachment":[{"href":"https:\/\/baldumarket.lt\/lt\/wp-json\/wp\/v2\/media?parent=192202"}],"wp:term":[{"taxonomy":"product_brand","embeddable":true,"href":"https:\/\/baldumarket.lt\/lt\/wp-json\/wp\/v2\/product_brand?post=192202"},{"taxonomy":"product_cat","embeddable":true,"href":"https:\/\/baldumarket.lt\/lt\/wp-json\/wp\/v2\/product_cat?post=192202"},{"taxonomy":"product_tag","embeddable":true,"href":"https:\/\/baldumarket.lt\/lt\/wp-json\/wp\/v2\/product_tag?post=192202"}],"curies":[{"name":"wp","href":"https:\/\/api.w.org\/{rel}","templated":true}]}}