{"id":192196,"date":"2025-12-23T13:45:00","date_gmt":"2025-12-23T10:45:00","guid":{"rendered":"https:\/\/baldumarket.lt\/product\/stol-rozkladany-solo-lux-100144x100-dab-czarny\/"},"modified":"2026-02-14T11:05:10","modified_gmt":"2026-02-14T08:05:10","slug":"stol-rozkladany-solo-lux-100144x100-dab-czarny","status":"publish","type":"product","link":"https:\/\/baldumarket.lt\/lt\/product\/stol-rozkladany-solo-lux-100144x100-dab-czarny\/","title":{"rendered":"I\u0161traukiamas stalas SOLO LUX 100(144)x100 \u0105\u017euolo\/juodos spalvos"},"content":{"rendered":"<p>Prakti\u0161kas SOLO i\u0161traukiamas stalas su sinchroniniais b\u0117geliais<br \/>\nI\u0161traukiamas stalas SOLO \u2013 tai unikalus lenki\u0161kas gaminys, sukurtas galvojant apie modern\u0173 interjer\u0105. Minimalistinis dizainas ir madingos spalvos puikiai tinka bet kokiam interjerui, nepaisant dabartini\u0173 tendencij\u0173. Stalas pagamintas i\u0161 auk\u0161tos kokyb\u0117s melaminu dengtos plok\u0161t\u0117s, o vir\u0161utin\u0117 ir apatin\u0117 pagrindo dalys yra pana\u0161ios \u012f nat\u016brali\u0105 medien\u0105, saul\u0117to \u0105\u017euolo spalvos. Lik\u0119 elementai yra nesenstan\u010dios juodos spalvos. Melaminu dengta plok\u0161t\u0117 pasi\u017eymi padidintu atsparumu \u012fbr\u0117\u017eimams ir UV spinduliams, tod\u0117l ji nei\u0161bluks net ir pastatyta tiesioginiuose saul\u0117s spinduliuose. D\u0117l didel\u0117s stalvir\u0161io \u0161ilumin\u0117s var\u017eos (iki 100 \u00b0C) lengva ant jo pad\u0117ti kar\u0161tus patiekalus. Stalas su viena koja ne tik garantuoja stabilum\u0105, bet, svarbiausia, suteikia jud\u0117jimo laisv\u0119 s\u0117dint. Jo konstrukcija leid\u017eia patogiai naudotis, nerizikuojant atsitrenkti \u012f kojas. Stalas turi sinchroninius rutulinius guolius, tod\u0117l j\u012f nepaprastai lengva ir lengva i\u0161traukti. Tiesiog patraukite stalvir\u0161\u012f i\u0161 vienos pus\u0117s, ir kita i\u0161skleisis tuo pa\u010diu metu. I\u0161traukiamas stalas tiekiamas su vienu prailginimo \u012fd\u0117klu, kuris laikomas po stalvir\u0161iu. Apvalus SOLO i\u0161traukiamo stalo stalvir\u0161is taip pat patogiai talpina daugiau \u017emoni\u0173 nei tradiciniai keturkojai stalai, tod\u0117l tai puikus pasirinkimas \u0161eimos susib\u016brimams ar vakar\u0117liams su draugais.<br \/>\nProdukto savyb\u0117s<br \/>\nLenki\u0161kas produktas,<br \/>\nStalas pagamintas i\u0161 melaminu dengtos plok\u0161t\u0117s,<br \/>\nVir\u0161utin\u0117 ir apatin\u0117 pagrindo dalys saul\u0117s \u0105\u017euolo spalvos su nat\u016braliu medienos ra\u0161tu,<br \/>\nKiti stalo elementai juodos spalvos,<br \/>\nMelaminu dengta plok\u0161t\u0117, atspari \u012fbr\u0117\u017eimams, UV spinduliams ir auk\u0161tai temperat\u016brai iki 100 \u00b0C,<br \/>\nI\u0161traukiamas \u012fd\u0117klas, laikomas po stalvir\u0161iu,<br \/>\n\u012erengti sinchroniniais rutuliniais guoliais,<br \/>\nA\u0161tuonkamp\u0117 koja,<br \/>\nSavaranki\u0161kas surinkimas,<br \/>\nSi\u016blome plat\u0173 bald\u0173 pasirinkim\u0105, skirt\u0105 pilnam nam\u0173 apstatymo sprendimui.<\/p>","protected":false},"excerpt":{"rendered":"<p>MATMENYS<br \/>\nIlgis \u2013 [cm] 100<br \/>\nPlotis \u2013 [cm] 100<br \/>\n\u016agis \u2013 [cm] 75<br \/>\nSTATYBA<br \/>\nStalo tipas \u2013 i\u0161skleid\u017eiamas<br \/>\nVir\u0161utin\u0117 forma \u2013 apvali<br \/>\nVir\u0161utinis tipas \u2013 melaminu dengta plok\u0161t\u0117<br \/>\nVir\u0161utin\u0117 spalva \u2013 saul\u0117s ap\u0161viestas \u0105\u017euolas<br \/>\nKojeli\u0173 tipas \u2013 melaminu dengta plok\u0161t\u0117<br \/>\nKoj\u0173 spalva \u2013 saul\u0117s ap\u0161viestas \u0105\u017euolas \/ juoda<br \/>\nSvoris \u2013 [kg] 60<\/p>","protected":false},"featured_media":192197,"comment_status":"open","ping_status":"open","template":"","meta":[],"product_brand":[],"product_cat":[9609,4774,1934],"product_tag":[],"class_list":{"0":"post-192196","1":"product","2":"type-product","3":"status-publish","4":"has-post-thumbnail","6":"product_cat-table-solo-lux-hubertus","7":"product_cat-hubertus-design","8":"product_cat-tables","10":"first","11":"instock","12":"purchasable","13":"product-type-simple"},"_links":{"self":[{"href":"https:\/\/baldumarket.lt\/lt\/wp-json\/wp\/v2\/product\/192196","targetHints":{"allow":["GET"]}}],"collection":[{"href":"https:\/\/baldumarket.lt\/lt\/wp-json\/wp\/v2\/product"}],"about":[{"href":"https:\/\/baldumarket.lt\/lt\/wp-json\/wp\/v2\/types\/product"}],"replies":[{"embeddable":true,"href":"https:\/\/baldumarket.lt\/lt\/wp-json\/wp\/v2\/comments?post=192196"}],"wp:featuredmedia":[{"embeddable":true,"href":"https:\/\/baldumarket.lt\/lt\/wp-json\/wp\/v2\/media\/192197"}],"wp:attachment":[{"href":"https:\/\/baldumarket.lt\/lt\/wp-json\/wp\/v2\/media?parent=192196"}],"wp:term":[{"taxonomy":"product_brand","embeddable":true,"href":"https:\/\/baldumarket.lt\/lt\/wp-json\/wp\/v2\/product_brand?post=192196"},{"taxonomy":"product_cat","embeddable":true,"href":"https:\/\/baldumarket.lt\/lt\/wp-json\/wp\/v2\/product_cat?post=192196"},{"taxonomy":"product_tag","embeddable":true,"href":"https:\/\/baldumarket.lt\/lt\/wp-json\/wp\/v2\/product_tag?post=192196"}],"curies":[{"name":"wp","href":"https:\/\/api.w.org\/{rel}","templated":true}]}}