{"id":192192,"date":"2025-12-23T13:44:53","date_gmt":"2025-12-23T10:44:53","guid":{"rendered":"https:\/\/baldumarket.lt\/product\/stol-okragly-raveo-100x100-bialy-polysk\/"},"modified":"2026-02-14T12:09:23","modified_gmt":"2026-02-14T09:09:23","slug":"stol-okragly-raveo-100x100-bialy-polysk","status":"publish","type":"product","link":"https:\/\/baldumarket.lt\/lt\/product\/stol-okragly-raveo-100x100-bialy-polysk\/","title":{"rendered":"RAVEO apvalus stalas 100\u00d7100 baltas blizgus"},"content":{"rendered":"<p>Lenki\u0161kas RAVEO apvalus valgomojo stalas<br \/>\nRAVEO apvalus stalas derina funkcionalum\u0105 ir patraukl\u0173 dizain\u0105, tod\u0117l jis yra puiki susitikim\u0173 vieta bet kuriame interjere, taip pat dekoratyvinis elementas bet kuriame kambaryje. \u0160is Lenkijoje pagamintas valgomojo stalas pagamintas i\u0161 auk\u0161tos kokyb\u0117s MDF plok\u0161t\u0117s, padengtos akriliniu kilim\u0117liu, suteikian\u010diu jai blizgan\u010di\u0105, veidrod\u012f primenan\u010di\u0105 apdail\u0105. \u0160i med\u017eiaga pasi\u017eymi puikiu atsparumu \u012fbr\u0117\u017eimams, UV spinduliams ir auk\u0161tai temperat\u016brai. Gamintojas rekomenduoja vienakoj\u012f stal\u0105 valyti lengvai sudr\u0117kinta mikropluo\u0161to \u0161luoste be plovikli\u0173, kad jis daugel\u012f met\u0173 i\u0161laikyt\u0173 nepriekai\u0161ting\u0105 i\u0161vaizd\u0105. Modernus RAVEO apvalus stalas pasi\u017eymi \u012fdomiai suprojektuotu pagrindu, sudarytu i\u0161 trij\u0173 tarpusavyje sujungt\u0173 kolon\u0173, kurios traukia ak\u012f ir leid\u017eia patogiai s\u0117d\u0117ti, nebijant atsitrenkti \u012f kojas. Be to, apvalus stalas turi prana\u0161um\u0105, nes prie jo telpa daugiau \u017emoni\u0173 nei prie tradicinio stalo. Produkto savyb\u0117s<br \/>\nLenki\u0161kas produktas,<br \/>\napvalus stalas valgomajam ir svetainei,<br \/>\nstalas pagamintas i\u0161 MDF plok\u0161t\u0117s, padengtos blizgiu akriliniu kilim\u0117liu,<br \/>\nreikalingas savaranki\u0161kas surinkimas,<br \/>\nSi\u016blome plat\u0173 bald\u0173 pasirinkim\u0105, leid\u017eiant\u012f pilnai \u012frengti namus.<\/p>","protected":false},"excerpt":{"rendered":"<p>Lenki\u0161kas RAVEO apvalus valgomojo stalas RAVEO apvalus stalas derina funkcionalum\u0105 ir patraukl\u0173 dizain\u0105, tod\u0117l jis yra puiki susitikim\u0173 vieta bet kuriame interjere, taip pat dekoratyvinis elementas bet kuriame kambaryje. \u0160is Lenkijoje pagamintas valgomojo stalas pagamintas i\u0161 auk\u0161tos kokyb\u0117s MDF plok\u0161t\u0117s, padengtos akriliniu kilim\u0117liu, suteikian\u010diu jam blizgi\u0105 apdail\u0105, primenan\u010di\u0105 veidrod\u012f. [\u2026]<\/p>","protected":false},"featured_media":192193,"comment_status":"open","ping_status":"open","template":"","meta":[],"product_brand":[],"product_cat":[9617,4774,1934],"product_tag":[],"class_list":{"0":"post-192192","1":"product","2":"type-product","3":"status-publish","4":"has-post-thumbnail","6":"product_cat-table-raveo-hubertus","7":"product_cat-hubertus-design","8":"product_cat-tables","10":"first","11":"instock","12":"purchasable","13":"product-type-simple"},"_links":{"self":[{"href":"https:\/\/baldumarket.lt\/lt\/wp-json\/wp\/v2\/product\/192192","targetHints":{"allow":["GET"]}}],"collection":[{"href":"https:\/\/baldumarket.lt\/lt\/wp-json\/wp\/v2\/product"}],"about":[{"href":"https:\/\/baldumarket.lt\/lt\/wp-json\/wp\/v2\/types\/product"}],"replies":[{"embeddable":true,"href":"https:\/\/baldumarket.lt\/lt\/wp-json\/wp\/v2\/comments?post=192192"}],"wp:featuredmedia":[{"embeddable":true,"href":"https:\/\/baldumarket.lt\/lt\/wp-json\/wp\/v2\/media\/192193"}],"wp:attachment":[{"href":"https:\/\/baldumarket.lt\/lt\/wp-json\/wp\/v2\/media?parent=192192"}],"wp:term":[{"taxonomy":"product_brand","embeddable":true,"href":"https:\/\/baldumarket.lt\/lt\/wp-json\/wp\/v2\/product_brand?post=192192"},{"taxonomy":"product_cat","embeddable":true,"href":"https:\/\/baldumarket.lt\/lt\/wp-json\/wp\/v2\/product_cat?post=192192"},{"taxonomy":"product_tag","embeddable":true,"href":"https:\/\/baldumarket.lt\/lt\/wp-json\/wp\/v2\/product_tag?post=192192"}],"curies":[{"name":"wp","href":"https:\/\/api.w.org\/{rel}","templated":true}]}}