{"id":192176,"date":"2025-12-23T13:44:00","date_gmt":"2025-12-23T10:44:00","guid":{"rendered":"https:\/\/baldumarket.lt\/product\/stol-okragly-raveo-100x100-bialy-marmur-venatino-bialy-polysk\/"},"modified":"2026-02-14T12:09:14","modified_gmt":"2026-02-14T09:09:14","slug":"stol-okragly-raveo-100x100-bialy-marmur-venatino-bialy-polysk","status":"publish","type":"product","link":"https:\/\/baldumarket.lt\/lt\/product\/stol-okragly-raveo-100x100-bialy-marmur-venatino-bialy-polysk\/","title":{"rendered":"RAVEO apvalus stalas 100\u00d7100 baltas venatino marmuras\/blizgi balta"},"content":{"rendered":"<p>Tvirtas RAVEO apvalus stalas su viena koja<br \/>\nRAVEO apvalus stalas derina funkcionalum\u0105 ir patraukl\u0173 dizain\u0105, tod\u0117l tai puiki susitikim\u0173 vieta bet kokiame interjere, taip pat dekoratyvinis elementas bet kurioje patalpoje, kurioje jis pastatytas. Stalvir\u0161is pagamintas i\u0161 MDF plok\u0161t\u0117s, o jo pavir\u0161ius atspausdintas naudojant novatori\u0161k\u0105 skyst\u0173 polimerini\u0173 da\u017e\u0173 spausdinimo technologij\u0105. Tai sukietina spaud\u0105, tod\u0117l ra\u0161tas tampa patvarus ir stulbinamai gra\u017eus. \u0160is dizainerio valgomojo stalas turi auk\u0161tos kokyb\u0117s MDF koja, padengta akriliniu kilim\u0117liu, suteikian\u010diu jam blizgan\u010di\u0105, veidrodin\u0119 apdail\u0105. \u0160i med\u017eiaga pasi\u017eymi dideliu atsparumu \u012fbr\u0117\u017eimams, apsauga nuo UV spinduli\u0173 ir auk\u0161tai temperat\u016brai. Gamintojas rekomenduoja vienos kojos stal\u0105 valyti lengvai sudr\u0117kinta mikropluo\u0161to \u0161luoste be plovikli\u0173, kad jis i\u0161laikyt\u0173 nepriekai\u0161ting\u0105 i\u0161vaizd\u0105 ilgus metus. Modernus RAVEO apvalus stalas pasi\u017eymi \u012fdomiai suprojektuotu pagrindu, sudarytu i\u0161 trij\u0173 sujungt\u0173 kolon\u0173, kurios patraukia d\u0117mes\u012f ir leid\u017eia patogiai s\u0117d\u0117ti, nesibaiminant, kad kojos atsitrenks \u012f stal\u0105. Be to, apvalus stalas turi prana\u0161um\u0105, nes prie jo telpa daugiau \u017emoni\u0173 nei prie tradicinio stalo.<br \/>\nProdukto savyb\u0117s<br \/>\nLenki\u0161kas produktas,<br \/>\nApvalus stalas valgomajam ir svetainei,<br \/>\nMDF stalvir\u0161is su spauda, pagaminta naudojant skyst\u0173 polimerini\u0173 da\u017e\u0173 technologij\u0105,<br \/>\nVenatino balto marmuro apdaila,<br \/>\nMDF pagrindas su blizgiu akriliniu kilim\u0117liu,<br \/>\nBlizgus baltas pagrindas,<br \/>\nReikalingas savaranki\u0161kas surinkimas,<br \/>\nSi\u016blome plat\u0173 bald\u0173 pasirinkim\u0105, skirt\u0105 pilnam nam\u0173 apstatymo sprendimui.<\/p>","protected":false},"excerpt":{"rendered":"<p>Tvirtas RAVEO apvalus stalas su viena koja. RAVEO apvalus stalas derina funkcionalum\u0105 ir patraukl\u0173 dizain\u0105, tod\u0117l tai puiki susitikim\u0173 vieta bet kuriame interjere, taip pat dekoratyvinis elementas bet kurioje patalpoje, kurioje jis pastatytas. Stalvir\u0161is pagamintas i\u0161 MDF, o jo pavir\u0161ius atspausdintas naudojant novatori\u0161k\u0105 [\u2026]<\/p>","protected":false},"featured_media":192177,"comment_status":"open","ping_status":"open","template":"","meta":[],"product_brand":[],"product_cat":[9617,4774,1934],"product_tag":[],"class_list":{"0":"post-192176","1":"product","2":"type-product","3":"status-publish","4":"has-post-thumbnail","6":"product_cat-table-raveo-hubertus","7":"product_cat-hubertus-design","8":"product_cat-tables","10":"first","11":"instock","12":"purchasable","13":"product-type-simple"},"_links":{"self":[{"href":"https:\/\/baldumarket.lt\/lt\/wp-json\/wp\/v2\/product\/192176","targetHints":{"allow":["GET"]}}],"collection":[{"href":"https:\/\/baldumarket.lt\/lt\/wp-json\/wp\/v2\/product"}],"about":[{"href":"https:\/\/baldumarket.lt\/lt\/wp-json\/wp\/v2\/types\/product"}],"replies":[{"embeddable":true,"href":"https:\/\/baldumarket.lt\/lt\/wp-json\/wp\/v2\/comments?post=192176"}],"wp:featuredmedia":[{"embeddable":true,"href":"https:\/\/baldumarket.lt\/lt\/wp-json\/wp\/v2\/media\/192177"}],"wp:attachment":[{"href":"https:\/\/baldumarket.lt\/lt\/wp-json\/wp\/v2\/media?parent=192176"}],"wp:term":[{"taxonomy":"product_brand","embeddable":true,"href":"https:\/\/baldumarket.lt\/lt\/wp-json\/wp\/v2\/product_brand?post=192176"},{"taxonomy":"product_cat","embeddable":true,"href":"https:\/\/baldumarket.lt\/lt\/wp-json\/wp\/v2\/product_cat?post=192176"},{"taxonomy":"product_tag","embeddable":true,"href":"https:\/\/baldumarket.lt\/lt\/wp-json\/wp\/v2\/product_tag?post=192176"}],"curies":[{"name":"wp","href":"https:\/\/api.w.org\/{rel}","templated":true}]}}