{"id":192167,"date":"2025-12-23T13:43:46","date_gmt":"2025-12-23T10:43:46","guid":{"rendered":"https:\/\/baldumarket.lt\/product\/stol-okragly-raveo-100x100-dab-czarny-polysk\/"},"modified":"2026-02-14T12:09:14","modified_gmt":"2026-02-14T09:09:14","slug":"stol-okragly-raveo-100x100-dab-czarny-polysk","status":"publish","type":"product","link":"https:\/\/baldumarket.lt\/lt\/product\/stol-okragly-raveo-100x100-dab-czarny-polysk\/","title":{"rendered":"RAVEO apvalus stalas 100\u00d7100 \u0105\u017euolas\/blizgi juoda spalva"},"content":{"rendered":"<p>RAVEO dviej\u0173 spalv\u0173 dizainerio apvalus stalas<br \/>\nRAVEO apvalus stalas derina funkcionalum\u0105 ir patraukl\u0173 dizain\u0105, tod\u0117l tai puiki susitikim\u0173 vieta bet kokiame interjere, taip pat dekoratyvinis elementas bet kuriame kambaryje. Stalas pagamintas i\u0161 auk\u0161tos kokyb\u0117s melaminu dengtos plok\u0161t\u0117s, o vir\u0161utinis sluoksnis primena nat\u016brali\u0105 medien\u0105, saul\u0117to \u0105\u017euolo spalvos. Stalo koja yra nesenstanti balta. Melaminu dengta plok\u0161t\u0117 pasi\u017eymi padidintu atsparumu \u012fbr\u0117\u017eimams ir UV spinduliams, tod\u0117l ji nei\u0161bluks net veikiama tiesiogini\u0173 saul\u0117s spinduli\u0173. D\u0117l didelio stalvir\u0161io atsparumo kar\u0161\u010diui (iki 100 \u00b0C) ant jo galima d\u0117ti kar\u0161tus indus. Gamintojas rekomenduoja vienakoj\u012f stal\u0105 valyti \u0161iek tiek dr\u0117gna mikropluo\u0161to \u0161luoste be plovikli\u0173, kad jis daugel\u012f met\u0173 i\u0161laikyt\u0173 nepriekai\u0161ting\u0105 i\u0161vaizd\u0105. Modernus RAVEO apvalus stalas pasi\u017eymi \u012fdomiai suprojektuotu pagrindu, sudarytu i\u0161 trij\u0173 sujungt\u0173 stulpeli\u0173, kuris patraukia d\u0117mes\u012f ir leid\u017eia patogiai s\u0117d\u0117ti, nebijant atsitrenkti \u012f kojas. Be to, apvalus stalas turi prana\u0161um\u0105, nes prie jo telpa daugiau \u017emoni\u0173 nei prie tradicinio stalo.<br \/>\nProdukto savyb\u0117s<br \/>\nLenki\u0161kas produktas,<br \/>\nApvalus stalas valgomajam ir svetainei,<br \/>\nStalas pagamintas i\u0161 melaminu dengtos plok\u0161t\u0117s,<br \/>\nSaul\u0117to \u0105\u017euolo spalvos stalvir\u0161is su nat\u016bralia medienos tekst\u016bra,<br \/>\nJuodos kojos,<br \/>\nMelaminu dengta plok\u0161t\u0117, atspari \u012fbr\u0117\u017eimams, UV spinduliams ir auk\u0161tai temperat\u016brai iki 100 laipsni\u0173 Celsijaus,<br \/>\nReikalingas savaranki\u0161kas surinkimas,<br \/>\nSi\u016blome plat\u0173 bald\u0173 pasirinkim\u0105, kad gal\u0117tum\u0117te m\u0117gautis visaver\u010diu nam\u0173 apstatymu.<\/p>","protected":false},"excerpt":{"rendered":"<p>RAVEO dviej\u0173 spalv\u0173 dizainerio apvalus stalas. RAVEO apvalus stalas derina funkcionalum\u0105 ir patraukl\u0173 dizain\u0105, tod\u0117l tai puiki susitikim\u0173 vieta bet kuriame interjere, taip pat dekoratyvinis elementas bet kuriame kambaryje. Stalas pagamintas i\u0161 auk\u0161tos kokyb\u0117s melamino dengtos plok\u0161t\u0117s, o vir\u0161utin\u0117 konstrukcija pana\u0161i \u012f nat\u016brali\u0105 medien\u0105, saul\u0117to \u0105\u017euolo spalvos. Stalas [\u2026]<\/p>","protected":false},"featured_media":192168,"comment_status":"open","ping_status":"open","template":"","meta":[],"product_brand":[],"product_cat":[9617,4774,1934],"product_tag":[],"class_list":{"0":"post-192167","1":"product","2":"type-product","3":"status-publish","4":"has-post-thumbnail","6":"product_cat-table-raveo-hubertus","7":"product_cat-hubertus-design","8":"product_cat-tables","10":"first","11":"instock","12":"purchasable","13":"product-type-simple"},"_links":{"self":[{"href":"https:\/\/baldumarket.lt\/lt\/wp-json\/wp\/v2\/product\/192167","targetHints":{"allow":["GET"]}}],"collection":[{"href":"https:\/\/baldumarket.lt\/lt\/wp-json\/wp\/v2\/product"}],"about":[{"href":"https:\/\/baldumarket.lt\/lt\/wp-json\/wp\/v2\/types\/product"}],"replies":[{"embeddable":true,"href":"https:\/\/baldumarket.lt\/lt\/wp-json\/wp\/v2\/comments?post=192167"}],"wp:featuredmedia":[{"embeddable":true,"href":"https:\/\/baldumarket.lt\/lt\/wp-json\/wp\/v2\/media\/192168"}],"wp:attachment":[{"href":"https:\/\/baldumarket.lt\/lt\/wp-json\/wp\/v2\/media?parent=192167"}],"wp:term":[{"taxonomy":"product_brand","embeddable":true,"href":"https:\/\/baldumarket.lt\/lt\/wp-json\/wp\/v2\/product_brand?post=192167"},{"taxonomy":"product_cat","embeddable":true,"href":"https:\/\/baldumarket.lt\/lt\/wp-json\/wp\/v2\/product_cat?post=192167"},{"taxonomy":"product_tag","embeddable":true,"href":"https:\/\/baldumarket.lt\/lt\/wp-json\/wp\/v2\/product_tag?post=192167"}],"curies":[{"name":"wp","href":"https:\/\/api.w.org\/{rel}","templated":true}]}}