{"id":192164,"date":"2025-12-23T13:43:41","date_gmt":"2025-12-23T10:43:41","guid":{"rendered":"https:\/\/baldumarket.lt\/product\/stolik-kawowy-diverso-80x80-bialy-marmur-polysk-czarny-polysk\/"},"modified":"2026-02-14T10:55:30","modified_gmt":"2026-02-14T07:55:30","slug":"stolik-kawowy-diverso-80x80-bialy-marmur-polysk-czarny-polysk","status":"publish","type":"product","link":"https:\/\/baldumarket.lt\/lt\/product\/stolik-kawowy-diverso-80x80-bialy-marmur-polysk-czarny-polysk\/","title":{"rendered":"DIVERSO kavos staliukas 80\u00d780 baltas marmuras blizgus\/juoda blizgi"},"content":{"rendered":"<p>DIVERSO 80 \u017eemas kavos staliukas svetainei<br \/>\nDIVERSO 80 kavos staliukas \u2013 eleganti\u0161kas ir modernus baldas, puikiai derinantis unikal\u0173 dizain\u0105 su funkcionalumu. Jo stalvir\u0161is pagamintas i\u0161 laminuotos MDF plok\u0161t\u0117s, u\u017etikrinan\u010dios patvarum\u0105 ir atsparum\u0105 pa\u017eeidimams. Marmuro imitacija derina juodus ir baltus ra\u0161tus, suteikdama baldui presti\u017einio charakterio, kartu u\u017etikrindama patvarum\u0105 ir atsparum\u0105 \u012fbr\u0117\u017eimams, UV spinduliams ir auk\u0161tai temperat\u016brai iki 100 \u00b0C. D\u0117l u\u017eapvalint\u0173 kra\u0161t\u0173 stalvir\u0161is ne tik atrodo lengvas ir subtilus, bet ir padidina saugum\u0105, o tai ypa\u010d svarbu \u0161eimos erdv\u0117se.<br \/>\nStalo pagrind\u0105 sudaro keturios tvirtos, apvalios kojel\u0117s, taip pat pagamintos i\u0161 MDF plok\u0161t\u0117s ir nuda\u017eytos tamsiai juoda blizgesio spalva. \u0160is derinys sukuria patraukl\u0173 kontrast\u0105, o blizgus juodas pagrindas suteikia stalui modernumo ir elegancijos. Auk\u0161tos kokyb\u0117s med\u017eiagos, naudojamos konstrukcijoje, u\u017etikrina ne tik stabilum\u0105, bet ir atsparum\u0105 kasdieniam naudojimui, tod\u0117l DIVERSO 80 stalas tarnaus ilgus metus. DIVERSO 80 kavos staliukas yra puikus pasirinkimas tiems, kurie vertina stili\u0173 ir prakti\u0161kum\u0105. Balto marmuro apdaila suteikia stalui prabangi\u0105, eleganti\u0161k\u0105 i\u0161vaizd\u0105, puikiai atitinkan\u010di\u0105 naujausias interjero dizaino tendencijas. Jis puikiai papildys modern\u0173 interjer\u0105, suteikdamas jam unikal\u0173 charakter\u012f. \u0160is baldas traukia d\u0117mes\u012f savo paprastumu, kartu pasi\u017eym\u0117damas dideliu funkcionalumu ir ilgaam\u017ei\u0161kumu.<br \/>\nProdukto savyb\u0117s<br \/>\nLenki\u0161kas produktas,<br \/>\nauk\u0161\u010diausios kokyb\u0117s med\u017eiagos,<br \/>\nstalas pagamintas i\u0161 blizgios MDF plok\u0161t\u0117s,<br \/>\nkvadratinis stalvir\u0161is, padengtas juod\u0105 ir balt\u0105 marmur\u0105 imituojan\u010diu ra\u0161tu,<br \/>\nstalvir\u0161io plotis 80 cm,<br \/>\nstalo kojos blizgios juodos spalvos,<br \/>\nreikalingas savaranki\u0161kas surinkimas,<br \/>\nSi\u016blome plat\u0173 bald\u0173 pasirinkim\u0105 pilnam nam\u0173 apstatymui.<\/p>","protected":false},"excerpt":{"rendered":"<p>\u017demas DIVERSO 80 kavos staliukas svetainei DIVERSO 80 kavos staliukas yra eleganti\u0161kas ir modernus baldas, puikiai derinantis unikal\u0173 dizain\u0105 ir funkcionalum\u0105. Jo stalvir\u0161is pagamintas i\u0161 laminuotos MDF plok\u0161t\u0117s, u\u017etikrinan\u010dios patvarum\u0105 ir atsparum\u0105 pa\u017eeidimams. Marmuro imitacija derina juodus ir baltus ra\u0161tus, suteikdama baldui presti\u017einio charakterio.<\/p>","protected":false},"featured_media":192165,"comment_status":"open","ping_status":"open","template":"","meta":[],"product_brand":[],"product_cat":[9606,866,4774],"product_tag":[],"class_list":{"0":"post-192164","1":"product","2":"type-product","3":"status-publish","4":"has-post-thumbnail","6":"product_cat-coffee-table-diverso-80x80-hubertus","7":"product_cat-coffee-tables","8":"product_cat-hubertus-design","10":"first","11":"instock","12":"purchasable","13":"product-type-simple"},"_links":{"self":[{"href":"https:\/\/baldumarket.lt\/lt\/wp-json\/wp\/v2\/product\/192164","targetHints":{"allow":["GET"]}}],"collection":[{"href":"https:\/\/baldumarket.lt\/lt\/wp-json\/wp\/v2\/product"}],"about":[{"href":"https:\/\/baldumarket.lt\/lt\/wp-json\/wp\/v2\/types\/product"}],"replies":[{"embeddable":true,"href":"https:\/\/baldumarket.lt\/lt\/wp-json\/wp\/v2\/comments?post=192164"}],"wp:featuredmedia":[{"embeddable":true,"href":"https:\/\/baldumarket.lt\/lt\/wp-json\/wp\/v2\/media\/192165"}],"wp:attachment":[{"href":"https:\/\/baldumarket.lt\/lt\/wp-json\/wp\/v2\/media?parent=192164"}],"wp:term":[{"taxonomy":"product_brand","embeddable":true,"href":"https:\/\/baldumarket.lt\/lt\/wp-json\/wp\/v2\/product_brand?post=192164"},{"taxonomy":"product_cat","embeddable":true,"href":"https:\/\/baldumarket.lt\/lt\/wp-json\/wp\/v2\/product_cat?post=192164"},{"taxonomy":"product_tag","embeddable":true,"href":"https:\/\/baldumarket.lt\/lt\/wp-json\/wp\/v2\/product_tag?post=192164"}],"curies":[{"name":"wp","href":"https:\/\/api.w.org\/{rel}","templated":true}]}}