{"id":192161,"date":"2025-12-23T13:43:36","date_gmt":"2025-12-23T10:43:36","guid":{"rendered":"https:\/\/baldumarket.lt\/product\/stolik-kawowy-diverso-80x80-bialy-marmur-polysk-bialy-polysk\/"},"modified":"2026-02-14T10:55:30","modified_gmt":"2026-02-14T07:55:30","slug":"stolik-kawowy-diverso-80x80-bialy-marmur-polysk-bialy-polysk","status":"publish","type":"product","link":"https:\/\/baldumarket.lt\/lt\/product\/stolik-kawowy-diverso-80x80-bialy-marmur-polysk-bialy-polysk\/","title":{"rendered":"DIVERSO kavos staliukas 80\u00d780 baltas blizgus marmuras\/baltas blizgus"},"content":{"rendered":"<p>DIVERSO 80 \u017eemas kavos staliukas svetainei<br \/>\nDIVERSO 80 kavos staliukas \u2013 eleganti\u0161kas ir modernus baldas, puikiai derinantis rafinuot\u0105 dizain\u0105 su funkcionalumu. Laminuotas MDF stalvir\u0161is yra patvarus ir atsparus kasdieniam naudojimui. Jo pavir\u0161ius imituoja juod\u0105 ir balt\u0105 marmur\u0105, suteikiant\u012f stalui presti\u017ein\u012f charakter\u012f. Stalvir\u0161io apdaila yra atspari \u012fbr\u0117\u017eimams, UV spinduliams ir auk\u0161tai temperat\u016brai iki 100 \u00b0C, tod\u0117l tai itin prakti\u0161kas sprendimas bet kurioje svetain\u0117je. Suapvalinti stalvir\u0161io kra\u0161tai padidina saugum\u0105 ir kartu suteikia subtilumo bei lengvumo.<br \/>\nStalo pagrind\u0105 sudaro keturios apvalios MDF kojel\u0117s su blizgia balta apdaila. \u0160is elegancijos ir kontrasto derinys suteikia modernumo bet kokiam interjerui. Tvirta konstrukcija ne tik suteikia stalui stabilumo, bet ir pabr\u0117\u017eia jo patvarum\u0105 kasdieniam d\u0117v\u0117jimuisi, tod\u0117l DIVERSO 80 stalas yra investicija \u012f ilgus metus. DIVERSO 80 yra puikus pasirinkimas tiems, kurie vertina stiliaus ir prakti\u0161kumo derin\u012f. D\u0117l imitacinio marmuro apdailos ir blizgan\u010dio balto pagrindo \u0161is stalas harmoningai dera prie modernaus interjero, suteikdamas unikal\u0173, prabang\u0173, ta\u010diau lengv\u0105 akcent\u0105. Jis puikiai tinka tiek eleganti\u0161kam, tiek minimalistiniam dizainui, suteikdamas funkcional\u0173, bet stiling\u0105 bet kurios erdv\u0117s papildym\u0105.<br \/>\nProdukto savyb\u0117s<br \/>\nLenki\u0161kas produktas,<br \/>\nAuk\u0161\u010diausios kokyb\u0117s med\u017eiagos,<br \/>\nStalas pagamintas i\u0161 blizgios MDF plok\u0161t\u0117s,<br \/>\nKvadratinis stalvir\u0161is, padengtas juodai baltu marmuro ra\u0161tu,<br \/>\nStalvir\u0161io plotis: 80 cm,<br \/>\nStalo kojos: blizgios juodos,<br \/>\nReikalingas savaranki\u0161kas surinkimas,<br \/>\nSi\u016blome plat\u0173 bald\u0173 pasirinkim\u0105, skirt\u0105 pilnam nam\u0173 apstatymo sprendimui.<\/p>","protected":false},"excerpt":{"rendered":"<p>\u017demas DIVERSO 80 kavos staliukas svetainei DIVERSO 80 kavos staliukas yra eleganti\u0161kas ir modernus baldas, puikiai derinantis rafinuot\u0105 dizain\u0105 su funkcionalumu. Laminuotas MDF stalvir\u0161is yra patvarus ir atsparus kasdieniam naudojimui. Jo pavir\u0161ius imituoja juod\u0105 ir balt\u0105 marmur\u0105, suteikdamas stalui presti\u017einio charakterio. Stalvir\u0161is [\u2026]<\/p>","protected":false},"featured_media":192162,"comment_status":"open","ping_status":"open","template":"","meta":[],"product_brand":[],"product_cat":[9606,866,4774],"product_tag":[],"class_list":{"0":"post-192161","1":"product","2":"type-product","3":"status-publish","4":"has-post-thumbnail","6":"product_cat-coffee-table-diverso-80x80-hubertus","7":"product_cat-coffee-tables","8":"product_cat-hubertus-design","10":"first","11":"instock","12":"purchasable","13":"product-type-simple"},"_links":{"self":[{"href":"https:\/\/baldumarket.lt\/lt\/wp-json\/wp\/v2\/product\/192161","targetHints":{"allow":["GET"]}}],"collection":[{"href":"https:\/\/baldumarket.lt\/lt\/wp-json\/wp\/v2\/product"}],"about":[{"href":"https:\/\/baldumarket.lt\/lt\/wp-json\/wp\/v2\/types\/product"}],"replies":[{"embeddable":true,"href":"https:\/\/baldumarket.lt\/lt\/wp-json\/wp\/v2\/comments?post=192161"}],"wp:featuredmedia":[{"embeddable":true,"href":"https:\/\/baldumarket.lt\/lt\/wp-json\/wp\/v2\/media\/192162"}],"wp:attachment":[{"href":"https:\/\/baldumarket.lt\/lt\/wp-json\/wp\/v2\/media?parent=192161"}],"wp:term":[{"taxonomy":"product_brand","embeddable":true,"href":"https:\/\/baldumarket.lt\/lt\/wp-json\/wp\/v2\/product_brand?post=192161"},{"taxonomy":"product_cat","embeddable":true,"href":"https:\/\/baldumarket.lt\/lt\/wp-json\/wp\/v2\/product_cat?post=192161"},{"taxonomy":"product_tag","embeddable":true,"href":"https:\/\/baldumarket.lt\/lt\/wp-json\/wp\/v2\/product_tag?post=192161"}],"curies":[{"name":"wp","href":"https:\/\/api.w.org\/{rel}","templated":true}]}}