{"id":192158,"date":"2025-12-23T13:43:32","date_gmt":"2025-12-23T10:43:32","guid":{"rendered":"https:\/\/baldumarket.lt\/product\/stolik-kawowy-diverso-80x80-jasny-marmur-polysk-bialy-polysk\/"},"modified":"2026-02-14T10:55:30","modified_gmt":"2026-02-14T07:55:30","slug":"stolik-kawowy-diverso-80x80-jasny-marmur-polysk-bialy-polysk","status":"publish","type":"product","link":"https:\/\/baldumarket.lt\/lt\/product\/stolik-kawowy-diverso-80x80-jasny-marmur-polysk-bialy-polysk\/","title":{"rendered":"DIVERSO kavos staliukas 80&#215;80 \u0161viesaus marmuro blizgus\/baltas blizgus"},"content":{"rendered":"<p>Modernus DIVERSO 80 kavos staliukas svetainei<br \/>\nDIVERSO 80 kavos staliukas \u2013 tai unikalus baldas, kuriame derinamas modernus dizainas, funkcionalumas ir auk\u0161tos kokyb\u0117s meistri\u0161kumas. Jo kvadratinis stalvir\u0161is pagamintas i\u0161 laminuotos MDF plok\u0161t\u0117s, imituojan\u010dios \u0161vies\u0173 marmur\u0105, suteikiant stalui eleganti\u0161k\u0105 ir prabangi\u0105 i\u0161vaizd\u0105. \u0160viesaus marmuro imitacijos pasi\u017eymi subtiliais, nat\u016braliais ra\u0161tais, kurie suteikia interjerui lengvumo ir rafinuotumo. Stalvir\u0161is yra ne tik gra\u017eus, bet ir prakti\u0161kas, nes yra atsparus \u012fbr\u0117\u017eimams, UV spinduliams ir auk\u0161tai temperat\u016brai iki 100 \u00b0C. Suapvalinti stalvir\u0161io kra\u0161tai suteikia modernumo ir padidina saugum\u0105 kasdien naudojant.<br \/>\nDIVERSO 80 stalo pagrind\u0105 sudaro keturios apvalios kojel\u0117s, pagamintos i\u0161 baltos MDF plok\u0161t\u0117s su blizgia danga, suteikian\u010dios stalui modern\u0173 ir minimalistin\u012f vaizd\u0105. Blizgaus balto pagrindo ir pilko marmuro stalvir\u0161io kontrastas sukuria harmoning\u0105, ta\u010diau ak\u012f traukian\u010di\u0105 kompozicij\u0105. DIVERSO 80 stalas yra ne tik stilingas bet kokio interjero papildymas, bet ir funkcionalus baldas, kurio tvirta konstrukcija u\u017etikrina stabilum\u0105 ir ilgaam\u017ei\u0161kum\u0105. Jis puikiai tinka svetain\u0117ms, pasi\u017eymin\u010dioms moderniu, minimalistiniu stiliumi, suteikiant erdvei eleganti\u0161k\u0105 ir rafinuot\u0105 akcent\u0105.<br \/>\nProdukto savyb\u0117s<br \/>\nLenki\u0161kas produktas,<br \/>\nAuk\u0161\u010diausios kokyb\u0117s med\u017eiagos,<br \/>\nStalas pagamintas i\u0161 blizgios MDF plok\u0161t\u0117s,<br \/>\nKvadratin\u0117 palaidin\u0117 su juodai baltu marmuro ra\u0161tu,<br \/>\nVir\u0161utinis plotis: 80 cm,<br \/>\nStalo kojos: blizgios juodos,<br \/>\nReikalingas savaranki\u0161kas surinkimas.<br \/>\nSi\u016blome plat\u0173 bald\u0173 pasirinkim\u0105, kad gal\u0117tum\u0117te pilnai \u012frengti savo namus.<\/p>","protected":false},"excerpt":{"rendered":"<p>Modernus DIVERSO 80 kavos staliukas svetainei DIVERSO 80 kavos staliukas yra unikalus baldas, kuriame derinamas modernus dizainas, funkcionalumas ir auk\u0161tos kokyb\u0117s meistri\u0161kumas. Jo kvadratinis stalvir\u0161is pagamintas i\u0161 laminuotos MDF plok\u0161t\u0117s, imituojan\u010dios \u0161vies\u0173 marmur\u0105, suteikian\u010dio jam eleganti\u0161k\u0105 ir prabangi\u0105 i\u0161vaizd\u0105. \u0160viesaus marmuro imitacijos i\u0161siskiria subtiliu, [\u2026]<\/p>","protected":false},"featured_media":192159,"comment_status":"open","ping_status":"open","template":"","meta":[],"product_brand":[],"product_cat":[9606,866,4774],"product_tag":[],"class_list":{"0":"post-192158","1":"product","2":"type-product","3":"status-publish","4":"has-post-thumbnail","6":"product_cat-coffee-table-diverso-80x80-hubertus","7":"product_cat-coffee-tables","8":"product_cat-hubertus-design","10":"first","11":"instock","12":"purchasable","13":"product-type-simple"},"_links":{"self":[{"href":"https:\/\/baldumarket.lt\/lt\/wp-json\/wp\/v2\/product\/192158","targetHints":{"allow":["GET"]}}],"collection":[{"href":"https:\/\/baldumarket.lt\/lt\/wp-json\/wp\/v2\/product"}],"about":[{"href":"https:\/\/baldumarket.lt\/lt\/wp-json\/wp\/v2\/types\/product"}],"replies":[{"embeddable":true,"href":"https:\/\/baldumarket.lt\/lt\/wp-json\/wp\/v2\/comments?post=192158"}],"wp:featuredmedia":[{"embeddable":true,"href":"https:\/\/baldumarket.lt\/lt\/wp-json\/wp\/v2\/media\/192159"}],"wp:attachment":[{"href":"https:\/\/baldumarket.lt\/lt\/wp-json\/wp\/v2\/media?parent=192158"}],"wp:term":[{"taxonomy":"product_brand","embeddable":true,"href":"https:\/\/baldumarket.lt\/lt\/wp-json\/wp\/v2\/product_brand?post=192158"},{"taxonomy":"product_cat","embeddable":true,"href":"https:\/\/baldumarket.lt\/lt\/wp-json\/wp\/v2\/product_cat?post=192158"},{"taxonomy":"product_tag","embeddable":true,"href":"https:\/\/baldumarket.lt\/lt\/wp-json\/wp\/v2\/product_tag?post=192158"}],"curies":[{"name":"wp","href":"https:\/\/api.w.org\/{rel}","templated":true}]}}