{"id":192155,"date":"2025-12-23T13:43:26","date_gmt":"2025-12-23T10:43:26","guid":{"rendered":"https:\/\/baldumarket.lt\/product\/stolik-kawowy-diverso-80x80-jasny-marmur-polysk-czarny-polysk\/"},"modified":"2026-02-14T10:55:30","modified_gmt":"2026-02-14T07:55:30","slug":"stolik-kawowy-diverso-80x80-jasny-marmur-polysk-czarny-polysk","status":"publish","type":"product","link":"https:\/\/baldumarket.lt\/lt\/product\/stolik-kawowy-diverso-80x80-jasny-marmur-polysk-czarny-polysk\/","title":{"rendered":"DIVERSO kavos staliukas 80\u00d780 \u0161viesaus marmuro blizgus\/juodo blizgumo"},"content":{"rendered":"<p>Minimalistinis DIVERSO 80 kavos staliukas svetainei<br \/>\nDIVERSO 80 kavos staliukas \u2013 tai modernaus dizaino ir auk\u0161tos kokyb\u0117s meistri\u0161kumo derinys, sukurtas galvojant apie patvarum\u0105 ir elegancij\u0105. Stalvir\u0161is pagamintas i\u0161 MDF plok\u0161t\u0117s, padengtos \u0161viesios spalvos marmuro efekto laminatu. \u0160is pavir\u0161ius pasi\u017eymi ne tik nat\u016braliais, subtiliais marmurui b\u016bdingais ra\u0161tais, bet ir yra labai atsparus \u012fbr\u0117\u017eimams, UV spinduliams ir iki 100 \u00b0C temperat\u016brai, tod\u0117l yra patvarus kasdieniam naudojimui. Stalvir\u0161io kra\u0161tai yra u\u017eapvalinti, tod\u0117l jis atrodo moderniai ir yra saugus, suma\u017eindamas traum\u0173 rizik\u0105. \u0160viesios spalvos marmuro tekst\u016bra stalvir\u0161yje traukia ak\u012f ir suteikia stalui rafinuoto, ta\u010diau sant\u016braus charakterio, papildan\u010dio \u012fvairius interjero dizainus.<br \/>\nStalo pagrind\u0105 sudaro keturios tvirtos MDF kojel\u0117s, padengtos akriliniu kilim\u0117liu su veidrodinio juodo blizgesio apdaila. Auk\u0161tos kokyb\u0117s akrilas suteikia pagrindui gil\u0173, intensyv\u0173 blizges\u012f, kuris ne tik pabr\u0117\u017eia baldo elegancij\u0105, bet ir u\u017etikrina patvarum\u0105 bei atsparum\u0105 \u012fbr\u0117\u017eimams ir kasdieniam d\u0117v\u0117jimuisi. Veidrodinio poliravimo juodos kojel\u0117s sukuria ry\u0161k\u0173 kontrast\u0105 su \u0161viesiu marmuriniu stalvir\u0161iu, tod\u0117l stalas tampa unikaliu bet kokio interjero elementu.<br \/>\nDIVERSO 80 \u2013 tai gerai apgalvoto dizaino baldas, kuris, d\u0117ka moderni\u0173 technologij\u0173 ir patvari\u0173 med\u017eiag\u0173 panaudojimo, pasi\u017eymi estetika ir ilgaam\u017ei\u0161kumu, puikiai tinka moderniam, stilingam interjerui.<br \/>\nProdukto savyb\u0117s<br \/>\nLenki\u0161kas produktas,<br \/>\nauk\u0161\u010diausios kokyb\u0117s med\u017eiagos,<br \/>\nstalas pagamintas i\u0161 blizgios MDF plok\u0161t\u0117s,<br \/>\nkvadratinis vir\u0161us, padengtas juod\u0105 ir balt\u0105 marmur\u0105 imituojan\u010diu ra\u0161tu,<br \/>\nvir\u0161utinis plotis 80 cm,<br \/>\nstalo kojos blizgios juodos spalvos,<br \/>\nsavaranki\u0161kas surinkimas,<br \/>\nSi\u016blome plat\u0173 bald\u0173 pasirinkim\u0105 pilnam nam\u0173 apstatymui.<\/p>","protected":false},"excerpt":{"rendered":"<p>Minimalistinis DIVERSO 80 kavos staliukas svetainei. DIVERSO 80 kavos staliukas \u2013 tai modernaus dizaino ir auk\u0161tos kokyb\u0117s meistri\u0161kumo derinio pavyzdys, sukurtas galvojant apie patvarum\u0105 ir elegancij\u0105. Stalvir\u0161is pagamintas i\u0161 MDF plok\u0161t\u0117s, padengtos \u0161viesios spalvos marmuro efekto laminatu. \u0160is pavir\u0161ius pasi\u017eymi ne tik nat\u016braliais, subtiliais marmurui b\u016bdingais ra\u0161tais [\u2026]<\/p>","protected":false},"featured_media":192156,"comment_status":"open","ping_status":"open","template":"","meta":[],"product_brand":[],"product_cat":[9606,866,4774],"product_tag":[],"class_list":{"0":"post-192155","1":"product","2":"type-product","3":"status-publish","4":"has-post-thumbnail","6":"product_cat-coffee-table-diverso-80x80-hubertus","7":"product_cat-coffee-tables","8":"product_cat-hubertus-design","10":"first","11":"instock","12":"purchasable","13":"product-type-simple"},"_links":{"self":[{"href":"https:\/\/baldumarket.lt\/lt\/wp-json\/wp\/v2\/product\/192155","targetHints":{"allow":["GET"]}}],"collection":[{"href":"https:\/\/baldumarket.lt\/lt\/wp-json\/wp\/v2\/product"}],"about":[{"href":"https:\/\/baldumarket.lt\/lt\/wp-json\/wp\/v2\/types\/product"}],"replies":[{"embeddable":true,"href":"https:\/\/baldumarket.lt\/lt\/wp-json\/wp\/v2\/comments?post=192155"}],"wp:featuredmedia":[{"embeddable":true,"href":"https:\/\/baldumarket.lt\/lt\/wp-json\/wp\/v2\/media\/192156"}],"wp:attachment":[{"href":"https:\/\/baldumarket.lt\/lt\/wp-json\/wp\/v2\/media?parent=192155"}],"wp:term":[{"taxonomy":"product_brand","embeddable":true,"href":"https:\/\/baldumarket.lt\/lt\/wp-json\/wp\/v2\/product_brand?post=192155"},{"taxonomy":"product_cat","embeddable":true,"href":"https:\/\/baldumarket.lt\/lt\/wp-json\/wp\/v2\/product_cat?post=192155"},{"taxonomy":"product_tag","embeddable":true,"href":"https:\/\/baldumarket.lt\/lt\/wp-json\/wp\/v2\/product_tag?post=192155"}],"curies":[{"name":"wp","href":"https:\/\/api.w.org\/{rel}","templated":true}]}}