{"id":192151,"date":"2025-12-23T13:43:13","date_gmt":"2025-12-23T10:43:13","guid":{"rendered":"https:\/\/baldumarket.lt\/product\/stolik-kawowy-diverso-80x80-dab-artisan-bialy-polysk\/"},"modified":"2026-02-14T10:55:30","modified_gmt":"2026-02-14T07:55:30","slug":"stolik-kawowy-diverso-80x80-dab-artisan-bialy-polysk","status":"publish","type":"product","link":"https:\/\/baldumarket.lt\/lt\/product\/stolik-kawowy-diverso-80x80-dab-artisan-bialy-polysk\/","title":{"rendered":"DIVERSO kavos staliukas 80&#215;80, meni\u0161kas \u0105\u017euolas\/blizgi balta"},"content":{"rendered":"<p>\u017demas DIVERSO 80 kavos staliukas stilingai svetainei<br \/>\nDIVERSO 80 kavos staliukas yra puikus modernaus dizaino, harmoningai derinan\u010dio estetik\u0105 su funkcionalumu, pavyzdys. Jo stalvir\u0161is pagamintas i\u0161 auk\u0161tos kokyb\u0117s melaminu dengtos plok\u0161t\u0117s, kuri imituoja nat\u016bralios medienos tekst\u016br\u0105 ir suteikia baldui \u0161ilumos bei jaukumo. \u0160i med\u017eiaga yra labai atspari \u012fbr\u0117\u017eimams ir lengvai valoma, tod\u0117l staliukas puikiai tinka kasdieniam naudojimui. Stalo pagrindas, taip pat pagamintas i\u0161 melaminu dengtos plok\u0161t\u0117s, yra apdailintas eleganti\u0161ka balta blizgesio spalva, suteikian\u010dia jam modern\u0173 ir eleganti\u0161k\u0105 charakter\u012f. Nat\u016bralios stalvir\u0161io i\u0161vaizdos ir blizgaus pagrindo derinys sukuria ry\u0161k\u0173 kontrast\u0105, kuris traukia ak\u012f ir puikiai atitinka dabartines interjero tendencijas.<br \/>\n80 cm x 80 cm stalvir\u0161is turi u\u017eapvalintus kra\u0161tus, kurie ne tik pagerina baldo estetik\u0105, bet ir padidina saugum\u0105, o tai ypa\u010d svarbu nam\u0173 erdv\u0117se. Be to, tvirta stalo konstrukcija garantuoja stabilum\u0105, tod\u0117l jis idealiai tinka bet kokiam interjerui. DIVERSO 80 stalas yra ne tik prakti\u0161kas baldas, bet ir dekoratyvinis akcentas, suteikiantis harmonijos ir elegancijos bet kuriam kambariui. D\u0117l auk\u0161tos kokyb\u0117s med\u017eiag\u0173 ir kruop\u0161taus meistri\u0161kumo \u0161is baldas tikrai patenkins net ir reikliausi\u0173 vartotoj\u0173 l\u016bkes\u010dius. Jis puikiai tiks tiek svetain\u0117je, tiek kituose kambariuose, suteikdamas unikalaus stiliaus ir klas\u0117s.<br \/>\nProdukto savyb\u0117s<br \/>\nLenki\u0161kas produktas,<br \/>\nauk\u0161\u010diausios kokyb\u0117s med\u017eiagos,<br \/>\nstalas pagamintas i\u0161 blizgios melamino plok\u0161t\u0117s,<br \/>\nkvadratinis stalvir\u0161is su nat\u016bralios medienos ra\u0161tu,<br \/>\nvir\u0161utinis plotis 80 cm,<br \/>\nstalo kojos blizgios juodos spalvos,<br \/>\nreikalingas savaranki\u0161kas surinkimas,<br \/>\nSi\u016blome plat\u0173 bald\u0173 pasirinkim\u0105 pilnam nam\u0173 apstatymui.<\/p>","protected":false},"excerpt":{"rendered":"<p>\u017demas DIVERSO 80 kavos staliukas stilingai svetainei. DIVERSO 80 kavos staliukas yra puikus modernaus dizaino, harmoningai derinan\u010dio estetik\u0105 ir funkcionalum\u0105, pavyzdys. Jo stalvir\u0161is pagamintas i\u0161 auk\u0161tos kokyb\u0117s melamino dengtos plok\u0161t\u0117s, kuri imituoja nat\u016bralios medienos tekst\u016br\u0105 ir suteikia baldui \u0161ilumos bei jaukumo. \u0160is [\u2026]<\/p>","protected":false},"featured_media":192152,"comment_status":"open","ping_status":"open","template":"","meta":[],"product_brand":[],"product_cat":[9606,866,4774],"product_tag":[],"class_list":{"0":"post-192151","1":"product","2":"type-product","3":"status-publish","4":"has-post-thumbnail","6":"product_cat-coffee-table-diverso-80x80-hubertus","7":"product_cat-coffee-tables","8":"product_cat-hubertus-design","10":"first","11":"instock","12":"purchasable","13":"product-type-simple"},"_links":{"self":[{"href":"https:\/\/baldumarket.lt\/lt\/wp-json\/wp\/v2\/product\/192151","targetHints":{"allow":["GET"]}}],"collection":[{"href":"https:\/\/baldumarket.lt\/lt\/wp-json\/wp\/v2\/product"}],"about":[{"href":"https:\/\/baldumarket.lt\/lt\/wp-json\/wp\/v2\/types\/product"}],"replies":[{"embeddable":true,"href":"https:\/\/baldumarket.lt\/lt\/wp-json\/wp\/v2\/comments?post=192151"}],"wp:featuredmedia":[{"embeddable":true,"href":"https:\/\/baldumarket.lt\/lt\/wp-json\/wp\/v2\/media\/192152"}],"wp:attachment":[{"href":"https:\/\/baldumarket.lt\/lt\/wp-json\/wp\/v2\/media?parent=192151"}],"wp:term":[{"taxonomy":"product_brand","embeddable":true,"href":"https:\/\/baldumarket.lt\/lt\/wp-json\/wp\/v2\/product_brand?post=192151"},{"taxonomy":"product_cat","embeddable":true,"href":"https:\/\/baldumarket.lt\/lt\/wp-json\/wp\/v2\/product_cat?post=192151"},{"taxonomy":"product_tag","embeddable":true,"href":"https:\/\/baldumarket.lt\/lt\/wp-json\/wp\/v2\/product_tag?post=192151"}],"curies":[{"name":"wp","href":"https:\/\/api.w.org\/{rel}","templated":true}]}}