{"id":192148,"date":"2025-12-23T13:43:00","date_gmt":"2025-12-23T10:43:00","guid":{"rendered":"https:\/\/baldumarket.lt\/product\/stolik-kawowy-diverso-80x80-dab-artisan-czarny-polysk\/"},"modified":"2026-02-14T10:55:30","modified_gmt":"2026-02-14T07:55:30","slug":"stolik-kawowy-diverso-80x80-dab-artisan-czarny-polysk","status":"publish","type":"product","link":"https:\/\/baldumarket.lt\/lt\/product\/stolik-kawowy-diverso-80x80-dab-artisan-czarny-polysk\/","title":{"rendered":"DIVERSO kavos staliukas 80&#215;80, meni\u0161kas \u0105\u017euolas\/juoda blizgi"},"content":{"rendered":"<p>Modernus, prabangus DIVERSO 80 kavos staliukas svetainei<br \/>\nDIVERSO 80 kavos staliukas yra puikus modernaus dizaino, kuriame derinamas estetika ir funkcionalumas, pavyzdys. Stalvir\u0161is pagamintas i\u0161 auk\u0161tos kokyb\u0117s melaminu dengtos plok\u0161t\u0117s, kuri imituoja nat\u016bralios medienos tekst\u016br\u0105, suteikia \u0161ilumos ir jaukumo. \u0160i med\u017eiaga yra labai atspari \u012fbr\u0117\u017eimams ir lengvai valoma, tod\u0117l puikiai tinka kasdieniam naudojimui. 80 cm x 80 cm stalvir\u0161is turi u\u017eapvalintus kra\u0161tus, kurie ne tik pagerina jo estetin\u012f patrauklum\u0105, bet ir padidina saugum\u0105, o tai ypa\u010d svarbu nam\u0173 erdv\u0117se. Tvirta stalo konstrukcija garantuoja stabilum\u0105, tod\u0117l jis idealiai tinka bet kokiam interjerui.<br \/>\nStalo pagrindas, taip pat pagamintas i\u0161 melaminu dengtos plok\u0161t\u0117s, yra eleganti\u0161kai baltai blizgios apdailos. \u0160is pasirinkimas suteikia baldui modernaus charakterio ir elegancijos. Nat\u016bralios stalvir\u0161io i\u0161vaizdos ir blizgaus pagrindo kontrastas sukuria ry\u0161ki\u0105 kompozicij\u0105, kuri traukia ak\u012f ir atitinka dabartines bald\u0173 tendencijas.<br \/>\nD\u0117l auk\u0161tos kokyb\u0117s med\u017eiag\u0173 ir kruop\u0161taus meistri\u0161kumo DIVERSO 80 stalas yra ne tik prakti\u0161kas baldas, bet ir dekoratyvinis akcentas, suteikiantis kambariui harmonijos ir elegancijos. Jis puikiai tinka tiek svetain\u0117je, tiek kitose erdv\u0117se, suteikdamas unikal\u0173 stili\u0173 ir klas\u0119. \u0160is baldas tikrai patenkins net ir reikliausi\u0173 vartotoj\u0173 poreikius.<br \/>\nProdukto savyb\u0117s<br \/>\nLenki\u0161kas produktas,<br \/>\nauk\u0161\u010diausios kokyb\u0117s med\u017eiagos,<br \/>\nstalas pagamintas i\u0161 blizgios melamino plok\u0161t\u0117s,<br \/>\nkvadratinis stalvir\u0161is su nat\u016bralios medienos tekst\u016bra,<br \/>\nstalvir\u0161io plotis 80 cm,<br \/>\nstalo kojos blizgios juodos spalvos,<br \/>\nreikalingas savaranki\u0161kas surinkimas,<br \/>\nSi\u016blome plat\u0173 bald\u0173 pasirinkim\u0105, skirt\u0105 pilnam nam\u0173 apstatymo sprendimui.<\/p>","protected":false},"excerpt":{"rendered":"<p>Modernus, prabangus DIVERSO 80 kavos staliukas svetainei. DIVERSO 80 kavos staliukas yra puikus modernaus dizaino, kuriame derinamas estetika ir funkcionalumas, pavyzdys. Stalvir\u0161is pagamintas i\u0161 auk\u0161tos kokyb\u0117s melaminu dengtos plok\u0161t\u0117s, kuri imituoja nat\u016bralios medienos tekst\u016br\u0105, suteikia \u0161ilumos ir jaukumo. \u0160i med\u017eiaga yra labai atspari \u012fbr\u0117\u017eimams ir lengvai valoma, [\u2026]<\/p>","protected":false},"featured_media":192149,"comment_status":"open","ping_status":"open","template":"","meta":[],"product_brand":[],"product_cat":[9606,866,4774],"product_tag":[],"class_list":{"0":"post-192148","1":"product","2":"type-product","3":"status-publish","4":"has-post-thumbnail","6":"product_cat-coffee-table-diverso-80x80-hubertus","7":"product_cat-coffee-tables","8":"product_cat-hubertus-design","10":"first","11":"instock","12":"purchasable","13":"product-type-simple"},"_links":{"self":[{"href":"https:\/\/baldumarket.lt\/lt\/wp-json\/wp\/v2\/product\/192148","targetHints":{"allow":["GET"]}}],"collection":[{"href":"https:\/\/baldumarket.lt\/lt\/wp-json\/wp\/v2\/product"}],"about":[{"href":"https:\/\/baldumarket.lt\/lt\/wp-json\/wp\/v2\/types\/product"}],"replies":[{"embeddable":true,"href":"https:\/\/baldumarket.lt\/lt\/wp-json\/wp\/v2\/comments?post=192148"}],"wp:featuredmedia":[{"embeddable":true,"href":"https:\/\/baldumarket.lt\/lt\/wp-json\/wp\/v2\/media\/192149"}],"wp:attachment":[{"href":"https:\/\/baldumarket.lt\/lt\/wp-json\/wp\/v2\/media?parent=192148"}],"wp:term":[{"taxonomy":"product_brand","embeddable":true,"href":"https:\/\/baldumarket.lt\/lt\/wp-json\/wp\/v2\/product_brand?post=192148"},{"taxonomy":"product_cat","embeddable":true,"href":"https:\/\/baldumarket.lt\/lt\/wp-json\/wp\/v2\/product_cat?post=192148"},{"taxonomy":"product_tag","embeddable":true,"href":"https:\/\/baldumarket.lt\/lt\/wp-json\/wp\/v2\/product_tag?post=192148"}],"curies":[{"name":"wp","href":"https:\/\/api.w.org\/{rel}","templated":true}]}}