{"id":192144,"date":"2025-12-23T13:42:45","date_gmt":"2025-12-23T10:42:45","guid":{"rendered":"https:\/\/baldumarket.lt\/product\/stolik-kawowy-diverso-80x80-bialy-polysk\/"},"modified":"2026-02-14T10:55:30","modified_gmt":"2026-02-14T07:55:30","slug":"stolik-kawowy-diverso-80x80-bialy-polysk","status":"publish","type":"product","link":"https:\/\/baldumarket.lt\/lt\/product\/stolik-kawowy-diverso-80x80-bialy-polysk\/","title":{"rendered":"DIVERSO kavos staliukas 80&#215;80 baltas blizgus"},"content":{"rendered":"<p>DIVERSO 80 kvadratinis kavos staliukas, puo\u0161nus svetain\u0117s stilius<br \/>\nDIVERSO 80 kavos staliukas \u2013 tai tobulas modernaus dizaino ir funkcionalumo derinys. Pagamintas i\u0161 auk\u0161tos kokyb\u0117s MDF plok\u0161t\u0117s, laminuotos blizgia balta apdaila, \u0161is baldas pasi\u017eymi i\u0161skirtinai eleganti\u0161ka ir stilinga i\u0161vaizda. Laminatas yra atsparus d\u0117m\u0117ms, \u012fbr\u0117\u017eimams ir auk\u0161tai temperat\u016brai, tod\u0117l stalas yra prakti\u0161kas baldas, atlaikantis kasdienio naudojimo reikalavimus. 80 cm x 80 cm stalvir\u0161is turi u\u017eapvalintus kra\u0161tus, kurie ne tik pabr\u0117\u017eia jo modern\u0173 charakter\u012f, bet ir padidina saugum\u0105, ypa\u010d namuose su vaikais. Verta atkreipti d\u0117mes\u012f \u012f stalo kojas, kuriose yra subtil\u016bs grioveliai, suteikiantys elegancijos ir stiliaus. \u0160ie subtil\u016bs grioveliai ne tik suteikia estetin\u012f akcent\u0105, bet ir padidina baldo stabilum\u0105, kuris yra b\u016btinas kasdieniam naudojimui.<br \/>\nD\u0117l minimalistin\u0117s formos DIVERSO 80 stalas lengvai der\u0117s prie \u012fvairi\u0173 interjero stili\u0173 \u2013 nuo modernaus iki klasikinio. Blizgus baltas pavir\u0161ius puikiai atspindi \u0161vies\u0105, suteikdamas kambariui lengvumo ir erdvumo poj\u016bt\u012f.<br \/>\nDIVERSO 80 kavos staliukas yra ne tik funkcionalus baldas, bet ir dekoratyvinis elementas, kuris bet kokiam interjerui suteiks harmonijos ir elegancijos. Auk\u0161tos kokyb\u0117s med\u017eiagos ir kruop\u0161tus meistri\u0161kumas paver\u010dia \u0161\u012f gamin\u012f, kuris tikrai patenkins net ir reikliausi\u0173 vartotoj\u0173 poreikius.<br \/>\nProdukto savyb\u0117s<br \/>\nLenki\u0161kas produktas,<br \/>\nauk\u0161\u010diausios kokyb\u0117s med\u017eiagos,<br \/>\nstalas pagamintas i\u0161 blizgios MDF plok\u0161t\u0117s,<br \/>\nkvadratin\u0117 balta vir\u0161utin\u0117 dalis,<br \/>\n80 cm plo\u010dio vir\u0161us,<br \/>\nblizgios baltos stalo kojos,<br \/>\nreikalingas savaranki\u0161kas surinkimas,<br \/>\nSi\u016blome plat\u0173 bald\u0173 pasirinkim\u0105 pilnam nam\u0173 apstatymui.<\/p>","protected":false},"excerpt":{"rendered":"<p>Prabangaus stiliaus DIVERSO 80 kvadratinis kavos staliukas svetainei. DIVERSO 80 kavos staliukas \u2013 tai puikus modernaus dizaino ir funkcionalumo derinys. Pagamintas i\u0161 auk\u0161tos kokyb\u0117s MDF plok\u0161t\u0117s, laminuotos blizgia balta apdaila, staliukas pasi\u017eymi i\u0161skirtinai eleganti\u0161ka ir stilinga i\u0161vaizda. Laminatas yra atsparus d\u0117m\u0117ms, \u012fbr\u0117\u017eimams ir [\u2026]<\/p>","protected":false},"featured_media":192145,"comment_status":"open","ping_status":"open","template":"","meta":[],"product_brand":[],"product_cat":[9606,866,4774],"product_tag":[],"class_list":{"0":"post-192144","1":"product","2":"type-product","3":"status-publish","4":"has-post-thumbnail","6":"product_cat-coffee-table-diverso-80x80-hubertus","7":"product_cat-coffee-tables","8":"product_cat-hubertus-design","10":"first","11":"instock","12":"purchasable","13":"product-type-simple"},"_links":{"self":[{"href":"https:\/\/baldumarket.lt\/lt\/wp-json\/wp\/v2\/product\/192144","targetHints":{"allow":["GET"]}}],"collection":[{"href":"https:\/\/baldumarket.lt\/lt\/wp-json\/wp\/v2\/product"}],"about":[{"href":"https:\/\/baldumarket.lt\/lt\/wp-json\/wp\/v2\/types\/product"}],"replies":[{"embeddable":true,"href":"https:\/\/baldumarket.lt\/lt\/wp-json\/wp\/v2\/comments?post=192144"}],"wp:featuredmedia":[{"embeddable":true,"href":"https:\/\/baldumarket.lt\/lt\/wp-json\/wp\/v2\/media\/192145"}],"wp:attachment":[{"href":"https:\/\/baldumarket.lt\/lt\/wp-json\/wp\/v2\/media?parent=192144"}],"wp:term":[{"taxonomy":"product_brand","embeddable":true,"href":"https:\/\/baldumarket.lt\/lt\/wp-json\/wp\/v2\/product_brand?post=192144"},{"taxonomy":"product_cat","embeddable":true,"href":"https:\/\/baldumarket.lt\/lt\/wp-json\/wp\/v2\/product_cat?post=192144"},{"taxonomy":"product_tag","embeddable":true,"href":"https:\/\/baldumarket.lt\/lt\/wp-json\/wp\/v2\/product_tag?post=192144"}],"curies":[{"name":"wp","href":"https:\/\/api.w.org\/{rel}","templated":true}]}}