{"id":192141,"date":"2025-12-23T13:42:38","date_gmt":"2025-12-23T10:42:38","guid":{"rendered":"https:\/\/baldumarket.lt\/product\/stolik-kawowy-diverso-80x80-czarny-polysk\/"},"modified":"2026-02-14T10:55:21","modified_gmt":"2026-02-14T07:55:21","slug":"stolik-kawowy-diverso-80x80-czarny-polysk","status":"publish","type":"product","link":"https:\/\/baldumarket.lt\/lt\/product\/stolik-kawowy-diverso-80x80-czarny-polysk\/","title":{"rendered":"DIVERSO kavos staliukas 80&#215;80 juodas blizgus"},"content":{"rendered":"<p>\u017demas DIVERSO 80 kavos staliukas stilingai svetainei<br \/>\nDIVERSO 80 kavos staliukas \u2013 puikus pasirinkimas tiems, kurie vertina modern\u0173 dizain\u0105 ir prakti\u0161kum\u0105. Jo konstrukcija pagaminta i\u0161 auk\u0161tos kokyb\u0117s laminuotos MDF plok\u0161t\u0117s, kurios eleganti\u0161kas juodas blizgesys suteikia stalui prabangi\u0105 ir \u012fsp\u016bding\u0105 i\u0161vaizd\u0105. Stalvir\u0161iui ir pagrindui naudojamas laminatas yra atsparus d\u0117m\u0117ms ir \u012fbr\u0117\u017eimams, o tai itin svarbu kasdieniam naudojimui, ypa\u010d geriant kar\u0161tus g\u0117rimus ir nety\u010dia i\u0161siliejus skys\u010diams. 80 cm x 80 cm stalvir\u0161is turi \u0161velniai u\u017eapvalintus kra\u0161tus, kurie ne tik pabr\u0117\u017eia modern\u0173 baldo charakter\u012f, bet ir padidina komfort\u0105 bei saugum\u0105. Stalo kojos pasi\u017eymi subtiliu grioveliavimu, kuris suteikia jo formai \u012fdomios detal\u0117s ir kartu padidina visos konstrukcijos stabilum\u0105. \u0160is dizainas daro stal\u0105 eleganti\u0161k\u0105 ir funkcional\u0173.<br \/>\nD\u0117l minimalistin\u0117s estetikos DIVERSO 80 stalas lengvai der\u0117s prie \u012fvairi\u0173 interjero stili\u0173 \u2013 nuo industrinio iki modernaus. Juoda apdaila puikiai atspindi \u0161vies\u0105, tod\u0117l interjeras tampa erdvesnis ir jaukesnis.<br \/>\nDIVERSO 80 kavos staliukas yra ne tik prakti\u0161kas baldas, bet ir dizainerio akcentas, kuris suteiks klas\u0117s bet kuriam kambariui. Auk\u0161tos kokyb\u0117s med\u017eiagos ir kruop\u0161tus meistri\u0161kumas garantuoja ilgaam\u017ei\u0161kum\u0105 ir estetik\u0105, tod\u0117l \u0161is baldas idealiai tinka tiems, kurie ie\u0161ko funkcionalumo ir modernaus stiliaus derinio.<br \/>\nProdukto savyb\u0117s<br \/>\nLenki\u0161kas produktas,<br \/>\nauk\u0161\u010diausios kokyb\u0117s med\u017eiagos,<br \/>\nstalas pagamintas i\u0161 blizgios MDF plok\u0161t\u0117s,<br \/>\nblizgus juodas kvadratinis stalvir\u0161is,<br \/>\nstalvir\u0161io plotis 80 cm,<br \/>\nstalo kojos blizgios juodos spalvos,<br \/>\nreikalingas savaranki\u0161kas surinkimas,<br \/>\nSi\u016blome plat\u0173 bald\u0173 pasirinkim\u0105, skirt\u0105 pilnam nam\u0173 apstatymo sprendimui.<\/p>","protected":false},"excerpt":{"rendered":"<p>\u017demas DIVERSO 80 kavos staliukas stilingai svetainei. DIVERSO 80 kavos staliukas \u2013 puikus pasirinkimas tiems, kurie vertina modern\u0173 dizain\u0105 ir prakti\u0161kum\u0105. Jo konstrukcija pagaminta i\u0161 auk\u0161tos kokyb\u0117s laminuotos MDF plok\u0161t\u0117s, kurios eleganti\u0161kas juodas blizgesys suteikia staliukui prabangi\u0105 ir \u012fsp\u016bding\u0105 i\u0161vaizd\u0105. Laminatas, naudojamas [\u2026]<\/p>","protected":false},"featured_media":192142,"comment_status":"open","ping_status":"open","template":"","meta":[],"product_brand":[],"product_cat":[9606,866,4774],"product_tag":[],"class_list":{"0":"post-192141","1":"product","2":"type-product","3":"status-publish","4":"has-post-thumbnail","6":"product_cat-coffee-table-diverso-80x80-hubertus","7":"product_cat-coffee-tables","8":"product_cat-hubertus-design","10":"first","11":"instock","12":"purchasable","13":"product-type-simple"},"_links":{"self":[{"href":"https:\/\/baldumarket.lt\/lt\/wp-json\/wp\/v2\/product\/192141","targetHints":{"allow":["GET"]}}],"collection":[{"href":"https:\/\/baldumarket.lt\/lt\/wp-json\/wp\/v2\/product"}],"about":[{"href":"https:\/\/baldumarket.lt\/lt\/wp-json\/wp\/v2\/types\/product"}],"replies":[{"embeddable":true,"href":"https:\/\/baldumarket.lt\/lt\/wp-json\/wp\/v2\/comments?post=192141"}],"wp:featuredmedia":[{"embeddable":true,"href":"https:\/\/baldumarket.lt\/lt\/wp-json\/wp\/v2\/media\/192142"}],"wp:attachment":[{"href":"https:\/\/baldumarket.lt\/lt\/wp-json\/wp\/v2\/media?parent=192141"}],"wp:term":[{"taxonomy":"product_brand","embeddable":true,"href":"https:\/\/baldumarket.lt\/lt\/wp-json\/wp\/v2\/product_brand?post=192141"},{"taxonomy":"product_cat","embeddable":true,"href":"https:\/\/baldumarket.lt\/lt\/wp-json\/wp\/v2\/product_cat?post=192141"},{"taxonomy":"product_tag","embeddable":true,"href":"https:\/\/baldumarket.lt\/lt\/wp-json\/wp\/v2\/product_tag?post=192141"}],"curies":[{"name":"wp","href":"https:\/\/api.w.org\/{rel}","templated":true}]}}