{"id":192137,"date":"2025-12-23T13:42:28","date_gmt":"2025-12-23T10:42:28","guid":{"rendered":"https:\/\/baldumarket.lt\/product\/stolik-kawowy-diverso-80x80-czarny-polysk-bialy-polysk\/"},"modified":"2026-02-14T10:55:21","modified_gmt":"2026-02-14T07:55:21","slug":"stolik-kawowy-diverso-80x80-czarny-polysk-bialy-polysk","status":"publish","type":"product","link":"https:\/\/baldumarket.lt\/lt\/product\/stolik-kawowy-diverso-80x80-czarny-polysk-bialy-polysk\/","title":{"rendered":"DIVERSO kavos staliukas 80\u00d780 blizgi juoda\/blizgi balta"},"content":{"rendered":"<p>Stilingas DIVERSO 80 kavos staliukas, puikiai tinkantis svetainei ir pasi\u017eymintis \u017eavingu stiliumi.<br \/>\nDIVERSO 80 kavos staliukas \u2013 stilingas ir eleganti\u0161kas baldas, puikiai papildantis modern\u0173 interjer\u0105 ir pasi\u017eymintis i\u0161skirtiniu funkcionalumu. Jo blizgus, tamsiai juodos spalvos MDF stalvir\u0161is traukia d\u0117mes\u012f savo veidrodine apdaila. \u0160is sprendimas ne tik suteikia stalui prabangos, bet ir u\u017etikrina atsparum\u0105 \u012fbr\u0117\u017eimams bei lengv\u0105 valym\u0105. 80 cm x 80 cm stalvir\u0161is idealiai tinka kasdieniam naudojimui \u2013 d\u0117l jo pavir\u0161iaus lengvai pa\u0161alinamos net kar\u0161t\u0173 puodeli\u0173 ar atsitiktinio i\u0161siliejimo \u017eym\u0117s.<br \/>\nKvadratinis stalvir\u0161is su \u0161velniai u\u017eapvalintais kra\u0161tais ne tik atrodo eleganti\u0161kai, bet ir u\u017etikrina saugum\u0105, ypa\u010d kambariuose, kuriuose laik\u0105 leid\u017eia vaikai. Tvirtas stalo pagrindas, pagamintas i\u0161 MDF su balta blizgesio apdaila, sukuria harmoning\u0105 kontrast\u0105 su tamsiu stalvir\u0161iu. Blizgus balto pagrindo pavir\u0161ius ne tik suteikia interjerui modernumo, rafinuotumo, bet ir yra lengvai valomas, tod\u0117l prakti\u0161kas kasdieniam naudojimui.<br \/>\nStalo pagrindas, be puikaus stabilumo, pasi\u017eymi subtiliais, moderniais grioveliais, kurie suteikia vizualinio lengvumo ir elegancijos. Nepaisant eleganti\u0161ko dizaino, stalas i\u0161lieka funkcionalus, o tvirta konstrukcija garantuoja ilgaam\u017ei\u0161kum\u0105. D\u0117l auk\u0161tos kokyb\u0117s med\u017eiag\u0173, toki\u0173 kaip MDF su blizgia akrilo danga, naudojimo, stalas yra itin atsparus mechaniniams pa\u017eeidimams ir i\u0161or\u0117s veiksniams, tokiems kaip UV spinduliai, tod\u0117l spalva nei\u0161blunka.<br \/>\nDIVERSO 80 \u2013 tai unikalios estetikos kavos staliukas, puikiai derinantis prakti\u0161kum\u0105 ir modern\u0173 dizain\u0105. Minimalistin\u0117, ta\u010diau eleganti\u0161ka i\u0161vaizda idealiai tinka tiek moderniam, tiek klasikiniam interjerui, pabr\u0117\u017eiant j\u0173 unikal\u0173 charakter\u012f.<br \/>\nLenki\u0161kas produktas,<br \/>\nauk\u0161\u010diausios kokyb\u0117s med\u017eiagos,<br \/>\nstalas pagamintas i\u0161 blizgios MDF plok\u0161t\u0117s,<br \/>\nblizgus juodas kvadratinis vir\u0161us,<br \/>\nvir\u0161utinis plotis 80 cm,<br \/>\nstalo kojos blizgios baltos spalvos,<br \/>\nreikalingas savaranki\u0161kas surinkimas,<br \/>\nSi\u016blome plat\u0173 bald\u0173 pasirinkim\u0105 pilnam nam\u0173 apstatymui.<\/p>","protected":false},"excerpt":{"rendered":"<p>Stilingas DIVERSO 80 kavos staliukas svetainei. DIVERSO 80 kavos staliukas yra stilingas ir eleganti\u0161kas baldas, puikiai papildantis modern\u0173 interjero dizain\u0105 ir pasi\u017eymintis i\u0161skirtiniu funkcionalumu. Jo blizgus, tamsiai juodos spalvos MDF stalvir\u0161is patraukia d\u0117mes\u012f savo veidrodine apdaila. \u0160is sprendimas ne [\u2026]<\/p>","protected":false},"featured_media":192138,"comment_status":"open","ping_status":"open","template":"","meta":[],"product_brand":[],"product_cat":[9606,866,4774],"product_tag":[],"class_list":{"0":"post-192137","1":"product","2":"type-product","3":"status-publish","4":"has-post-thumbnail","6":"product_cat-coffee-table-diverso-80x80-hubertus","7":"product_cat-coffee-tables","8":"product_cat-hubertus-design","10":"first","11":"instock","12":"purchasable","13":"product-type-simple"},"_links":{"self":[{"href":"https:\/\/baldumarket.lt\/lt\/wp-json\/wp\/v2\/product\/192137","targetHints":{"allow":["GET"]}}],"collection":[{"href":"https:\/\/baldumarket.lt\/lt\/wp-json\/wp\/v2\/product"}],"about":[{"href":"https:\/\/baldumarket.lt\/lt\/wp-json\/wp\/v2\/types\/product"}],"replies":[{"embeddable":true,"href":"https:\/\/baldumarket.lt\/lt\/wp-json\/wp\/v2\/comments?post=192137"}],"wp:featuredmedia":[{"embeddable":true,"href":"https:\/\/baldumarket.lt\/lt\/wp-json\/wp\/v2\/media\/192138"}],"wp:attachment":[{"href":"https:\/\/baldumarket.lt\/lt\/wp-json\/wp\/v2\/media?parent=192137"}],"wp:term":[{"taxonomy":"product_brand","embeddable":true,"href":"https:\/\/baldumarket.lt\/lt\/wp-json\/wp\/v2\/product_brand?post=192137"},{"taxonomy":"product_cat","embeddable":true,"href":"https:\/\/baldumarket.lt\/lt\/wp-json\/wp\/v2\/product_cat?post=192137"},{"taxonomy":"product_tag","embeddable":true,"href":"https:\/\/baldumarket.lt\/lt\/wp-json\/wp\/v2\/product_tag?post=192137"}],"curies":[{"name":"wp","href":"https:\/\/api.w.org\/{rel}","templated":true}]}}