{"id":192134,"date":"2025-12-23T13:42:19","date_gmt":"2025-12-23T10:42:19","guid":{"rendered":"https:\/\/baldumarket.lt\/product\/stolik-kawowy-diverso-80x80-bialy-polysk-czarny-polysk\/"},"modified":"2026-02-14T10:55:21","modified_gmt":"2026-02-14T07:55:21","slug":"stolik-kawowy-diverso-80x80-bialy-polysk-czarny-polysk","status":"publish","type":"product","link":"https:\/\/baldumarket.lt\/lt\/product\/stolik-kawowy-diverso-80x80-bialy-polysk-czarny-polysk\/","title":{"rendered":"DIVERSO kavos staliukas 80&#215;80 blizgi balta\/blizgi juoda"},"content":{"rendered":"<p>Eleganti\u0161kas DIVERSO 80 kavos staliukas, pasi\u017eymintis \u017eavingu stiliumi, puikiai tiks svetainei.<br \/>\nDIVERSO 80 kavos staliukas \u2013 eleganti\u0161kas baldas, puikiai papildantis modern\u0173 interjer\u0105, derinantis stiling\u0105 dizain\u0105 su patvarumu ir funkcionalumu. Jo 80 cm x 80 cm stalvir\u0161is pagamintas i\u0161 patvarios MDF plok\u0161t\u0117s su blizgia akrilo danga, eleganti\u0161kos baltos spalvos. Lygus, blizgus pavir\u0161ius suteikia stalui i\u0161skirtinai modern\u0173 ir rafinuot\u0105 vaizd\u0105, be to, yra labai prakti\u0161kas \u2013 jis atsparus d\u0117m\u0117ms, \u012fbr\u0117\u017eimams ir auk\u0161tai temperat\u016brai, tod\u0117l idealiai tinka kasdieniam naudojimui. Stalas stovi ant tvirto MDF pagrindo su eleganti\u0161ka juoda blizgia apdaila. Pagrindas ne tik suteikia stabilumo, bet ir sukuria \u012fdom\u0173 kontrast\u0105 su \u0161viesiu stalvir\u0161iu, suteikdamas bendrai i\u0161vaizdai modernaus, i\u0161skirtinio charakterio. Blizgi juoda pagrindo apdaila yra ne tik esteti\u0161kai patraukli, bet ir prakti\u0161ka \u2013 pavir\u0161ius atsparus \u012fbr\u0117\u017eimams ir lengvai valomas, tod\u0117l stalas daugel\u012f met\u0173 i\u0161laikys savo nepriekai\u0161ting\u0105 i\u0161vaizd\u0105. Stalo konstrukcija buvo sukurta atsi\u017evelgiant \u012f tvirtum\u0105 ir ilgaam\u017ei\u0161kum\u0105, tod\u0117l jis yra ne tik esteti\u0161kai patrauklus, bet ir patvarus. Stalo pagrindas pasi\u017eymi subtiliais, u\u017eapvalintais kra\u0161tais, kurie pabr\u0117\u017eia modern\u0173 dizain\u0105 ir suteikia lengvumo, kartu padidindami saugum\u0105 naudojant namuose su vaikais.<br \/>\nDIVERSO 80 kavos staliukas su blizgiu baltu stalvir\u0161iu ir blizgiu juodu pagrindu yra modernios prabangos kvintesencija. Pagamintas i\u0161 auk\u0161\u010diausios kokyb\u0117s med\u017eiag\u0173, jis yra atsparus kasdieniam d\u0117v\u0117jimuisi, tod\u0117l puikiai tinka tiek svetain\u0117ms, tiek biurams. Kruop\u0161ti apdaila ir d\u0117mesys detal\u0117ms paver\u010dia j\u012f dekoratyviu bet kokio interjero akcentu, suteikian\u010diu elegancijos ir unikalaus stiliaus. Produkto savyb\u0117s<br \/>\nLenki\u0161kas produktas,<br \/>\nauk\u0161\u010diausios kokyb\u0117s med\u017eiagos,<br \/>\nstalas pagamintas i\u0161 blizgios MDF plok\u0161t\u0117s,<br \/>\nblizgus baltas kvadratinis stalvir\u0161is,<br \/>\nvir\u0161utinis plotis 80 cm,<br \/>\nstalo kojos blizgios juodos spalvos,<br \/>\nreikalingas savaranki\u0161kas surinkimas,<br \/>\nSi\u016blome plat\u0173 bald\u0173 pasirinkim\u0105, leid\u017eiant\u012f pilnai \u012frengti savo namus.<\/p>","protected":false},"excerpt":{"rendered":"<p>Eleganti\u0161kas DIVERSO 80 kavos staliukas, pasi\u017eymintis \u017eavingu stiliumi svetainei. DIVERSO 80 kavos staliukas yra eleganti\u0161kas baldas, puikiai papildantis modern\u0173 interjer\u0105, derinantis stiling\u0105 dizain\u0105 su patvarumu ir funkcionalumu. Jo 80 cm x 80 cm stalvir\u0161is pagamintas i\u0161 patvarios MDF plok\u0161t\u0117s su blizgia akrilo danga [\u2026]<\/p>","protected":false},"featured_media":192135,"comment_status":"open","ping_status":"open","template":"","meta":[],"product_brand":[],"product_cat":[9606,866,4774],"product_tag":[],"class_list":{"0":"post-192134","1":"product","2":"type-product","3":"status-publish","4":"has-post-thumbnail","6":"product_cat-coffee-table-diverso-80x80-hubertus","7":"product_cat-coffee-tables","8":"product_cat-hubertus-design","10":"first","11":"instock","12":"purchasable","13":"product-type-simple"},"_links":{"self":[{"href":"https:\/\/baldumarket.lt\/lt\/wp-json\/wp\/v2\/product\/192134","targetHints":{"allow":["GET"]}}],"collection":[{"href":"https:\/\/baldumarket.lt\/lt\/wp-json\/wp\/v2\/product"}],"about":[{"href":"https:\/\/baldumarket.lt\/lt\/wp-json\/wp\/v2\/types\/product"}],"replies":[{"embeddable":true,"href":"https:\/\/baldumarket.lt\/lt\/wp-json\/wp\/v2\/comments?post=192134"}],"wp:featuredmedia":[{"embeddable":true,"href":"https:\/\/baldumarket.lt\/lt\/wp-json\/wp\/v2\/media\/192135"}],"wp:attachment":[{"href":"https:\/\/baldumarket.lt\/lt\/wp-json\/wp\/v2\/media?parent=192134"}],"wp:term":[{"taxonomy":"product_brand","embeddable":true,"href":"https:\/\/baldumarket.lt\/lt\/wp-json\/wp\/v2\/product_brand?post=192134"},{"taxonomy":"product_cat","embeddable":true,"href":"https:\/\/baldumarket.lt\/lt\/wp-json\/wp\/v2\/product_cat?post=192134"},{"taxonomy":"product_tag","embeddable":true,"href":"https:\/\/baldumarket.lt\/lt\/wp-json\/wp\/v2\/product_tag?post=192134"}],"curies":[{"name":"wp","href":"https:\/\/api.w.org\/{rel}","templated":true}]}}