{"id":192131,"date":"2025-12-23T13:42:07","date_gmt":"2025-12-23T10:42:07","guid":{"rendered":"https:\/\/baldumarket.lt\/product\/stolik-kawowy-diverso-80x80-szary-polysk-bialy-polysk\/"},"modified":"2026-02-14T10:55:21","modified_gmt":"2026-02-14T07:55:21","slug":"stolik-kawowy-diverso-80x80-szary-polysk-bialy-polysk","status":"publish","type":"product","link":"https:\/\/baldumarket.lt\/lt\/product\/stolik-kawowy-diverso-80x80-szary-polysk-bialy-polysk\/","title":{"rendered":"DIVERSO kavos staliukas 80&#215;80 blizgi pilka\/blizgi balta"},"content":{"rendered":"<p>Modernus, prabangus DIVERSO 80 kavos staliukas svetainei<br \/>\nDIVERSO 80 kavos staliukas yra \u0161iuolaikinio dizaino pavyzdys, meistri\u0161kai derinantis elegancij\u0105 ir funkcionalum\u0105, si\u016blantis i\u0161skirtin\u0119 estetik\u0105 ir auk\u0161tos kokyb\u0117s meistri\u0161kum\u0105. 80 cm x 80 cm stalvir\u0161is pagamintas i\u0161 patvarios MDF plok\u0161t\u0117s su blizgia pilka akrilo danga. \u0160i apdaila ne tik suteikia stalui i\u0161skirtinai eleganti\u0161k\u0105 i\u0161vaizd\u0105, bet ir si\u016blo praktini\u0173 privalum\u0173. Blizgus pilkas stalvir\u0161is atspindi \u0161vies\u0105, sukurdamas subtil\u0173 veidrodin\u012f efekt\u0105, kuris suteikia bet kokiai erdvei lengvumo ir modernumo. Be to, akrilo danga yra labai atspari \u012fbr\u0117\u017eimams, d\u0117m\u0117ms ir auk\u0161tai temperat\u016brai, tod\u0117l stalas yra labai funkcionalus kasdieniam naudojimui.<br \/>\nStalo pagrindas \u2013 tvirta MDF plok\u0161t\u0117, eleganti\u0161kos, blizgios baltos spalvos. Blizgi, \u0161viesi apdaila suteikia stalui rafinuoto charakterio ir puikiai dera su pilku stalvir\u0161iu, sukurdama harmoning\u0105 kontrast\u0105. Blizgi balta apdaila ne tik traukia ak\u012f, bet ir yra labai patvari bei atspari pa\u017eeidimams, tod\u0117l prailgina baldo tarnavimo laik\u0105. Be to, lygus pavir\u0161ius leid\u017eia j\u012f lengvai valyti, o tai ypa\u010d svarbu da\u017enai naudojamose patalpose.<br \/>\nApvaliais kra\u0161tais stalvir\u0161is ne tik pabr\u0117\u017eia moderni\u0105 baldo form\u0105, bet ir padidina saugum\u0105, tod\u0117l DIVERSO 80 yra idealus pasirinkimas \u0161eimyniniams namams. Pavir\u0161i\u0173 lengva valyti, o atsparumas d\u0117m\u0117ms ir \u017eym\u0117ms nuo kar\u0161t\u0173 puodeli\u0173 u\u017etikrina ilgalaik\u0119, esteti\u0161kai patraukli\u0105 i\u0161vaizd\u0105.<br \/>\nDIVERSO 80 kavos staliukas \u2013 tai baldas, kuris harmoningai \u012fsilies tiek \u012f modern\u0173, minimalistin\u012f, tiek \u012f klasikin\u012f interjer\u0105, suteikdamas prabangos ir elegancijos. Unikalus blizgaus pilko stalvir\u0161io ir blizgaus balto pagrindo derinys paver\u010dia DIVERSO 80 kavos staliuk\u0105 stilingu bet kurios svetain\u0117s akcentu, pasi\u017eymin\u010diu puikiu meistri\u0161kumu ir auk\u0161\u010diausio lygio funkcionalumu. Produkto savyb\u0117s<br \/>\nLenki\u0161kas produktas,<br \/>\nauk\u0161\u010diausios kokyb\u0117s med\u017eiagos,<br \/>\nstalas pagamintas i\u0161 blizgios MDF plok\u0161t\u0117s,<br \/>\nblizgus pilkas kvadratinis vir\u0161us,<br \/>\nvir\u0161utinis plotis 80 cm,<br \/>\nstalo kojos blizgios baltos spalvos,<br \/>\nreikalingas savaranki\u0161kas surinkimas,<br \/>\nSi\u016blome plat\u0173 bald\u0173 pasirinkim\u0105, leid\u017eiant\u012f pilnai \u012frengti savo namus.<\/p>","protected":false},"excerpt":{"rendered":"<p>Modernus, prabangus DIVERSO 80 kavos staliukas svetainei. DIVERSO 80 kavos staliukas yra \u0161iuolaikinio dizaino pavyzdys, meistri\u0161kai derinantis elegancij\u0105 su funkcionalumu, si\u016blantis i\u0161skirtin\u0119 estetik\u0105 ir auk\u0161tos kokyb\u0117s meistri\u0161kum\u0105. 80 cm x 80 cm stalvir\u0161is pagamintas i\u0161 patvarios MDF plok\u0161t\u0117s su blizgia pilka akrilo danga. \u0160i apdaila [\u2026]<\/p>","protected":false},"featured_media":192132,"comment_status":"open","ping_status":"open","template":"","meta":[],"product_brand":[],"product_cat":[9606,866,4774],"product_tag":[],"class_list":{"0":"post-192131","1":"product","2":"type-product","3":"status-publish","4":"has-post-thumbnail","6":"product_cat-coffee-table-diverso-80x80-hubertus","7":"product_cat-coffee-tables","8":"product_cat-hubertus-design","10":"first","11":"instock","12":"purchasable","13":"product-type-simple"},"_links":{"self":[{"href":"https:\/\/baldumarket.lt\/lt\/wp-json\/wp\/v2\/product\/192131","targetHints":{"allow":["GET"]}}],"collection":[{"href":"https:\/\/baldumarket.lt\/lt\/wp-json\/wp\/v2\/product"}],"about":[{"href":"https:\/\/baldumarket.lt\/lt\/wp-json\/wp\/v2\/types\/product"}],"replies":[{"embeddable":true,"href":"https:\/\/baldumarket.lt\/lt\/wp-json\/wp\/v2\/comments?post=192131"}],"wp:featuredmedia":[{"embeddable":true,"href":"https:\/\/baldumarket.lt\/lt\/wp-json\/wp\/v2\/media\/192132"}],"wp:attachment":[{"href":"https:\/\/baldumarket.lt\/lt\/wp-json\/wp\/v2\/media?parent=192131"}],"wp:term":[{"taxonomy":"product_brand","embeddable":true,"href":"https:\/\/baldumarket.lt\/lt\/wp-json\/wp\/v2\/product_brand?post=192131"},{"taxonomy":"product_cat","embeddable":true,"href":"https:\/\/baldumarket.lt\/lt\/wp-json\/wp\/v2\/product_cat?post=192131"},{"taxonomy":"product_tag","embeddable":true,"href":"https:\/\/baldumarket.lt\/lt\/wp-json\/wp\/v2\/product_tag?post=192131"}],"curies":[{"name":"wp","href":"https:\/\/api.w.org\/{rel}","templated":true}]}}