{"id":192128,"date":"2025-12-23T13:41:56","date_gmt":"2025-12-23T10:41:56","guid":{"rendered":"https:\/\/baldumarket.lt\/product\/stolik-kawowy-diverso-80x80-czarny-mat\/"},"modified":"2026-02-14T10:55:21","modified_gmt":"2026-02-14T07:55:21","slug":"stolik-kawowy-diverso-80x80-czarny-mat","status":"publish","type":"product","link":"https:\/\/baldumarket.lt\/lt\/product\/stolik-kawowy-diverso-80x80-czarny-mat\/","title":{"rendered":"DIVERSO kavos staliukas 80&#215;80 juodas matinis"},"content":{"rendered":"<p>\u017demas DIVERSO 80 kavos staliukas stilingai svetainei<br \/>\nDIVERSO 80 kavos staliukas \u2013 tai unikalus baldas, kuriame dera minimalistinis dizainas ir modernios technologijos. Jo kvadratinis 80 cm x 80 cm stalvir\u0161is pagamintas i\u0161 MDF plok\u0161t\u0117s, kurios eleganti\u0161ka, matin\u0117 juoda spalva suteikia jam rafinuot\u0105 charakter\u012f. Stalvir\u0161is padengtas novatori\u0161ka danga, apsaugan\u010dia nuo pir\u0161t\u0173 atspaud\u0173, kuri suma\u017eina pir\u0161t\u0173 atspaud\u0173 ir kit\u0173 d\u0117mi\u0173 matomum\u0105. D\u0117l to stalvir\u0161is lengvai valomas, tod\u0117l idealiai tinka kasdieniam naudojimui net ir intensyviai naudojamuose interjeruose. Matin\u0117 stalvir\u0161io tekst\u016bra ne tik suteikia jam modern\u0173 vaizd\u0105, bet ir yra atspari \u012fbr\u0117\u017eimams, d\u0117m\u0117ms ir kar\u0161t\u0173 ind\u0173 \u017eym\u0117ms, padidindama jo patvarum\u0105 ir funkcionalum\u0105. Apsauga nuo pir\u0161t\u0173 atspaud\u0173 yra didelis privalumas, ypa\u010d namuose, kur stalvir\u0161is da\u017enai naudojamas kavai ar u\u017ekand\u017eiams patiekti, nes ji suma\u017eina da\u017eno valymo poreik\u012f ir padeda i\u0161laikyti nepriekai\u0161ting\u0105 i\u0161vaizd\u0105. Stalo pagrindas, kaip ir stalvir\u0161is, pagamintas i\u0161 MDF plok\u0161t\u0117s su tamsia, matine juoda apdaila, kuri sustiprina bendr\u0105 elegancij\u0105. Pagrindo konstrukcija yra stabili ir tvirta, suteikianti tinkam\u0105 atram\u0105 stalvir\u0161iui ir u\u017etikrinanti ilgalaik\u012f patvarum\u0105. Matinis pavir\u0161ius, be to, kad yra malonus liesti, dera prie \u012fvairi\u0173 interjero stili\u0173, suteikdamas modernumo ir subtilios elegancijos.<br \/>\nDIVERSO 80 i\u0161siskiria ne tik savo dizainu, bet ir prakti\u0161kumu. Apval\u016bs stalvir\u0161io kra\u0161tai ne tik padidina saugum\u0105, bet ir pabr\u0117\u017eia rafinuot\u0105 stalo form\u0105. MDF plok\u0161t\u0117s su specialia danga naudojimas padidina jo atsparum\u0105 kasdieniam naudojimui, o matin\u0117 juoda spalva suteikia bet kokiam interjerui modernumo, sukurdama mading\u0105 ir i\u0161skirtin\u012f akcent\u0105.<br \/>\nDIVERSO 80 stalas \u2013 puikus pasirinkimas tiems, kurie vertina ir estetik\u0105, ir patogum\u0105. Produkto savyb\u0117s<br \/>\nLenki\u0161kas produktas,<br \/>\nauk\u0161\u010diausios kokyb\u0117s med\u017eiagos,<br \/>\nstalas pagamintas i\u0161 matinio MDF,<br \/>\napsauga nuo pir\u0161t\u0173 atspaud\u0173,<br \/>\njuodas kvadratinis vir\u0161us,<br \/>\nvir\u0161utinis plotis 80 cm,<br \/>\nstalo kojos matin\u0117s juodos spalvos,<br \/>\nreikalingas savaranki\u0161kas surinkimas,<br \/>\nSi\u016blome plat\u0173 bald\u0173 pasirinkim\u0105 pilnam nam\u0173 apstatymui.<\/p>","protected":false},"excerpt":{"rendered":"<p>\u017demas DIVERSO 80 kavos staliukas stilingai svetainei. DIVERSO 80 kavos staliukas \u2013 tai unikalus baldas, kuriame derinamas minimalistinis dizainas ir modernios technologijos. Jo kvadratinis 80 cm x 80 cm stalvir\u0161is pagamintas i\u0161 MDF plok\u0161t\u0117s, padengtos eleganti\u0161ka, matine juoda apdaila, suteikian\u010dia jam rafinuot\u0105 [\u2026]<\/p>","protected":false},"featured_media":192129,"comment_status":"open","ping_status":"open","template":"","meta":[],"product_brand":[],"product_cat":[9606,866,4774],"product_tag":[],"class_list":{"0":"post-192128","1":"product","2":"type-product","3":"status-publish","4":"has-post-thumbnail","6":"product_cat-coffee-table-diverso-80x80-hubertus","7":"product_cat-coffee-tables","8":"product_cat-hubertus-design","10":"first","11":"instock","12":"purchasable","13":"product-type-simple"},"_links":{"self":[{"href":"https:\/\/baldumarket.lt\/lt\/wp-json\/wp\/v2\/product\/192128","targetHints":{"allow":["GET"]}}],"collection":[{"href":"https:\/\/baldumarket.lt\/lt\/wp-json\/wp\/v2\/product"}],"about":[{"href":"https:\/\/baldumarket.lt\/lt\/wp-json\/wp\/v2\/types\/product"}],"replies":[{"embeddable":true,"href":"https:\/\/baldumarket.lt\/lt\/wp-json\/wp\/v2\/comments?post=192128"}],"wp:featuredmedia":[{"embeddable":true,"href":"https:\/\/baldumarket.lt\/lt\/wp-json\/wp\/v2\/media\/192129"}],"wp:attachment":[{"href":"https:\/\/baldumarket.lt\/lt\/wp-json\/wp\/v2\/media?parent=192128"}],"wp:term":[{"taxonomy":"product_brand","embeddable":true,"href":"https:\/\/baldumarket.lt\/lt\/wp-json\/wp\/v2\/product_brand?post=192128"},{"taxonomy":"product_cat","embeddable":true,"href":"https:\/\/baldumarket.lt\/lt\/wp-json\/wp\/v2\/product_cat?post=192128"},{"taxonomy":"product_tag","embeddable":true,"href":"https:\/\/baldumarket.lt\/lt\/wp-json\/wp\/v2\/product_tag?post=192128"}],"curies":[{"name":"wp","href":"https:\/\/api.w.org\/{rel}","templated":true}]}}