{"id":192124,"date":"2025-12-23T13:41:41","date_gmt":"2025-12-23T10:41:41","guid":{"rendered":"https:\/\/baldumarket.lt\/product\/stolik-kawowy-diverso-80x80-bialy-mat\/"},"modified":"2026-02-14T10:55:21","modified_gmt":"2026-02-14T07:55:21","slug":"stolik-kawowy-diverso-80x80-bialy-mat","status":"publish","type":"product","link":"https:\/\/baldumarket.lt\/lt\/product\/stolik-kawowy-diverso-80x80-bialy-mat\/","title":{"rendered":"DIVERSO kavos staliukas 80&#215;80 baltas matinis"},"content":{"rendered":"<p>Stilingas, prabangus DIVERSO 80 kavos staliukas svetainei<br \/>\nMatin\u0117s baltos spalvos kavos staliukas \u201eDIVERSO 80\u201c \u2013 tai tobulas modernumo, funkcionalumo ir auk\u0161tos kokyb\u0117s med\u017eiag\u0173 derinys. Jo tvirtas MDF stalvir\u0161is padengtas novatori\u0161ka matine danga, apsaugan\u010dia nuo pir\u0161t\u0173 atspaud\u0173. \u0160is sprendimas u\u017etikrina, kad stalas i\u0161laikyt\u0173 eleganti\u0161k\u0105 i\u0161vaizd\u0105 kiekvien\u0105 dien\u0105 ir b\u016bt\u0173 itin lengva pri\u017ei\u016br\u0117ti. Pavir\u0161ius taip pat atsparus \u012fbr\u0117\u017eimams, d\u0117m\u0117ms ir kar\u0161t\u0173 virtuv\u0117s reikmen\u0173 \u017eym\u0117ms, tod\u0117l idealiai tinka kasdieniam naudojimui svetain\u0117je ar valgomajame. Suapvalinti stalvir\u0161io kra\u0161tai ne tik suteikia subtilumo, bet ir padidina saugum\u0105, ypa\u010d kambariuose, kuriuose gyvena vaikai.<br \/>\nStalo pagrindas taip pat pagamintas i\u0161 auk\u0161tos kokyb\u0117s MDF plok\u0161t\u0117s su matine balta danga, pabr\u0117\u017eian\u010dia modern\u0173 ir minimalistin\u012f baldo charakter\u012f. Nepaisant lengvo dizaino, stalas yra stabilus ir patvarus d\u0117l tikslios gamybos ir kruop\u0161\u010diai parinkt\u0173 med\u017eiag\u0173. Konstrukcija garantuoja ilgaam\u017ei\u0161kum\u0105 ir tvirtum\u0105, tod\u0117l DIVERSO 80 stalas yra ilgaam\u017eis baldas.<br \/>\nBendras dizainas sukuria harmoning\u0105, eleganti\u0161k\u0105 stal\u0105, kuris papildo tiek modern\u0173, tiek klasikin\u012f interjer\u0105, si\u016blydamas auk\u0161\u010diausio lygio estetik\u0105 ir funkcionalum\u0105.<br \/>\nProdukto savyb\u0117s<br \/>\nLenki\u0161kas produktas,<br \/>\nAuk\u0161\u010diausios kokyb\u0117s med\u017eiagos,<br \/>\nApsaugin\u0117 danga nuo pir\u0161t\u0173 atspaud\u0173,<br \/>\nStalas pagamintas i\u0161 matinio MDF,<br \/>\nKvadratinis baltas stalvir\u0161is,<br \/>\n80 cm stalo plotis,<br \/>\nMatin\u0117s baltos stalo kojos,<br \/>\nReikalingas savaranki\u0161kas surinkimas.<br \/>\nSi\u016blome plat\u0173 bald\u0173 pasirinkim\u0105, skirt\u0105 pilnam nam\u0173 apstatymo sprendimui.<\/p>","protected":false},"excerpt":{"rendered":"<p>Stilingas, prabangus DIVERSO 80 kavos staliukas svetainei. Matin\u0117s baltos spalvos DIVERSO 80 kavos staliukas \u2013 tai puikus modernumo, funkcionalumo ir auk\u0161tos kokyb\u0117s med\u017eiag\u0173 derinys. Jo tvirtas MDF stalvir\u0161is padengtas novatori\u0161ka matine danga, apsaugan\u010dia nuo pir\u0161t\u0173 atspaud\u0173. \u0160is sprendimas u\u017etikrina, kad staliukas i\u0161laikyt\u0173 savo [\u2026]<\/p>","protected":false},"featured_media":192125,"comment_status":"open","ping_status":"open","template":"","meta":[],"product_brand":[],"product_cat":[9606,866,4774],"product_tag":[],"class_list":{"0":"post-192124","1":"product","2":"type-product","3":"status-publish","4":"has-post-thumbnail","6":"product_cat-coffee-table-diverso-80x80-hubertus","7":"product_cat-coffee-tables","8":"product_cat-hubertus-design","10":"first","11":"instock","12":"purchasable","13":"product-type-simple"},"_links":{"self":[{"href":"https:\/\/baldumarket.lt\/lt\/wp-json\/wp\/v2\/product\/192124","targetHints":{"allow":["GET"]}}],"collection":[{"href":"https:\/\/baldumarket.lt\/lt\/wp-json\/wp\/v2\/product"}],"about":[{"href":"https:\/\/baldumarket.lt\/lt\/wp-json\/wp\/v2\/types\/product"}],"replies":[{"embeddable":true,"href":"https:\/\/baldumarket.lt\/lt\/wp-json\/wp\/v2\/comments?post=192124"}],"wp:featuredmedia":[{"embeddable":true,"href":"https:\/\/baldumarket.lt\/lt\/wp-json\/wp\/v2\/media\/192125"}],"wp:attachment":[{"href":"https:\/\/baldumarket.lt\/lt\/wp-json\/wp\/v2\/media?parent=192124"}],"wp:term":[{"taxonomy":"product_brand","embeddable":true,"href":"https:\/\/baldumarket.lt\/lt\/wp-json\/wp\/v2\/product_brand?post=192124"},{"taxonomy":"product_cat","embeddable":true,"href":"https:\/\/baldumarket.lt\/lt\/wp-json\/wp\/v2\/product_cat?post=192124"},{"taxonomy":"product_tag","embeddable":true,"href":"https:\/\/baldumarket.lt\/lt\/wp-json\/wp\/v2\/product_tag?post=192124"}],"curies":[{"name":"wp","href":"https:\/\/api.w.org\/{rel}","templated":true}]}}