{"id":192121,"date":"2025-12-23T13:41:31","date_gmt":"2025-12-23T10:41:31","guid":{"rendered":"https:\/\/baldumarket.lt\/product\/stolik-kawowy-diverso-80x80-bialy-mat-czarny-mat\/"},"modified":"2026-02-14T10:55:21","modified_gmt":"2026-02-14T07:55:21","slug":"stolik-kawowy-diverso-80x80-bialy-mat-czarny-mat","status":"publish","type":"product","link":"https:\/\/baldumarket.lt\/lt\/product\/stolik-kawowy-diverso-80x80-bialy-mat-czarny-mat\/","title":{"rendered":"DIVERSO kavos staliukas 80&#215;80 matin\u0117 balta\/matin\u0117 juoda"},"content":{"rendered":"<p>Esteti\u0161kai patrauklus DIVERSO 80 kavos staliukas, puo\u0161nus svetainei<br \/>\nEleganti\u0161kos apdailos, matin\u0117s baltos spalvos stalvir\u0161iu ir matin\u0117s juodos spalvos pagrindu pasi\u017eymintis kavos staliukas DIVERSO 80 yra modernus baldas, kuriame dera stilius ir funkcionalumas. Staliukas pagamintas i\u0161 auk\u0161tos kokyb\u0117s MDF plok\u0161t\u0117s ir padengtas matine, pir\u0161t\u0173 atspaudus nepaliekan\u010dia danga, kuri yra atspari pir\u0161t\u0173 atspaudams ir lengvai valoma. Be to, matin\u0117 danga apsaugo stalvir\u0161\u012f nuo \u012fbr\u0117\u017eim\u0173, d\u0117mi\u0173 ir kar\u0161t\u0173 virtuv\u0117s reikmen\u0173 \u017eymi\u0173, tod\u0117l jis idealiai tinka kasdieniam naudojimui namuose.<br \/>\nStalo vir\u0161aus matmenys yra 80 \u00d7 80 cm, o auk\u0161tis \u2013 50 cm, tod\u0117l jis universalus \u2013 puikiai tinka tiek kaip kavos staliukas, tiek kaip prakti\u0161kas baldas svetain\u0117je. Apval\u016bs stalo kra\u0161tai suteikia subtilaus \u017eavesio ir padidina saugum\u0105, ypa\u010d namuose su vaikais.<br \/>\nMatin\u0117s juodos spalvos MDF pagrindas u\u017etikrina stalo stabilum\u0105 ir modern\u0173, minimalistin\u012f vaizd\u0105. Matinis pavir\u0161ius suteikia stalui rafinuoto charakterio ir yra atsparus dilimui. Tvirta pagrindo konstrukcija garantuoja ilgaam\u017ei\u0161kum\u0105 ir tvirtum\u0105, tod\u0117l stalas yra stabilus ir funkcionalus, idealiai tinkantis kasdieniam naudojimui.<br \/>\nD\u0117l balto stalvir\u0161io ir juodo pagrindo derinio DIVERSO 80 stalas interjerui suteikia modernaus kontrasto ir elegancijos, tod\u0117l jis tampa bet kurios svetain\u0117s ar poilsio zonos traukos centru.<br \/>\nProdukto savyb\u0117s<br \/>\nLenki\u0161kas produktas,<br \/>\nauk\u0161\u010diausios kokyb\u0117s med\u017eiagos,<br \/>\nstalas pagamintas i\u0161 matinio MDF,<br \/>\napsauga nuo pir\u0161t\u0173 atspaud\u0173,<br \/>\nkvadratin\u0117 balta vir\u0161utin\u0117 dalis,<br \/>\nvir\u0161utinis plotis 80 cm,<br \/>\nstalo kojos matin\u0117s juodos spalvos,<br \/>\nreikalingas savaranki\u0161kas surinkimas,<br \/>\nSi\u016blome plat\u0173 bald\u0173 pasirinkim\u0105 pilnam nam\u0173 apstatymui.<\/p>","protected":false},"excerpt":{"rendered":"<p>Esteti\u0161kai patrauklus DIVERSO 80 kavos staliukas, pasi\u017eymintis prabangiu stiliumi svetainei. Eleganti\u0161kos apdailos, matin\u0117s baltos spalvos stalvir\u0161iu ir matin\u0117s juodos spalvos pagrindu pasi\u017eymintis DIVERSO 80 kavos staliukas yra modernus baldas, kuriame dera stilius ir funkcionalumas. Stalvir\u0161is pagamintas i\u0161 auk\u0161tos kokyb\u0117s MDF plok\u0161t\u0117s ir padengtas matine danga, apsaugan\u010dia nuo pir\u0161t\u0173 atspaud\u0173 [\u2026]<\/p>","protected":false},"featured_media":192122,"comment_status":"open","ping_status":"open","template":"","meta":[],"product_brand":[],"product_cat":[9606,866,4774],"product_tag":[],"class_list":{"0":"post-192121","1":"product","2":"type-product","3":"status-publish","4":"has-post-thumbnail","6":"product_cat-coffee-table-diverso-80x80-hubertus","7":"product_cat-coffee-tables","8":"product_cat-hubertus-design","10":"first","11":"instock","12":"purchasable","13":"product-type-simple"},"_links":{"self":[{"href":"https:\/\/baldumarket.lt\/lt\/wp-json\/wp\/v2\/product\/192121","targetHints":{"allow":["GET"]}}],"collection":[{"href":"https:\/\/baldumarket.lt\/lt\/wp-json\/wp\/v2\/product"}],"about":[{"href":"https:\/\/baldumarket.lt\/lt\/wp-json\/wp\/v2\/types\/product"}],"replies":[{"embeddable":true,"href":"https:\/\/baldumarket.lt\/lt\/wp-json\/wp\/v2\/comments?post=192121"}],"wp:featuredmedia":[{"embeddable":true,"href":"https:\/\/baldumarket.lt\/lt\/wp-json\/wp\/v2\/media\/192122"}],"wp:attachment":[{"href":"https:\/\/baldumarket.lt\/lt\/wp-json\/wp\/v2\/media?parent=192121"}],"wp:term":[{"taxonomy":"product_brand","embeddable":true,"href":"https:\/\/baldumarket.lt\/lt\/wp-json\/wp\/v2\/product_brand?post=192121"},{"taxonomy":"product_cat","embeddable":true,"href":"https:\/\/baldumarket.lt\/lt\/wp-json\/wp\/v2\/product_cat?post=192121"},{"taxonomy":"product_tag","embeddable":true,"href":"https:\/\/baldumarket.lt\/lt\/wp-json\/wp\/v2\/product_tag?post=192121"}],"curies":[{"name":"wp","href":"https:\/\/api.w.org\/{rel}","templated":true}]}}