{"id":192118,"date":"2025-12-23T13:41:19","date_gmt":"2025-12-23T10:41:19","guid":{"rendered":"https:\/\/baldumarket.lt\/product\/stolik-kawowy-diverso-80x80-szary-mat-bialy-mat\/"},"modified":"2026-02-14T10:55:21","modified_gmt":"2026-02-14T07:55:21","slug":"stolik-kawowy-diverso-80x80-szary-mat-bialy-mat","status":"publish","type":"product","link":"https:\/\/baldumarket.lt\/lt\/product\/stolik-kawowy-diverso-80x80-szary-mat-bialy-mat\/","title":{"rendered":"DIVERSO kavos staliukas 80&#215;80 matin\u0117 pilka\/matin\u0117 balta"},"content":{"rendered":"<p>Rafinuotas, prabangus DIVERSO 80 kavos staliukas svetainei<br \/>\nDIVERSO 80 kavos staliukas su matiniu pilku stalvir\u0161iu ir matiniu baltu pagrindu yra stilingas ir funkcionalus bet kokio modernaus interjero papildymas. 80\u00d780 cm stalvir\u0161is pagamintas i\u0161 auk\u0161tos kokyb\u0117s MDF ir padengtas matine antipiren\u0173 danga, kuri efektyviai apsaugo nuo pir\u0161t\u0173 atspaud\u0173, \u012fbr\u0117\u017eim\u0173 ir d\u0117mi\u0173. \u0160i danga staliuk\u0105 daro ne tik esteti\u0161kai patraukl\u0173, bet ir lengvai valom\u0105, tod\u0117l jis idealiai tinka kasdieniam naudojimui.<br \/>\nMatin\u0117s pilkos spalvos stalvir\u0161is, pasi\u017eymintis subtiliu, minimalistiniu dizainu, harmoningai dera prie \u012fvairi\u0173 interjero dizain\u0173, suteikdamas modernumo. Suapvalinti kra\u0161tai pabr\u0117\u017eia eleganti\u0161kas baldo linijas ir kartu padidina saugum\u0105, ypa\u010d \u0161eimos kambariuose.<br \/>\nStalo pagrindas pagamintas i\u0161 tvirtos, matin\u0117s baltos MDF plok\u0161t\u0117s. Balta apdaila ne tik kontrastuoja su pilku stalvir\u0161iu, suteikdama stalui modernaus \u017eavesio, bet ir yra patvari bei atspari kasdieniam naudojimui. Matinis pagrindas apsaugo nuo ne\u0161varum\u0173 ir \u017eymi\u0173 matomumo, u\u017etikrindamas ilgalaik\u0119 estetik\u0105.<br \/>\nDIVERSO 80 \u2013 tai elegancijos ir patvarumo derinys \u2013 idealus pasirinkimas vertinantiems modern\u0173 dizain\u0105 ir prakti\u0161kum\u0105. D\u0117l tvirt\u0173 med\u017eiag\u0173 ir apgalvotos apdailos \u0161is stalas puikiai atrodys tiek svetain\u0117je, tiek kitose nam\u0173 erdv\u0117se.<br \/>\nProdukto savyb\u0117s<br \/>\nLenki\u0161kas produktas,<br \/>\nauk\u0161\u010diausios kokyb\u0117s med\u017eiagos,<br \/>\nstalas pagamintas i\u0161 matinio MDF,<br \/>\napsauga nuo pir\u0161t\u0173 atspaud\u0173,<br \/>\npilkas kvadratinis vir\u0161us,<br \/>\nvir\u0161utinis plotis 80 cm,<br \/>\nstalo kojos matin\u0117s baltos spalvos,<br \/>\nreikalingas savaranki\u0161kas surinkimas,<br \/>\nSi\u016blome plat\u0173 bald\u0173 pasirinkim\u0105, skirt\u0105 pilnam nam\u0173 apstatymo sprendimui.<\/p>","protected":false},"excerpt":{"rendered":"<p>Rafinuotas, prabangus DIVERSO 80 kavos staliukas svetainei. DIVERSO 80 kavos staliukas su matiniu pilku stalvir\u0161iu ir matiniu baltu pagrindu yra stilingas ir funkcionalus bet kokio modernaus interjero papildymas. 80 \u00d7 80 cm stalvir\u0161is pagamintas i\u0161 auk\u0161tos kokyb\u0117s MDF ir padengtas matine danga, apsaugan\u010dia nuo pir\u0161t\u0173 atspaud\u0173, kuri efektyviai apsaugo nuo pir\u0161t\u0173 atspaud\u0173 [\u2026]<\/p>","protected":false},"featured_media":192119,"comment_status":"open","ping_status":"open","template":"","meta":[],"product_brand":[],"product_cat":[9606,866,4774],"product_tag":[],"class_list":{"0":"post-192118","1":"product","2":"type-product","3":"status-publish","4":"has-post-thumbnail","6":"product_cat-coffee-table-diverso-80x80-hubertus","7":"product_cat-coffee-tables","8":"product_cat-hubertus-design","10":"first","11":"instock","12":"purchasable","13":"product-type-simple"},"_links":{"self":[{"href":"https:\/\/baldumarket.lt\/lt\/wp-json\/wp\/v2\/product\/192118","targetHints":{"allow":["GET"]}}],"collection":[{"href":"https:\/\/baldumarket.lt\/lt\/wp-json\/wp\/v2\/product"}],"about":[{"href":"https:\/\/baldumarket.lt\/lt\/wp-json\/wp\/v2\/types\/product"}],"replies":[{"embeddable":true,"href":"https:\/\/baldumarket.lt\/lt\/wp-json\/wp\/v2\/comments?post=192118"}],"wp:featuredmedia":[{"embeddable":true,"href":"https:\/\/baldumarket.lt\/lt\/wp-json\/wp\/v2\/media\/192119"}],"wp:attachment":[{"href":"https:\/\/baldumarket.lt\/lt\/wp-json\/wp\/v2\/media?parent=192118"}],"wp:term":[{"taxonomy":"product_brand","embeddable":true,"href":"https:\/\/baldumarket.lt\/lt\/wp-json\/wp\/v2\/product_brand?post=192118"},{"taxonomy":"product_cat","embeddable":true,"href":"https:\/\/baldumarket.lt\/lt\/wp-json\/wp\/v2\/product_cat?post=192118"},{"taxonomy":"product_tag","embeddable":true,"href":"https:\/\/baldumarket.lt\/lt\/wp-json\/wp\/v2\/product_tag?post=192118"}],"curies":[{"name":"wp","href":"https:\/\/api.w.org\/{rel}","templated":true}]}}