{"id":192115,"date":"2025-12-23T13:41:04","date_gmt":"2025-12-23T10:41:04","guid":{"rendered":"https:\/\/baldumarket.lt\/product\/stolik-kawowy-diverso-80x80-czarny-mat-bialy-mat\/"},"modified":"2026-02-14T10:55:12","modified_gmt":"2026-02-14T07:55:12","slug":"stolik-kawowy-diverso-80x80-czarny-mat-bialy-mat","status":"publish","type":"product","link":"https:\/\/baldumarket.lt\/lt\/product\/stolik-kawowy-diverso-80x80-czarny-mat-bialy-mat\/","title":{"rendered":"DIVERSO kavos staliukas 80&#215;80 matin\u0117 juoda\/matin\u0117 balta"},"content":{"rendered":"<p>Minimalistinis DIVERSO 80 kavos staliukas \u017eavingo stiliaus svetainei<br \/>\nDIVERSO 80 kavos staliukas su matin\u0117s juodos spalvos stalvir\u0161iu ir matin\u0117s baltos spalvos pagrindu yra eleganti\u0161kas, ta\u010diau funkcionalus baldas, puikiai papildantis modern\u0173 interjer\u0105. 80\u00d780 cm stalvir\u0161is pagamintas i\u0161 patvarios MDF plok\u0161t\u0117s ir padengtas matine antipiren\u0173 danga, apsaugan\u010dia nuo matom\u0173 pir\u0161t\u0173 atspaud\u0173, d\u0117mi\u0173 ir \u012fbr\u0117\u017eim\u0173. \u0160i technologija daro stal\u0105 ne tik esteti\u0161kai patraukl\u0173, bet ir prakti\u0161k\u0105, lengvai valom\u0105 bei atspar\u0173 kasdien\u0117ms d\u0117m\u0117ms, tod\u0117l idealiai tinka intensyviam naudojimui svetain\u0117je ar kitame kambaryje.<br \/>\nMatin\u0117s juodos spalvos stalvir\u0161is suteikia stalui rafinuoto, modernaus charakterio, o u\u017eapvalinti kra\u0161tai padidina saugum\u0105 ir suteikia elegancijos. Subtilus juodas stalvir\u0161is dera prie \u012fvairi\u0173 interjero stili\u0173 \u2013 nuo minimalistinio iki industrinio.<br \/>\nStalo pagrindas, pagamintas i\u0161 MDF plok\u0161t\u0117s su matine balta apdaila, sukuria stiling\u0105 kontrast\u0105 su juodu stalvir\u0161iu. Tvirta konstrukcija u\u017etikrina stabilum\u0105, o matin\u0117 balta apdaila yra atspari d\u0117m\u0117ms ir lengvai valoma. Matinis pavir\u0161ius nepritraukia dulki\u0173, tod\u0117l stalas ilg\u0105 laik\u0105 i\u0161laiko eleganti\u0161k\u0105 i\u0161vaizd\u0105.<br \/>\nDIVERSO 80 stalas \u2013 tai tobulas funkcionalumo ir modernaus dizaino derinys, suteikiantis harmonijos ir kontrasto bet kokiam interjerui. Auk\u0161tos kokyb\u0117s med\u017eiagos ir kruop\u0161tus meistri\u0161kumas garantuoja patvarum\u0105 ir estetik\u0105 ilgus metus.<br \/>\nProdukto savyb\u0117s<br \/>\nLenki\u0161kas produktas,<br \/>\nauk\u0161\u010diausios kokyb\u0117s med\u017eiagos,<br \/>\nstalas pagamintas i\u0161 matinio MDF,<br \/>\napsauga nuo pir\u0161t\u0173 atspaud\u0173,<br \/>\njuodas kvadratinis stalvir\u0161is,<br \/>\nstalvir\u0161io plotis 80 cm,<br \/>\nstalo kojos matin\u0117s baltos spalvos,<br \/>\nreikalingas savaranki\u0161kas surinkimas,<br \/>\nSi\u016blome plat\u0173 bald\u0173 pasirinkim\u0105 pilnam nam\u0173 apstatymui.<\/p>","protected":false},"excerpt":{"rendered":"<p>Minimalistinis DIVERSO 80 kavos staliukas \u017eavingu stiliumi svetainei. DIVERSO 80 kavos staliukas su matin\u0117s juodos spalvos stalvir\u0161iu ir matin\u0117s baltos spalvos pagrindu yra eleganti\u0161kas, ta\u010diau funkcionalus baldas, puikiai papildantis modern\u0173 interjer\u0105. 80 \u00d7 80 cm stalvir\u0161is pagamintas i\u0161 patvarios MDF plok\u0161t\u0117s ir turi matin\u012f [\u2026]<\/p>","protected":false},"featured_media":192116,"comment_status":"open","ping_status":"open","template":"","meta":[],"product_brand":[],"product_cat":[9606,866,4774],"product_tag":[],"class_list":{"0":"post-192115","1":"product","2":"type-product","3":"status-publish","4":"has-post-thumbnail","6":"product_cat-coffee-table-diverso-80x80-hubertus","7":"product_cat-coffee-tables","8":"product_cat-hubertus-design","10":"first","11":"instock","12":"purchasable","13":"product-type-simple"},"_links":{"self":[{"href":"https:\/\/baldumarket.lt\/lt\/wp-json\/wp\/v2\/product\/192115","targetHints":{"allow":["GET"]}}],"collection":[{"href":"https:\/\/baldumarket.lt\/lt\/wp-json\/wp\/v2\/product"}],"about":[{"href":"https:\/\/baldumarket.lt\/lt\/wp-json\/wp\/v2\/types\/product"}],"replies":[{"embeddable":true,"href":"https:\/\/baldumarket.lt\/lt\/wp-json\/wp\/v2\/comments?post=192115"}],"wp:featuredmedia":[{"embeddable":true,"href":"https:\/\/baldumarket.lt\/lt\/wp-json\/wp\/v2\/media\/192116"}],"wp:attachment":[{"href":"https:\/\/baldumarket.lt\/lt\/wp-json\/wp\/v2\/media?parent=192115"}],"wp:term":[{"taxonomy":"product_brand","embeddable":true,"href":"https:\/\/baldumarket.lt\/lt\/wp-json\/wp\/v2\/product_brand?post=192115"},{"taxonomy":"product_cat","embeddable":true,"href":"https:\/\/baldumarket.lt\/lt\/wp-json\/wp\/v2\/product_cat?post=192115"},{"taxonomy":"product_tag","embeddable":true,"href":"https:\/\/baldumarket.lt\/lt\/wp-json\/wp\/v2\/product_tag?post=192115"}],"curies":[{"name":"wp","href":"https:\/\/api.w.org\/{rel}","templated":true}]}}