{"id":192110,"date":"2025-12-23T13:40:48","date_gmt":"2025-12-23T10:40:48","guid":{"rendered":"https:\/\/baldumarket.lt\/product\/stol-rozkladany-solo-lux-100144x100-bialy-marmur-polysk-bialy-polysk\/"},"modified":"2026-02-14T11:05:10","modified_gmt":"2026-02-14T08:05:10","slug":"stol-rozkladany-solo-lux-100144x100-bialy-marmur-polysk-bialy-polysk","status":"publish","type":"product","link":"https:\/\/baldumarket.lt\/lt\/product\/stol-rozkladany-solo-lux-100144x100-bialy-marmur-polysk-bialy-polysk\/","title":{"rendered":"SOLO LUX i\u0161skleid\u017eiamas stalas 100(144)x100 baltas marmuras blizgus\/baltas blizgus"},"content":{"rendered":"<p>6 viet\u0173 SOLO apvalus i\u0161traukiamas stalas<br \/>\nI\u0161traukiamas stalas SOLO LUX 100 \u2013 tai unikalus, modernus baldas, pagamintas Lenkijoje, harmoningai derinantis elegancij\u0105 ir funkcionalum\u0105. Minimalistinis dizainas ir madingos spalvos puikiai tinka bet kokiam interjerui, tiek klasikiniam, tiek \u0161iuolaikiniam. Apvalus 100 cm skersmens stalvir\u0161is pagamintas i\u0161 auk\u0161tos kokyb\u0117s MDF plok\u0161t\u0117s, o jo marmuro baltumo pavir\u0161ius kruop\u0161\u010diai atspausdintas naudojant skystus polimerinius da\u017eus. D\u0117l to balto marmuro imitacija, pasi\u017eyminti i\u0161skirtin\u0117mis savyb\u0117mis, yra ne tik i\u0161skirtinai esteti\u0161ka, bet ir patvari, atspari trin\u010diai, \u012fbr\u0117\u017eimams ir UV spinduliams. Blizgus stalvir\u0161is suteikia elegancijos ir apsaugo j\u012f nuo pa\u017eeidim\u0173, toki\u0173 kaip kar\u0161t\u0173 ind\u0173 nudegimai.<br \/>\nStalo pagrindas pagamintas i\u0161 baltos MDF plok\u0161t\u0117s su veidrodiniu akrilo sluoksniu, suteikian\u010diu jam prabangos \u012fsp\u016bd\u012f. Ovali stalo koja papildomai papuo\u0161ta subtiliais grioveliais, kurie sukuria trimat\u012f efekt\u0105, suteikia gylio ir rafinuotumo. \u0160i forma ne tik traukia ak\u012f, bet ir u\u017etikrina stabilum\u0105 bei patog\u0173 naudojim\u0105, pa\u0161alindama nemaloni\u0173 sm\u016bgi\u0173 \u012f kojeles problem\u0105.<br \/>\nStalas apr\u016bpintas modernia sinchronini\u0173 rutulini\u0173 guoli\u0173 b\u0117geli\u0173 sistema, kuri leid\u017eia j\u012f lengvai ir skland\u017eiai i\u0161skleisti. Tiesiog patraukite vien\u0105 stalvir\u0161io pus\u0119, ir kita i\u0161siskleis automati\u0161kai. Papildomas prailginimas, leid\u017eiantis prailginti stal\u0105, yra laikomas po stalvir\u0161iu, kad b\u016bt\u0173 lengva j\u012f laikyti ir naudoti. D\u0117l to \u201eSOLO LUX 100\u201c yra puikus sprendimas didesniems \u0161eimos susib\u016brimams ar vakar\u0117liams su draugais.<br \/>\nD\u0117l tvirtos konstrukcijos, auk\u0161tos kokyb\u0117s med\u017eiag\u0173 ir moderni\u0173 sprendim\u0173 \u201eSOLO LUX 100\u201c stalas yra ilgalaik\u0117 investicija, garantuojanti komfort\u0105 ir stili\u0173 bet kokiame interjere. Produkto savyb\u0117s<br \/>\nLenki\u0161kas produktas,<br \/>\nMDF stalvir\u0161is su spauda, pagaminta naudojant skystus polimerinius da\u017eus,<br \/>\napvalus, i\u0161traukiamas stalvir\u0161is su marmuro baltumo apdaila,<br \/>\nMDF pagrindas, padengtas blizgiu akriliniu kilim\u0117liu,<br \/>\nblizgus baltas pagrindas,<br \/>\npo stalvir\u0161iu pasl\u0117ptas i\u0161skleid\u017eiamas \u012fd\u0117klas (nuotraukos, kuriose matyti i\u0161skleid\u017eiamas stalvir\u0161is, \u012ftrauktos \u012f pasi\u016blym\u0105),<br \/>\napr\u016bpintas sinchroniniais rutuliniais guoliais,<br \/>\nviena koja,<br \/>\nsavaranki\u0161kam surinkimui,<br \/>\nSi\u016blome plat\u0173 bald\u0173 pasirinkim\u0105, leid\u017eiant\u012f pilnai \u012frengti savo namus.<\/p>","protected":false},"excerpt":{"rendered":"<p>6 viet\u0173 SOLO apvalus i\u0161traukiamas stalas. SOLO LUX 100 i\u0161traukiamas stalas \u2013 tai unikalus, modernus baldas, pagamintas Lenkijoje, harmoningai derinantis elegancij\u0105 ir funkcionalum\u0105. Minimalistinis dizainas ir madingos spalvos puikiai tinka bet kokiam interjerui \u2013 tiek klasikiniam, tiek moderniam. Apvalus, 100 cm skersmens stalvir\u0161is pagamintas [\u2026]<\/p>","protected":false},"featured_media":192111,"comment_status":"open","ping_status":"open","template":"","meta":[],"product_brand":[],"product_cat":[9609,4774,1934],"product_tag":[],"class_list":{"0":"post-192110","1":"product","2":"type-product","3":"status-publish","4":"has-post-thumbnail","6":"product_cat-table-solo-lux-hubertus","7":"product_cat-hubertus-design","8":"product_cat-tables","10":"first","11":"instock","12":"purchasable","13":"product-type-simple"},"_links":{"self":[{"href":"https:\/\/baldumarket.lt\/lt\/wp-json\/wp\/v2\/product\/192110","targetHints":{"allow":["GET"]}}],"collection":[{"href":"https:\/\/baldumarket.lt\/lt\/wp-json\/wp\/v2\/product"}],"about":[{"href":"https:\/\/baldumarket.lt\/lt\/wp-json\/wp\/v2\/types\/product"}],"replies":[{"embeddable":true,"href":"https:\/\/baldumarket.lt\/lt\/wp-json\/wp\/v2\/comments?post=192110"}],"wp:featuredmedia":[{"embeddable":true,"href":"https:\/\/baldumarket.lt\/lt\/wp-json\/wp\/v2\/media\/192111"}],"wp:attachment":[{"href":"https:\/\/baldumarket.lt\/lt\/wp-json\/wp\/v2\/media?parent=192110"}],"wp:term":[{"taxonomy":"product_brand","embeddable":true,"href":"https:\/\/baldumarket.lt\/lt\/wp-json\/wp\/v2\/product_brand?post=192110"},{"taxonomy":"product_cat","embeddable":true,"href":"https:\/\/baldumarket.lt\/lt\/wp-json\/wp\/v2\/product_cat?post=192110"},{"taxonomy":"product_tag","embeddable":true,"href":"https:\/\/baldumarket.lt\/lt\/wp-json\/wp\/v2\/product_tag?post=192110"}],"curies":[{"name":"wp","href":"https:\/\/api.w.org\/{rel}","templated":true}]}}