{"id":192107,"date":"2025-12-23T13:40:37","date_gmt":"2025-12-23T10:40:37","guid":{"rendered":"https:\/\/baldumarket.lt\/product\/stol-rozkladany-solo-lux-100144x100-bialy-marmur-polysk-czarny-polysk\/"},"modified":"2026-02-14T11:05:01","modified_gmt":"2026-02-14T08:05:01","slug":"stol-rozkladany-solo-lux-100144x100-bialy-marmur-polysk-czarny-polysk","status":"publish","type":"product","link":"https:\/\/baldumarket.lt\/lt\/product\/stol-rozkladany-solo-lux-100144x100-bialy-marmur-polysk-czarny-polysk\/","title":{"rendered":"SOLO LUX i\u0161skleid\u017eiamas stalas 100(144)x100 baltas marmuras blizgus\/juoda blizgi"},"content":{"rendered":"<p>SOLO 100 \u0161e\u0161i\u0173 viet\u0173 i\u0161traukiamas marmurinis stalas<br \/>\nI\u0161traukiamas stalas SOLO LUX 100 \u2013 tai eleganti\u0161kas ir modernus baldas, pagamintas Lenkijoje, puikiai derinantis rafinuot\u0105 dizain\u0105 su funkcionalumu. Apvalus, 100 cm skersmens stalvir\u0161is pagamintas i\u0161 auk\u0161tos kokyb\u0117s MDF plok\u0161t\u0117s ir padengtas blizgia \u201eMarble White\u201c apdaila, kuri imituoja balt\u0105 marmur\u0105 su savo i\u0161skirtin\u0117mis, ry\u0161kiomis savyb\u0117mis. D\u0117l inovatyvios polimerin\u0117s spausdinimo technologijos stalvir\u0161io ra\u0161tas yra itin patvarus ir atsparus \u012fbr\u0117\u017eimams, UV spinduliams ir auk\u0161tai temperat\u016brai. Didelis blizgesys ne tik suteikia elegancijos, bet ir apsaugo pavir\u0161i\u0173 nuo nudegim\u0173 ir pa\u017eeidim\u0173.<br \/>\nStalo pagrindas, pagamintas i\u0161 juodo MDF su veidrodiniu pavir\u0161iumi, suteikia rafinuot\u0105 kontrast\u0105 su marmuriniu stalvir\u0161iu. Ovali koja, dekoruota subtiliais grioveliais, suteikia stalui papildomo vizualinio aspekto, suteikdama jam elegancijos ir gylio. D\u0117l \u0161ios formos stalas yra ne tik stabilus, bet ir u\u017etikrina visi\u0161k\u0105 naudojimo komfort\u0105, pa\u0161alindamas nemaloni\u0173 koj\u0173 sm\u016bgi\u0173 problem\u0105. SOLO LUX 100 stalas apr\u016bpintas pa\u017eangia sinchronine rutulini\u0173 guoli\u0173 slankiojimo sistema, kuri leid\u017eia skland\u017eiai ir lengvai prailginti stal\u0105. Prailginimo \u012fd\u0117klas, esantis po stalvir\u0161iu, leid\u017eia greitai j\u012f pritaikyti didesniems susib\u016brimams ar \u0161eimos susib\u016brimams. Tvirta konstrukcija ir patvarios med\u017eiagos garantuoja \u0161io eleganti\u0161ko baldo ilgaam\u017ei\u0161kum\u0105 ir patikimum\u0105, puikiai tinkant\u012f bet kokiam stilingam interjerui.<br \/>\nProdukto savyb\u0117s<br \/>\nPagaminta Lenkijoje,<br \/>\nMDF stalvir\u0161is su skyst\u0173 polimerini\u0173 da\u017e\u0173 atspaudu,<br \/>\nApvalus, i\u0161traukiamas stalvir\u0161is su marmuro baltumo apdaila,<br \/>\nMDF pagrindas, padengtas blizgiu akriliniu kilim\u0117liu,<br \/>\nBlizgus juodas pagrindas,<br \/>\nPrailginimo \u012fd\u0117klas pasl\u0117ptas po stalvir\u0161iu (prailginimo nuotraukos \u012ftrauktos \u012f pasi\u016blym\u0105),<br \/>\n\u012erengti sinchroniniais rutuliniais guoliais varomomis slydimo sistemomis,<br \/>\nViena koja,<br \/>\nSavaranki\u0161kas surinkimas,<br \/>\nSi\u016blome plat\u0173 bald\u0173 pasirinkim\u0105, skirt\u0105 pilnam nam\u0173 apstatymo sprendimui.<\/p>","protected":false},"excerpt":{"rendered":"<p>SOLO 100 \u0161e\u0161i\u0173 viet\u0173 i\u0161traukiamas marmurinis stalas. I\u0161traukiamas stalas SOLO LUX 100 yra eleganti\u0161kas ir modernus baldas, pagamintas Lenkijoje, puikiai derinantis rafinuot\u0105 dizain\u0105 su funkcionalumu. Apvalus, 100 cm skersmens stalvir\u0161is pagamintas i\u0161 auk\u0161tos kokyb\u0117s MDF plok\u0161t\u0117s ir apdailintas blizgia \u201eMarble White\u201c apdaila, kuri imituoja balt\u0105 marmur\u0105 [\u2026]<\/p>","protected":false},"featured_media":192108,"comment_status":"open","ping_status":"open","template":"","meta":[],"product_brand":[],"product_cat":[9609,4774,1934],"product_tag":[],"class_list":{"0":"post-192107","1":"product","2":"type-product","3":"status-publish","4":"has-post-thumbnail","6":"product_cat-table-solo-lux-hubertus","7":"product_cat-hubertus-design","8":"product_cat-tables","10":"first","11":"instock","12":"purchasable","13":"product-type-simple"},"_links":{"self":[{"href":"https:\/\/baldumarket.lt\/lt\/wp-json\/wp\/v2\/product\/192107","targetHints":{"allow":["GET"]}}],"collection":[{"href":"https:\/\/baldumarket.lt\/lt\/wp-json\/wp\/v2\/product"}],"about":[{"href":"https:\/\/baldumarket.lt\/lt\/wp-json\/wp\/v2\/types\/product"}],"replies":[{"embeddable":true,"href":"https:\/\/baldumarket.lt\/lt\/wp-json\/wp\/v2\/comments?post=192107"}],"wp:featuredmedia":[{"embeddable":true,"href":"https:\/\/baldumarket.lt\/lt\/wp-json\/wp\/v2\/media\/192108"}],"wp:attachment":[{"href":"https:\/\/baldumarket.lt\/lt\/wp-json\/wp\/v2\/media?parent=192107"}],"wp:term":[{"taxonomy":"product_brand","embeddable":true,"href":"https:\/\/baldumarket.lt\/lt\/wp-json\/wp\/v2\/product_brand?post=192107"},{"taxonomy":"product_cat","embeddable":true,"href":"https:\/\/baldumarket.lt\/lt\/wp-json\/wp\/v2\/product_cat?post=192107"},{"taxonomy":"product_tag","embeddable":true,"href":"https:\/\/baldumarket.lt\/lt\/wp-json\/wp\/v2\/product_tag?post=192107"}],"curies":[{"name":"wp","href":"https:\/\/api.w.org\/{rel}","templated":true}]}}