{"id":192102,"date":"2025-12-23T13:40:24","date_gmt":"2025-12-23T10:40:24","guid":{"rendered":"https:\/\/baldumarket.lt\/product\/stol-rozkladany-solo-lux-100144x100-bialy-mat\/"},"modified":"2026-02-14T11:05:01","modified_gmt":"2026-02-14T08:05:01","slug":"stol-rozkladany-solo-lux-100144x100-bialy-mat","status":"publish","type":"product","link":"https:\/\/baldumarket.lt\/lt\/product\/stol-rozkladany-solo-lux-100144x100-bialy-mat\/","title":{"rendered":"I\u0161traukiamas stalas SOLO LUX 100(144)x100 baltas matinis"},"content":{"rendered":"<p>Modernus apvalus i\u0161traukiamas stalas SOLO<br \/>\nI\u0161traukiamas stalas SOLO LUX 100 \u2013 tai modernus baldas, kuriame dera minimalistinis dizainas ir pa\u017eangios technologijos, puikiai papildan\u010dios modern\u0173 interjer\u0105. 100 cm skersmens stalvir\u0161is pagamintas i\u0161 auk\u0161tos kokyb\u0117s MDF plok\u0161t\u0117s ir padengtas eleganti\u0161ka balta matine spalva su antipiren\u0173 danga. \u0160i danga apsaugo pavir\u0161i\u0173 nuo pir\u0161t\u0173 atspaud\u0173, tod\u0117l j\u012f lengva valyti ir jis apsaugo nuo nemaloni\u0173 d\u0117mi\u0173. Be to, matin\u0117 apdaila suteikia stalui subtilaus elegancijos, o pats stalas yra atsparus \u012fbr\u0117\u017eimams, d\u0117m\u0117ms ir kitoms kasdien\u0117ms d\u0117m\u0117ms.<br \/>\nStalo pagrindas, taip pat pagamintas i\u0161 MDF plok\u0161t\u0117s, yra klasikin\u0117s baltos spalvos, kuri n\u0117ra nei matin\u0117, nei blizgi, tod\u0117l kartu su baltu stalvir\u0161iu sukuria neutral\u0173 ir universal\u0173 derin\u012f. \u0160is pagrindas u\u017etikrina patvarum\u0105 ir stabilum\u0105, tuo pa\u010diu pabr\u0117\u017edamas modern\u0173 baldo charakter\u012f.<br \/>\nPrailginimo mechanizmas, pagr\u012fstas sinchroniniais rutuliniais guoliais, leid\u017eia lengvai ir skland\u017eiai prailginti stal\u0105. Prailginimo \u012fd\u0117klas, esantis po stalvir\u0161iu, leid\u017eia greitai i\u0161pl\u0117sti stalo nauding\u0105 erdv\u0119, tod\u0117l \u201eSOLO LUX 100\u201c yra idealus pasirinkimas didesniems \u0161eimos ar socialiniams susib\u016brimams.<br \/>\nD\u0117l moderni\u0173 med\u017eiag\u0173, novatori\u0161k\u0173 technologij\u0173 ir nesenstan\u010dio dizaino derinio SOLO LUX 100 stalas yra baldas, kuris lengvai prisitaiko prie bet kokio interjero, u\u017etikrindamas komfort\u0105 ir ilgaam\u017ei\u0161kum\u0105.<br \/>\nProdukto savyb\u0117s<br \/>\nPagaminta Lenkijoje,<br \/>\nMDF vir\u0161us, padengtas akriliniu kilim\u0117liu, sukurian\u010diu gil\u0173, aksomin\u012f matin\u012f efekt\u0105,<br \/>\nApvalus, i\u0161traukiamas stalvir\u0161is, baltas,<br \/>\nMatinis pavir\u0161ius tik ant stalvir\u0161io pavir\u0161iaus,<br \/>\nMDF pagrindas,<br \/>\nBaltas pagrindas,<br \/>\nPo stalvir\u0161iu pasl\u0117ptas i\u0161sipl\u0117timo \u012fd\u0117klas (nuotraukos, kuriose matyti i\u0161skleistas stalvir\u0161is, \u012ftrauktos \u012f pasi\u016blym\u0105),<br \/>\n\u012erengti sinchroniniai rutulini\u0173 guoli\u0173 b\u0117geliai,<br \/>\nViena koja,<br \/>\nReikalingas savaranki\u0161kas surinkimas,<br \/>\nSi\u016blome plat\u0173 bald\u0173 pasirinkim\u0105, skirt\u0105 pilnam nam\u0173 apstatymo sprendimui.<\/p>","protected":false},"excerpt":{"rendered":"<p>Modernus apvalus i\u0161traukiamas stalas SOLO. I\u0161traukiamas stalas SOLO LUX 100 yra modernus baldas, kuriame dera minimalistinis dizainas ir pa\u017eangios technologijos, puikiai papildan\u010dios modern\u0173 interjer\u0105. 100 cm skersmens stalvir\u0161is pagamintas i\u0161 auk\u0161tos kokyb\u0117s MDF plok\u0161t\u0117s ir apdailintas eleganti\u0161ka balta matine spalva su apsauga nuo pir\u0161t\u0173 atspaud\u0173. \u0160i danga leid\u017eia [\u2026]<\/p>","protected":false},"featured_media":192103,"comment_status":"open","ping_status":"open","template":"","meta":[],"product_brand":[],"product_cat":[9609,4774,1934],"product_tag":[],"class_list":{"0":"post-192102","1":"product","2":"type-product","3":"status-publish","4":"has-post-thumbnail","6":"product_cat-table-solo-lux-hubertus","7":"product_cat-hubertus-design","8":"product_cat-tables","10":"first","11":"instock","12":"purchasable","13":"product-type-simple"},"_links":{"self":[{"href":"https:\/\/baldumarket.lt\/lt\/wp-json\/wp\/v2\/product\/192102","targetHints":{"allow":["GET"]}}],"collection":[{"href":"https:\/\/baldumarket.lt\/lt\/wp-json\/wp\/v2\/product"}],"about":[{"href":"https:\/\/baldumarket.lt\/lt\/wp-json\/wp\/v2\/types\/product"}],"replies":[{"embeddable":true,"href":"https:\/\/baldumarket.lt\/lt\/wp-json\/wp\/v2\/comments?post=192102"}],"wp:featuredmedia":[{"embeddable":true,"href":"https:\/\/baldumarket.lt\/lt\/wp-json\/wp\/v2\/media\/192103"}],"wp:attachment":[{"href":"https:\/\/baldumarket.lt\/lt\/wp-json\/wp\/v2\/media?parent=192102"}],"wp:term":[{"taxonomy":"product_brand","embeddable":true,"href":"https:\/\/baldumarket.lt\/lt\/wp-json\/wp\/v2\/product_brand?post=192102"},{"taxonomy":"product_cat","embeddable":true,"href":"https:\/\/baldumarket.lt\/lt\/wp-json\/wp\/v2\/product_cat?post=192102"},{"taxonomy":"product_tag","embeddable":true,"href":"https:\/\/baldumarket.lt\/lt\/wp-json\/wp\/v2\/product_tag?post=192102"}],"curies":[{"name":"wp","href":"https:\/\/api.w.org\/{rel}","templated":true}]}}