{"id":192099,"date":"2025-12-23T13:40:14","date_gmt":"2025-12-23T10:40:14","guid":{"rendered":"https:\/\/baldumarket.lt\/product\/stol-rozkladany-solo-lux-100144x100-czarny-mat\/"},"modified":"2026-02-14T11:05:01","modified_gmt":"2026-02-14T08:05:01","slug":"stol-rozkladany-solo-lux-100144x100-czarny-mat","status":"publish","type":"product","link":"https:\/\/baldumarket.lt\/lt\/product\/stol-rozkladany-solo-lux-100144x100-czarny-mat\/","title":{"rendered":"I\u0161traukiamas stalas SOLO LUX 100(144)x100 juodas matinis"},"content":{"rendered":"<p>Stilingas SOLO apvalus i\u0161traukiamas stalas<br \/>\nI\u0161traukiamas stalas SOLO LUX 100 \u2013 eleganti\u0161kas ir prakti\u0161kas baldas, skirtas modernioms erdv\u0117ms, kuriose svarbiausia yra stilius ir funkcionalumas. Stalvir\u0161is pagamintas i\u0161 auk\u0161tos kokyb\u0117s MDF plok\u0161t\u0117s su matin\u0117s juodos spalvos apdaila. D\u0117l inovatyvios apsaugos nuo pir\u0161t\u0173 atspaud\u0173 dangos stalo pavir\u0161ius yra itin atsparus pir\u0161t\u0173 atspaudams, tod\u0117l j\u012f \u017eymiai lengviau palaikyti nepriekai\u0161ting\u0105 \u0161var\u0105 net ir kasdien naudojant. Matin\u0117 danga ne tik suteikia modernumo, bet ir yra atspari \u012fbr\u0117\u017eimams, d\u0117m\u0117ms ir ne\u0161varumams, pavyzd\u017eiui, kar\u0161t\u0173 ind\u0173 ar i\u0161siliejusi\u0173 g\u0117rim\u0173 \u017eym\u0117ms.<br \/>\nStalo pagrindas, pagamintas i\u0161 klasikin\u0117s juodos spalvos MDF plok\u0161t\u0117s, yra neutralios apdailos \u2013 nei matin\u0117s, nei blizgios. Tai leid\u017eia stalui i\u0161laikyti universali\u0105 i\u0161vaizd\u0105, papildan\u010di\u0105 \u012fvairius interjero dizainus. Stabili pagrindo konstrukcija u\u017etikrina saug\u0173 naudojim\u0105 ir patvarum\u0105 ilgus metus. Viena i\u0161 pagrindini\u0173 SOLO LUX 100 stalo savybi\u0173 \u2013 sinchroniniai rutuliniai guoliai, kurie leid\u017eia stal\u0105 prailginti ne tik lengvai, bet ir itin skland\u017eiai. \u0160is mechanizmas leid\u017eia vienu metu prailginti abi stalvir\u0161io puses, tod\u0117l tai galima greitai ir patogiai padaryti nenaudojant j\u0117gos. Stalo prailginimo \u012fd\u0117klas, esantis po stalvir\u0161iu, suteikia funkcionalumo, nes leid\u017eia lengvai pritaikyti stalo dyd\u012f prie progos \u2013 puikiai tinka tiek kasdien\u0117ms vakarien\u0117ms, tiek didesniems susib\u016brimams.<br \/>\n\u201eSOLO LUX 100\u201c stalas \u2013 tai puikus modernaus dizaino, patvari\u0173 med\u017eiag\u0173 ir prakti\u0161k\u0173 sprendim\u0173 derinys, u\u017etikrinantis komfort\u0105 ir elegancij\u0105 bet kurioje erdv\u0117je. Produkto savyb\u0117s<br \/>\nLenki\u0161kas produktas,<br \/>\nMDF stalvir\u0161is, padengtas akriliniu matiniu sluoksniu, suteikian\u010diu gil\u0173, aksomin\u012f matin\u012f efekt\u0105,<br \/>\napvalus, i\u0161traukiamas vir\u0161us juodas,<br \/>\nmatinis pavir\u0161ius tik vir\u0161utiniame pavir\u0161iuje,<br \/>\nMDF pagrindas,<br \/>\njuodas pagrindas,<br \/>\npo stalvir\u0161iu pasl\u0117ptas prailginamas \u012fd\u0117klas (nuotraukos, kuriose matyti i\u0161skleistas stalvir\u0161is, \u012ftrauktos \u012f pasi\u016blym\u0105),<br \/>\napr\u016bpinti sinchroniniais rutuliniais guoliais,<br \/>\nviena koja,<br \/>\nsavaranki\u0161kam surinkimui,<br \/>\nSi\u016blome plat\u0173 bald\u0173 pasirinkim\u0105, leid\u017eiant\u012f pilnai \u012frengti savo namus.<\/p>","protected":false},"excerpt":{"rendered":"<p>Stilingas SOLO apvalus i\u0161traukiamas stalas. SOLO LUX 100 i\u0161traukiamas stalas yra eleganti\u0161kas ir prakti\u0161kas baldas, skirtas modernioms erdv\u0117ms, kuriose svarbiausia yra stilius ir funkcionalumas. Stalvir\u0161is pagamintas i\u0161 auk\u0161tos kokyb\u0117s MDF plok\u0161t\u0117s su matin\u0117s juodos spalvos apdaila. D\u0117l novatori\u0161kos apsaugos nuo pir\u0161t\u0173 atspaud\u0173 dangos stalo pavir\u0161ius yra itin atsparus [\u2026]<\/p>","protected":false},"featured_media":192100,"comment_status":"open","ping_status":"open","template":"","meta":[],"product_brand":[],"product_cat":[9609,4774,1934],"product_tag":[],"class_list":{"0":"post-192099","1":"product","2":"type-product","3":"status-publish","4":"has-post-thumbnail","6":"product_cat-table-solo-lux-hubertus","7":"product_cat-hubertus-design","8":"product_cat-tables","10":"first","11":"instock","12":"purchasable","13":"product-type-simple"},"_links":{"self":[{"href":"https:\/\/baldumarket.lt\/lt\/wp-json\/wp\/v2\/product\/192099","targetHints":{"allow":["GET"]}}],"collection":[{"href":"https:\/\/baldumarket.lt\/lt\/wp-json\/wp\/v2\/product"}],"about":[{"href":"https:\/\/baldumarket.lt\/lt\/wp-json\/wp\/v2\/types\/product"}],"replies":[{"embeddable":true,"href":"https:\/\/baldumarket.lt\/lt\/wp-json\/wp\/v2\/comments?post=192099"}],"wp:featuredmedia":[{"embeddable":true,"href":"https:\/\/baldumarket.lt\/lt\/wp-json\/wp\/v2\/media\/192100"}],"wp:attachment":[{"href":"https:\/\/baldumarket.lt\/lt\/wp-json\/wp\/v2\/media?parent=192099"}],"wp:term":[{"taxonomy":"product_brand","embeddable":true,"href":"https:\/\/baldumarket.lt\/lt\/wp-json\/wp\/v2\/product_brand?post=192099"},{"taxonomy":"product_cat","embeddable":true,"href":"https:\/\/baldumarket.lt\/lt\/wp-json\/wp\/v2\/product_cat?post=192099"},{"taxonomy":"product_tag","embeddable":true,"href":"https:\/\/baldumarket.lt\/lt\/wp-json\/wp\/v2\/product_tag?post=192099"}],"curies":[{"name":"wp","href":"https:\/\/api.w.org\/{rel}","templated":true}]}}