{"id":192095,"date":"2025-12-23T13:40:07","date_gmt":"2025-12-23T10:40:07","guid":{"rendered":"https:\/\/baldumarket.lt\/product\/stol-rozkladany-solo-lux-100144x100-szary-mat-bialy\/"},"modified":"2026-02-14T11:05:01","modified_gmt":"2026-02-14T08:05:01","slug":"stol-rozkladany-solo-lux-100144x100-szary-mat-bialy","status":"publish","type":"product","link":"https:\/\/baldumarket.lt\/lt\/product\/stol-rozkladany-solo-lux-100144x100-szary-mat-bialy\/","title":{"rendered":"I\u0161traukiamas stalas SOLO LUX 100(144)x100 matin\u0117s pilkos\/baltos spalvos"},"content":{"rendered":"<p>Eleganti\u0161kas SOLO apvalus i\u0161traukiamas stalas svetainei<br \/>\nI\u0161traukiamas stalas SOLO LUX 100 \u2013 tai modernus baldas, kuriame dera eleganti\u0161kas dizainas ir auk\u0161tas funkcionalumas, puikiai tinkantis \u0161iuolaikiniam interjerui. Stalvir\u0161is pagamintas i\u0161 auk\u0161tos kokyb\u0117s MDF plok\u0161t\u0117s su matine pilka apdaila. D\u0117l inovatyvios apsaugos nuo pir\u0161t\u0173 atspaud\u0173 dangos pavir\u0161ius yra atsparus pir\u0161t\u0173 atspaudams, tod\u0117l j\u012f lengva valyti net ir intensyviai naudojant. Matin\u0117 apdaila suteikia stalui subtil\u0173, modern\u0173 charakter\u012f ir yra atsparus \u012fbr\u0117\u017eimams, d\u0117m\u0117ms ir kasdieniams ne\u0161varumams, pavyzd\u017eiui, puodeli\u0173 \u017eym\u0117ms ar maisto d\u0117m\u0117ms.<br \/>\nStalo pagrindas, pagamintas i\u0161 baltos MDF plok\u0161t\u0117s su neutraliu blizgesiu (nei matiniu, nei blizgiu), u\u017etikrina stabilum\u0105 ir tvirtum\u0105, kartu suteikdamas vizualinio lengvumo, puikiai kontrastuodamas su tamsiu stalvir\u0161iu.<br \/>\nVienas i\u0161 pagrindini\u0173 SOLO LUX 100 stalo privalum\u0173 \u2013 pa\u017eangi sinchronin\u0117 rutulini\u0173 guoli\u0173 b\u0117geli\u0173 sistema, leid\u017eianti greitai ir patogiai prailginti stal\u0105. \u0160is mechanizmas leid\u017eia vienu metu prailginti abi stalvir\u0161io puses, tod\u0117l prailginimo procesas yra sklandus ir intuityvus. Prailginimo \u012fd\u0117klas, esantis po stalvir\u0161iu, prailgina stal\u0105, tod\u0117l tai prakti\u0161kas sprendimas didesniems \u0161eimos susib\u016brimams ar vakar\u0117liams.<br \/>\nD\u0117l patvarios MDF plok\u0161t\u0117s ir novatori\u0161k\u0173 dang\u0173 stalas SOLO LUX 100 yra atsparus kasdieniams pa\u017eeidimams, u\u017etikrina ilgaam\u017ei\u0161kum\u0105 ir esteti\u0161k\u0105 i\u0161vaizd\u0105. \u0160is baldas derina elegancij\u0105, prakti\u0161kum\u0105 ir modernias technologijas, tod\u0117l puikiai tinka bet kokiam interjerui. Produkto savyb\u0117s<br \/>\nLenki\u0161kas produktas,<br \/>\nMDF stalvir\u0161is, padengtas akriliniu matiniu sluoksniu, suteikian\u010diu gil\u0173, aksomin\u012f matin\u012f efekt\u0105,<br \/>\napvalus, i\u0161traukiamas stalvir\u0161is pilkos spalvos,<br \/>\nmatin\u0117 apdaila tik ant stalvir\u0161io pavir\u0161iaus,<br \/>\nMDF pagrindas,<br \/>\nbaltas pagrindas,<br \/>\npo stalvir\u0161iu pasl\u0117ptas prailginamas \u012fd\u0117klas (nuotraukos, kuriose stalvir\u0161is i\u0161skleistas, \u012ftrauktos \u012f pasi\u016blym\u0105),<br \/>\napr\u016bpinti sinchroniniais rutuliniais guoliais,<br \/>\nviena koja,<br \/>\nsavaranki\u0161kam surinkimui,<br \/>\nSi\u016blome plat\u0173 bald\u0173 pasirinkim\u0105, leid\u017eiant\u012f pilnai \u012frengti savo namus.<\/p>","protected":false},"excerpt":{"rendered":"<p>Eleganti\u0161kas apvalus i\u0161traukiamas stalas svetainei SOLO LUX 100 i\u0161traukiamas stalas yra modernus baldas, kuriame dera eleganti\u0161kas dizainas ir auk\u0161tas funkcionalumas, puikiai tinkantis \u0161iuolaikiniam interjerui. Stalvir\u0161is pagamintas i\u0161 auk\u0161tos kokyb\u0117s MDF plok\u0161t\u0117s su matine pilka apdaila. D\u0117l inovatyvios apsaugos nuo pir\u0161t\u0173 atspaud\u0173 dangos pavir\u0161ius yra atsparus pir\u0161t\u0173 atspaudams, tod\u0117l [\u2026]<\/p>","protected":false},"featured_media":192096,"comment_status":"open","ping_status":"open","template":"","meta":[],"product_brand":[],"product_cat":[9609,4774,1934],"product_tag":[],"class_list":{"0":"post-192095","1":"product","2":"type-product","3":"status-publish","4":"has-post-thumbnail","6":"product_cat-table-solo-lux-hubertus","7":"product_cat-hubertus-design","8":"product_cat-tables","10":"first","11":"instock","12":"purchasable","13":"product-type-simple"},"_links":{"self":[{"href":"https:\/\/baldumarket.lt\/lt\/wp-json\/wp\/v2\/product\/192095","targetHints":{"allow":["GET"]}}],"collection":[{"href":"https:\/\/baldumarket.lt\/lt\/wp-json\/wp\/v2\/product"}],"about":[{"href":"https:\/\/baldumarket.lt\/lt\/wp-json\/wp\/v2\/types\/product"}],"replies":[{"embeddable":true,"href":"https:\/\/baldumarket.lt\/lt\/wp-json\/wp\/v2\/comments?post=192095"}],"wp:featuredmedia":[{"embeddable":true,"href":"https:\/\/baldumarket.lt\/lt\/wp-json\/wp\/v2\/media\/192096"}],"wp:attachment":[{"href":"https:\/\/baldumarket.lt\/lt\/wp-json\/wp\/v2\/media?parent=192095"}],"wp:term":[{"taxonomy":"product_brand","embeddable":true,"href":"https:\/\/baldumarket.lt\/lt\/wp-json\/wp\/v2\/product_brand?post=192095"},{"taxonomy":"product_cat","embeddable":true,"href":"https:\/\/baldumarket.lt\/lt\/wp-json\/wp\/v2\/product_cat?post=192095"},{"taxonomy":"product_tag","embeddable":true,"href":"https:\/\/baldumarket.lt\/lt\/wp-json\/wp\/v2\/product_tag?post=192095"}],"curies":[{"name":"wp","href":"https:\/\/api.w.org\/{rel}","templated":true}]}}