{"id":192091,"date":"2025-12-23T13:39:56","date_gmt":"2025-12-23T10:39:56","guid":{"rendered":"https:\/\/baldumarket.lt\/product\/stol-rozkladany-solo-lux-100144x100-czarny-mat-bialy\/"},"modified":"2026-02-14T11:05:01","modified_gmt":"2026-02-14T08:05:01","slug":"stol-rozkladany-solo-lux-100144x100-czarny-mat-bialy","status":"publish","type":"product","link":"https:\/\/baldumarket.lt\/lt\/product\/stol-rozkladany-solo-lux-100144x100-czarny-mat-bialy\/","title":{"rendered":"SOLO LUX i\u0161skleid\u017eiamas stalas 100(144)x100 matin\u0117s juodos\/baltos spalvos"},"content":{"rendered":"<p>Apvalus i\u0161traukiamas stalas \u201eSOLO LUX 100\u201c \u017eavingo stiliaus<br \/>\nI\u0161traukiamas stalas SOLO LUX 100 \u2013 tai stilingas modernumo ir funkcionalumo derinys, puikiai papildantis \u0161iuolaikin\u012f interjer\u0105. Matin\u0117s juodos spalvos stalvir\u0161is su novatori\u0161ka apsauga nuo pir\u0161t\u0173 atspaud\u0173 yra ne tik esteti\u0161kai patrauklus, bet ir prakti\u0161kas. D\u0117l \u0161ios dangos stalvir\u0161is yra atsparus pir\u0161t\u0173 atspaudams ir ne\u0161varumams, tod\u0117l kasdien\u0117 prie\u017ei\u016bra yra lengvesn\u0117, o stalas visada atrodo nepriekai\u0161tingai. Tvirta MDF konstrukcija u\u017etikrina patvarum\u0105, o matin\u0117 tekst\u016bra suteikia elegancijos ir modernumo.<br \/>\nSubtilus baltas pagrindas pasi\u017eymi subtiliais grioveliais, kurie sukuria 3D efekt\u0105, praturtindami stalo dizain\u0105 papildomu matmeniu. \u0160i forma ne tik patraukia d\u0117mes\u012f, bet ir u\u017etikrina stabilum\u0105 bei patogum\u0105 naudoti, pa\u0161alina nemalonius koj\u0173 nelygumus ir palengvina valym\u0105. Stalas apr\u016bpintas pa\u017eangia sinchronine rutulini\u0173 guoli\u0173 slankiojimo sistema, kuri leid\u017eia stalvir\u0161io i\u0161pl\u0117tim\u0105 padaryti itin paprast\u0105 ir skland\u0173. Tiesiog patraukite vien\u0105 pus\u0119, ir kita automati\u0161kai i\u0161slinks, tod\u0117l gal\u0117site lengvai i\u0161skleisti stal\u0105. Papildomas \u012fd\u0117klas, esantis po stalvir\u0161iu, leid\u017eia pritaikyti jo dyd\u012f pagal savo poreikius.<br \/>\nD\u0117l tvirtos konstrukcijos, auk\u0161tos kokyb\u0117s med\u017eiag\u0173 ir moderni\u0173 technologij\u0173 SOLO LUX 100 stalas yra ne tik funkcionalus sprendimas moderniam interjerui, bet ir patvarus bei esteti\u0161kai patrauklus baldas, tarnausiantis ilgus metus. Produkto savyb\u0117s<br \/>\nLenki\u0161kas produktas,<br \/>\nMDF stalvir\u0161is, padengtas akriliniu matiniu sluoksniu, suteikian\u010diu gil\u0173, aksomin\u012f matin\u012f efekt\u0105,<br \/>\napvalus, i\u0161traukiamas vir\u0161us juodas,<br \/>\nmatinis pavir\u0161ius tik vir\u0161utiniame pavir\u0161iuje,<br \/>\nMDF pagrindas,<br \/>\nbaltas pagrindas,<br \/>\npo stalvir\u0161iu pasl\u0117ptas prailginamas \u012fd\u0117klas (nuotraukos, kuriose matyti i\u0161skleistas stalvir\u0161is, \u012ftrauktos \u012f pasi\u016blym\u0105),<br \/>\napr\u016bpinti sinchroniniais rutuliniais guoliais,<br \/>\nviena koja,<br \/>\nsavaranki\u0161kam surinkimui,<br \/>\nSi\u016blome plat\u0173 bald\u0173 pasirinkim\u0105, leid\u017eiant\u012f pilnai \u012frengti savo namus.<\/p>","protected":false},"excerpt":{"rendered":"<p>Apvalus i\u0161traukiamas stalas \u201eSOLO LUX 100\u201c \u2013 stilingas ir stilingas i\u0161traukiamas stalas \u201eSOLO LUX 100\u201c \u2013 tai stilingas modernumo ir funkcionalumo derinys, puikiai papildantis \u0161iuolaikin\u012f interjer\u0105. Matin\u0117s juodos spalvos stalvir\u0161is su novatori\u0161ka apsauga nuo pir\u0161t\u0173 atspaud\u0173 yra ne tik esteti\u0161kai patrauklus, bet ir prakti\u0161kas. D\u0117l \u0161ios dangos stalvir\u0161is yra [\u2026]<\/p>","protected":false},"featured_media":192092,"comment_status":"open","ping_status":"open","template":"","meta":[],"product_brand":[],"product_cat":[9609,4774,1934],"product_tag":[],"class_list":{"0":"post-192091","1":"product","2":"type-product","3":"status-publish","4":"has-post-thumbnail","6":"product_cat-table-solo-lux-hubertus","7":"product_cat-hubertus-design","8":"product_cat-tables","10":"first","11":"instock","12":"purchasable","13":"product-type-simple"},"_links":{"self":[{"href":"https:\/\/baldumarket.lt\/lt\/wp-json\/wp\/v2\/product\/192091","targetHints":{"allow":["GET"]}}],"collection":[{"href":"https:\/\/baldumarket.lt\/lt\/wp-json\/wp\/v2\/product"}],"about":[{"href":"https:\/\/baldumarket.lt\/lt\/wp-json\/wp\/v2\/types\/product"}],"replies":[{"embeddable":true,"href":"https:\/\/baldumarket.lt\/lt\/wp-json\/wp\/v2\/comments?post=192091"}],"wp:featuredmedia":[{"embeddable":true,"href":"https:\/\/baldumarket.lt\/lt\/wp-json\/wp\/v2\/media\/192092"}],"wp:attachment":[{"href":"https:\/\/baldumarket.lt\/lt\/wp-json\/wp\/v2\/media?parent=192091"}],"wp:term":[{"taxonomy":"product_brand","embeddable":true,"href":"https:\/\/baldumarket.lt\/lt\/wp-json\/wp\/v2\/product_brand?post=192091"},{"taxonomy":"product_cat","embeddable":true,"href":"https:\/\/baldumarket.lt\/lt\/wp-json\/wp\/v2\/product_cat?post=192091"},{"taxonomy":"product_tag","embeddable":true,"href":"https:\/\/baldumarket.lt\/lt\/wp-json\/wp\/v2\/product_tag?post=192091"}],"curies":[{"name":"wp","href":"https:\/\/api.w.org\/{rel}","templated":true}]}}