{"id":192087,"date":"2025-12-23T13:39:45","date_gmt":"2025-12-23T10:39:45","guid":{"rendered":"https:\/\/baldumarket.lt\/product\/stol-rozkladany-solo-lux-100144x100-bialy-mat-czarny\/"},"modified":"2026-02-14T11:05:01","modified_gmt":"2026-02-14T08:05:01","slug":"stol-rozkladany-solo-lux-100144x100-bialy-mat-czarny","status":"publish","type":"product","link":"https:\/\/baldumarket.lt\/lt\/product\/stol-rozkladany-solo-lux-100144x100-bialy-mat-czarny\/","title":{"rendered":"SOLO LUX i\u0161traukiamas stalas 100(144)x100 matin\u0117s baltos\/juodos spalvos"},"content":{"rendered":"<p>Eleganti\u0161kas SOLO apvalus i\u0161traukiamas stalas svetainei<br \/>\nI\u0161skleid\u017eiamas stalas SOLO LUX 100 puikiai tinka tiems, kurie vertina modern\u0173 dizain\u0105 ir didel\u012f naudojimo patogum\u0105. Eleganti\u0161kas, matin\u0117s baltos spalvos stalvir\u0161is, padengtas novatori\u0161ka antipirenine danga, yra ne tik esteti\u0161kai patrauklus, bet ir prakti\u0161kas \u2013 suma\u017eina pir\u0161t\u0173 atspaudus ir ne\u0161varumus, tod\u0117l j\u012f daug lengviau pri\u017ei\u016br\u0117ti. Pagamintas i\u0161 auk\u0161tos kokyb\u0117s MDF plok\u0161t\u0117s, stalvir\u0161is yra atsparus kasdieniams \u012fbr\u0117\u017eimams ir kitiems pa\u017eeidimams.<br \/>\nJuodas MDF pagrindas pasi\u017eymi subtiliais grioveliais, kurie suteikia jam trima\u010dio efekto ir \u012fdomaus vizualinio akcento. Matin\u0117s baltos ir tamsiai juodos spalv\u0173 derinys suteikia stalui elegancijos ir universalumo, tod\u0117l jis puikiai tinka \u012fvairiems interjero dizainams.<br \/>\nStalas apr\u016bpintas sinchroniniais rutuliniais guoliais, tod\u0117l j\u012f galima greitai, skland\u017eiai ir itin lengvai i\u0161skleisti. \u0160ie b\u0117geliai tolygiai i\u0161ple\u010dia stal\u0105 i\u0161 abiej\u0173 pusi\u0173, o papildomas \u012fd\u0117klas po stalvir\u0161iu suteikia daugiau erdv\u0117s, idealiai tinkan\u010dio didesniems susib\u016brimams. \u0160is unikalus baldas derina tvirt\u0105 apdirbim\u0105 su funkcionaliais sprendimais, u\u017etikrindamas komfort\u0105 ir patvarum\u0105 ilgus metus.<br \/>\nD\u0117l patvarios MDF plok\u0161t\u0117s ir novatori\u0161k\u0173 dang\u0173 stalas SOLO LUX 100 yra atsparus kasdieniams pa\u017eeidimams, u\u017etikrina ilgaam\u017ei\u0161kum\u0105 ir esteti\u0161k\u0105 i\u0161vaizd\u0105. \u0160is baldas derina elegancij\u0105, prakti\u0161kum\u0105 ir modernias technologijas, tod\u0117l puikiai tinka bet kokiam interjerui. Produkto savyb\u0117s<br \/>\nLenki\u0161kas produktas,<br \/>\nMDF stalvir\u0161is, padengtas akriliniu matiniu sluoksniu, suteikian\u010diu gil\u0173, aksomin\u012f matin\u012f efekt\u0105,<br \/>\napvalus, i\u0161traukiamas stalvir\u0161is, baltas,<br \/>\nmatinis pavir\u0161ius tik vir\u0161utiniame pavir\u0161iuje,<br \/>\nMDF pagrindas,<br \/>\njuodas pagrindas,<br \/>\npo stalvir\u0161iu pasl\u0117ptas prailginamas \u012fd\u0117klas (nuotraukos, kuriose matyti i\u0161skleistas stalvir\u0161is, \u012ftrauktos \u012f pasi\u016blym\u0105),<br \/>\napr\u016bpinti sinchroniniais rutuliniais guoliais,<br \/>\nviena koja,<br \/>\nsavaranki\u0161kam surinkimui,<br \/>\nSi\u016blome plat\u0173 bald\u0173 pasirinkim\u0105, leid\u017eiant\u012f pilnai \u012frengti savo namus.<\/p>","protected":false},"excerpt":{"rendered":"<p>Elegant SOLO Round Extendable Table for the Living Room The SOLO LUX 100 extendable table is perfect for those who value modern design and high comfort of use. Its elegant, matte white top, finished with an innovative anti-fingerprint coating, offers not only aesthetic appeal but also practicality \u2013 it minimizes fingerprints and dirt, making maintenance [&hellip;]<\/p>","protected":false},"featured_media":192088,"comment_status":"open","ping_status":"open","template":"","meta":[],"product_brand":[],"product_cat":[9609,4774,1934],"product_tag":[],"class_list":{"0":"post-192087","1":"product","2":"type-product","3":"status-publish","4":"has-post-thumbnail","6":"product_cat-table-solo-lux-hubertus","7":"product_cat-hubertus-design","8":"product_cat-tables","10":"first","11":"instock","12":"purchasable","13":"product-type-simple"},"_links":{"self":[{"href":"https:\/\/baldumarket.lt\/lt\/wp-json\/wp\/v2\/product\/192087","targetHints":{"allow":["GET"]}}],"collection":[{"href":"https:\/\/baldumarket.lt\/lt\/wp-json\/wp\/v2\/product"}],"about":[{"href":"https:\/\/baldumarket.lt\/lt\/wp-json\/wp\/v2\/types\/product"}],"replies":[{"embeddable":true,"href":"https:\/\/baldumarket.lt\/lt\/wp-json\/wp\/v2\/comments?post=192087"}],"wp:featuredmedia":[{"embeddable":true,"href":"https:\/\/baldumarket.lt\/lt\/wp-json\/wp\/v2\/media\/192088"}],"wp:attachment":[{"href":"https:\/\/baldumarket.lt\/lt\/wp-json\/wp\/v2\/media?parent=192087"}],"wp:term":[{"taxonomy":"product_brand","embeddable":true,"href":"https:\/\/baldumarket.lt\/lt\/wp-json\/wp\/v2\/product_brand?post=192087"},{"taxonomy":"product_cat","embeddable":true,"href":"https:\/\/baldumarket.lt\/lt\/wp-json\/wp\/v2\/product_cat?post=192087"},{"taxonomy":"product_tag","embeddable":true,"href":"https:\/\/baldumarket.lt\/lt\/wp-json\/wp\/v2\/product_tag?post=192087"}],"curies":[{"name":"wp","href":"https:\/\/api.w.org\/{rel}","templated":true}]}}