{"id":192083,"date":"2025-12-23T13:39:31","date_gmt":"2025-12-23T10:39:31","guid":{"rendered":"https:\/\/baldumarket.lt\/product\/stol-rozkladany-solo-lux-100144x100-dab-artisan-bialy\/"},"modified":"2026-02-14T11:05:01","modified_gmt":"2026-02-14T08:05:01","slug":"stol-rozkladany-solo-lux-100144x100-dab-artisan-bialy","status":"publish","type":"product","link":"https:\/\/baldumarket.lt\/lt\/product\/stol-rozkladany-solo-lux-100144x100-dab-artisan-bialy\/","title":{"rendered":"SOLO LUX i\u0161skleid\u017eiamas stalas 100(144)x100, meni\u0161ko \u0105\u017euolo\/baltos spalvos"},"content":{"rendered":"<p>SOLO LUX 100 \u0161e\u0161i\u0173 viet\u0173 i\u0161traukiamas stalas moderniu stiliumi<br \/>\nI\u0161skleid\u017eiamas stalas SOLO LUX 100 \u2013 puikus pasirinkimas tiems, kurie vertina modernaus stiliaus ir auk\u0161to funkcionalumo derin\u012f. Melamino dengtas stalvir\u0161is, kurio tekst\u016bra primena tikr\u0105 medien\u0105 ir yra dirbtinio \u0105\u017euolo spalvos, suteikia bet kokiam interjerui unikalaus jaukumo ir nat\u016bralaus \u017eavesio. Med\u017eio tekst\u016bra pabr\u0117\u017eia autenti\u0161k\u0105 stalvir\u0161io charakter\u012f, o kartu j\u012f lengva pri\u017ei\u016br\u0117ti, tod\u0117l stalas ne tik puikiai atrodo, bet ir yra prakti\u0161kas kasdieniam naudojimui.<br \/>\nBaltas melaminu dengtas lentos pagrindas yra modernus ir puikiai kontrastuoja su mediniu stalvir\u0161iu. Subtiliai i\u0161gaubta stalo koja suteikia stalui gylio ir elegancijos, sukurdama trimat\u012f efekt\u0105, kuris traukia ak\u012f ir suteikia baldui unikalaus charakterio. \u0160is dizainas ne tik padidina estetin\u0119 vert\u0119, bet ir u\u017etikrina puik\u0173 stalo stabilum\u0105.<br \/>\nVienas i\u0161 pagrindini\u0173 \u0161io modelio technini\u0173 privalum\u0173 \u2013 sinchroniniai rutuliniai guoliai, kurie leid\u017eia lengvai prailginti stal\u0105. D\u0117l j\u0173, tiesiog patraukus vien\u0105 stalvir\u0161io pus\u0119, automati\u0161kai prailginama kita, tod\u0117l procesas tampa paprastas ir patogus. Papildomas prailginimo \u012fd\u0117klas leid\u017eia greitai i\u0161pl\u0117sti stalo pavir\u0161i\u0173, tod\u0117l \u201eSOLO LUX 100\u201c puikiai tinka didesniems \u0161eimos ar socialiniams susib\u016brimams.<br \/>\nTvirta melaminu dengta plok\u0161t\u0117s konstrukcija garantuoja atsparum\u0105 kasdieniam d\u0117v\u0117jimuisi, \u012fbr\u0117\u017eimams ir kitiems nedideliems pa\u017eeidimams. Tai u\u017etikrina, kad stalas ilg\u0105 laik\u0105 i\u0161liks nepriekai\u0161tingos b\u016bkl\u0117s, i\u0161laikydamas originali\u0105 i\u0161vaizd\u0105. D\u0117mesys detal\u0117ms ir auk\u0161\u010diausios kokyb\u0117s med\u017eiag\u0173 naudojimas daro \u201eSOLO LUX 100\u201c funkcionaliu ir stilingu sprendimu bet kokiam interjerui. Produkto savyb\u0117s<br \/>\nLenki\u0161kas produktas,<br \/>\nmelaminu dengtas plok\u0161t\u0117s vir\u0161us,<br \/>\napvalus, i\u0161traukiamas stalvir\u0161is i\u0161 dirbtinio \u0105\u017euolo su nat\u016bralios medienos tekst\u016bra,<br \/>\nbaltos melamino dengtos plok\u0161t\u0117s pagrindas,<br \/>\nmelaminu dengta plok\u0161t\u0117, atspari \u012fbr\u0117\u017eimams, UV spinduliams ir auk\u0161tai temperat\u016brai iki 100 \u00b0C,<br \/>\nprailginimo \u012fd\u0117klas pasl\u0117ptas po vir\u0161umi,<br \/>\napr\u016bpinti sinchroniniais rutuliniais guoliais,<br \/>\ngeometrin\u0117 koja,<br \/>\nsavaranki\u0161kam surinkimui,<br \/>\nSi\u016blome plat\u0173 bald\u0173 pasirinkim\u0105, skirt\u0105 pilnam nam\u0173 apstatymo sprendimui.<\/p>","protected":false},"excerpt":{"rendered":"<p>SOLO LUX 100 6 viet\u0173 i\u0161traukiamas stalas moderniu stiliumi. SOLO LUX 100 i\u0161traukiamas stalas yra puikus pasirinkimas tiems, kurie vertina modernaus stiliaus ir auk\u0161to funkcionalumo derin\u012f. Melamino dengtas stalvir\u0161is su tikros medienos tekst\u016bra ir dirbtinio \u0105\u017euolo apdaila suteikia stalui unikalaus jaukumo ir nat\u016bralaus \u017eavesio.<\/p>","protected":false},"featured_media":192084,"comment_status":"open","ping_status":"open","template":"","meta":[],"product_brand":[],"product_cat":[9609,4774,1934],"product_tag":[],"class_list":{"0":"post-192083","1":"product","2":"type-product","3":"status-publish","4":"has-post-thumbnail","6":"product_cat-table-solo-lux-hubertus","7":"product_cat-hubertus-design","8":"product_cat-tables","10":"first","11":"instock","12":"purchasable","13":"product-type-simple"},"_links":{"self":[{"href":"https:\/\/baldumarket.lt\/lt\/wp-json\/wp\/v2\/product\/192083","targetHints":{"allow":["GET"]}}],"collection":[{"href":"https:\/\/baldumarket.lt\/lt\/wp-json\/wp\/v2\/product"}],"about":[{"href":"https:\/\/baldumarket.lt\/lt\/wp-json\/wp\/v2\/types\/product"}],"replies":[{"embeddable":true,"href":"https:\/\/baldumarket.lt\/lt\/wp-json\/wp\/v2\/comments?post=192083"}],"wp:featuredmedia":[{"embeddable":true,"href":"https:\/\/baldumarket.lt\/lt\/wp-json\/wp\/v2\/media\/192084"}],"wp:attachment":[{"href":"https:\/\/baldumarket.lt\/lt\/wp-json\/wp\/v2\/media?parent=192083"}],"wp:term":[{"taxonomy":"product_brand","embeddable":true,"href":"https:\/\/baldumarket.lt\/lt\/wp-json\/wp\/v2\/product_brand?post=192083"},{"taxonomy":"product_cat","embeddable":true,"href":"https:\/\/baldumarket.lt\/lt\/wp-json\/wp\/v2\/product_cat?post=192083"},{"taxonomy":"product_tag","embeddable":true,"href":"https:\/\/baldumarket.lt\/lt\/wp-json\/wp\/v2\/product_tag?post=192083"}],"curies":[{"name":"wp","href":"https:\/\/api.w.org\/{rel}","templated":true}]}}