{"id":192080,"date":"2025-12-23T13:39:21","date_gmt":"2025-12-23T10:39:21","guid":{"rendered":"https:\/\/baldumarket.lt\/product\/stol-rozkladany-solo-lux-100144x100-dab-artisan-czarny\/"},"modified":"2026-02-14T11:05:01","modified_gmt":"2026-02-14T08:05:01","slug":"stol-rozkladany-solo-lux-100144x100-dab-artisan-czarny","status":"publish","type":"product","link":"https:\/\/baldumarket.lt\/lt\/product\/stol-rozkladany-solo-lux-100144x100-dab-artisan-czarny\/","title":{"rendered":"SOLO LUX i\u0161skleid\u017eiamas stalas 100(144)x100, meni\u0161ko \u0105\u017euolo\/juodos spalvos"},"content":{"rendered":"<p>SOLO LUX 100 \u0161e\u0161i\u0173 viet\u0173 i\u0161traukiamas valgomojo stalas svetainei<br \/>\nI\u0161traukiamas valgomojo stalas SOLO LUX 100 \u2013 tai harmoningas nat\u016brali\u0173 med\u017eiag\u0173 ir modernaus dizaino derinys. Jo melamino dengtas stalvir\u0161is su med\u017eio imitacijos tekst\u016bra, dirbtinio \u0105\u017euolo spalvos, suteikia jaukumo ir autenti\u0161ko charakterio bet kokiam interjerui. Pavir\u0161iaus tekst\u016bra, primenanti nat\u016brali\u0105 medien\u0105, ne tik atrodo \u012fsp\u016bdingai, bet ir u\u017etikrina didel\u012f patvarum\u0105 bei lengv\u0105 prie\u017ei\u016br\u0105, tod\u0117l stalas idealiai tinka kasdieniam naudojimui.<br \/>\nSodrios juodos spalvos pagrindas sukuria ry\u0161k\u0173 kontrast\u0105 su \u0161iltu stalvir\u0161io atspalviu, suteikdamas baldui eleganti\u0161k\u0105 ir modern\u0173 poj\u016bt\u012f. Pagamintas i\u0161 melaminu dengtos plok\u0161t\u0117s, jis yra atsparus \u012fbr\u0117\u017eimams ir pa\u017eeidimams. Ovali stalo koja, dekoruota subtiliais grioveliais, sukurian\u010diais subtil\u0173 3D efekt\u0105, suteikia papildomos estetin\u0117s vert\u0117s. Tai daro stal\u0105 ne tik stiling\u0105, bet ir i\u0161skirtin\u012f savo originaliu dizainu, traukian\u010diu d\u0117mes\u012f ir pabr\u0117\u017eian\u010diu unikal\u0173 bet kokio interjero charakter\u012f. Techninis \u0161io modelio akcentas \u2013 sinchroniniai rutuliniai guoliai, u\u017etikrinantys lengv\u0105 ir skland\u0173 stalo i\u0161pl\u0117tim\u0105. U\u017etenka vieno paprasto judesio, kad stalas automati\u0161kai i\u0161pl\u0117st\u0173, nereikia j\u0117gos. D\u0117l papildomo \u012fd\u0117klo, pasl\u0117pto po stalvir\u0161iu, stal\u0105 galima greitai i\u0161pl\u0117titi, tod\u0117l jis puikiai tinka didesniems \u0161eimos ar socialiniams susib\u016brimams.<br \/>\nPagamintas vien i\u0161 tvirtos melaminu dengtos plok\u0161t\u0117s, jis u\u017etikrina ne tik ilgaam\u017ei\u0161kum\u0105, bet ir atsparum\u0105 kasdieniam d\u0117v\u0117jimuisi, \u012fskaitant \u012fbr\u0117\u017eimus ir kitus pa\u017eeidimus. SOLO LUX 100 stalas yra puikus pasirinkimas tiems, kurie vertina funkcionalumo ir estetikos derin\u012f, si\u016blydamas bald\u0105, kuris i\u0161lieka stilingas ir prakti\u0161kas daugel\u012f met\u0173. Produkto savyb\u0117s<br \/>\nLenki\u0161kas produktas,<br \/>\nmelaminu dengtas plok\u0161t\u0117s vir\u0161us,<br \/>\napvalus, i\u0161traukiamas stalvir\u0161is i\u0161 dirbtinio \u0105\u017euolo su nat\u016bralios medienos tekst\u016bra,<br \/>\njuodos melamino dengtos plok\u0161t\u0117s pagrindas,<br \/>\nmelaminu dengta plok\u0161t\u0117, atspari \u012fbr\u0117\u017eimams, UV spinduliams ir auk\u0161tai temperat\u016brai iki 100 \u00b0C,<br \/>\nprailginimo \u012fd\u0117klas pasl\u0117ptas po vir\u0161umi,<br \/>\napr\u016bpinti sinchroniniais rutuliniais guoliais,<br \/>\ngeometrin\u0117 koja,<br \/>\nsavaranki\u0161kam surinkimui,<br \/>\nSi\u016blome plat\u0173 bald\u0173 pasirinkim\u0105, skirt\u0105 pilnam nam\u0173 apstatymo sprendimui.<\/p>","protected":false},"excerpt":{"rendered":"<p>SOLO LUX 100 \u0161e\u0161i\u0173 viet\u0173 i\u0161traukiamas valgomojo stalas svetainei. I\u0161traukiamas valgomojo stalas SOLO LUX 100 \u2013 tai harmoningas nat\u016brali\u0173 med\u017eiag\u0173 ir modernaus dizaino derinys. Jo melamino dengtas stalvir\u0161is su med\u017eio imitacijos tekst\u016bra, dirbtinio \u0105\u017euolo spalvos, suteikia \u0161ilumos ir autenti\u0161ko charakterio bet kokiam interjerui. Pavir\u0161iaus tekst\u016bra, primenanti nat\u016brali\u0105 medien\u0105, [\u2026]<\/p>","protected":false},"featured_media":192081,"comment_status":"open","ping_status":"open","template":"","meta":[],"product_brand":[],"product_cat":[9609,4774,1934],"product_tag":[],"class_list":{"0":"post-192080","1":"product","2":"type-product","3":"status-publish","4":"has-post-thumbnail","6":"product_cat-table-solo-lux-hubertus","7":"product_cat-hubertus-design","8":"product_cat-tables","10":"first","11":"instock","12":"purchasable","13":"product-type-simple"},"_links":{"self":[{"href":"https:\/\/baldumarket.lt\/lt\/wp-json\/wp\/v2\/product\/192080","targetHints":{"allow":["GET"]}}],"collection":[{"href":"https:\/\/baldumarket.lt\/lt\/wp-json\/wp\/v2\/product"}],"about":[{"href":"https:\/\/baldumarket.lt\/lt\/wp-json\/wp\/v2\/types\/product"}],"replies":[{"embeddable":true,"href":"https:\/\/baldumarket.lt\/lt\/wp-json\/wp\/v2\/comments?post=192080"}],"wp:featuredmedia":[{"embeddable":true,"href":"https:\/\/baldumarket.lt\/lt\/wp-json\/wp\/v2\/media\/192081"}],"wp:attachment":[{"href":"https:\/\/baldumarket.lt\/lt\/wp-json\/wp\/v2\/media?parent=192080"}],"wp:term":[{"taxonomy":"product_brand","embeddable":true,"href":"https:\/\/baldumarket.lt\/lt\/wp-json\/wp\/v2\/product_brand?post=192080"},{"taxonomy":"product_cat","embeddable":true,"href":"https:\/\/baldumarket.lt\/lt\/wp-json\/wp\/v2\/product_cat?post=192080"},{"taxonomy":"product_tag","embeddable":true,"href":"https:\/\/baldumarket.lt\/lt\/wp-json\/wp\/v2\/product_tag?post=192080"}],"curies":[{"name":"wp","href":"https:\/\/api.w.org\/{rel}","templated":true}]}}