{"id":192077,"date":"2025-12-23T13:39:10","date_gmt":"2025-12-23T10:39:10","guid":{"rendered":"https:\/\/baldumarket.lt\/product\/stolik-kawowy-solo-mini-%e2%8c%8060cm-bialy-polysk\/"},"modified":"2026-02-14T12:16:59","modified_gmt":"2026-02-14T09:16:59","slug":"stolik-kawowy-solo-mini-%e2%8c%8060cm-bialy-polysk","status":"publish","type":"product","link":"https:\/\/baldumarket.lt\/lt\/product\/stolik-kawowy-solo-mini-%e2%8c%8060cm-bialy-polysk\/","title":{"rendered":"SOLO MINI kavos staliukas \u230060cm baltas blizgus"},"content":{"rendered":"<p>SOLO MINI 60 \u017eemas apvalus kavos staliukas<br \/>\n\u201eSOLO MINI 60\u201c kavos staliukas yra ma\u017eesn\u0117, kompakti\u0161kesn\u0117 populiaraus \u201eSOLO LUX\u201c modelio versija, sukurta interjerams, kuriuose erdv\u0117 yra prioritetas, neaukojant stiliaus. Pagamintas vien i\u0161 tvirtos MDF plok\u0161t\u0117s, jis pasi\u017eymi eleganti\u0161ku, moderniu dizainu ir unikalia apdaila, suteikian\u010dia bet kokiam interjerui \u017eavesio ir prabangos. Balta spalva kartu su veidrodiniu blizgesiu efektyviai atspindi \u0161vies\u0105, vizualiai i\u0161ple\u010dia erdv\u0119 ir suteikia jai gaivumo poj\u016bt\u012f.<br \/>\nStalo pavir\u0161ius padengtas novatori\u0161ku akriliniu kilim\u0117liu, suteikian\u010diu jam unikali\u0105 itin blizgi\u0105 apdail\u0105. \u0160i apdaila suteikia stalvir\u0161iui stiklo i\u0161vaizd\u0105 \u2013 blizgant\u012f, lyg\u0173 ir atspar\u0173 i\u0161or\u0117s veiksniams. Didelis blizgesys ne tik pagerina stalo estetin\u012f patrauklum\u0105, bet ir apsaugo j\u012f nuo \u012fbr\u0117\u017eim\u0173, UV spinduli\u0173 ir kit\u0173 mechanini\u0173 pa\u017eeidim\u0173. D\u0117l to SOLO MINI 60 yra ne tik gra\u017eus bet kokio interjero papildymas, bet ir prakti\u0161kas sprendimas kasdieniam naudojimui. Kaip ir didesnis modelis, \u0161is stalas pasi\u017eymi minimalistiniu, ta\u010diau moderniu dizainu. Idealiai tinka ma\u017eesn\u0117ms erdv\u0117ms, tokioms kaip virtuv\u0117, valgomasis ar svetain\u0117, kur erdv\u0117 yra svarbi, ta\u010diau estetika i\u0161lieka svarbiausia.<br \/>\nPaprastos formos ir veidrodinio pavir\u0161iaus SOLO MINI 60 stalas puikiai dera tiek su moderniu, tiek su klasikiniu interjeru ir tampa eleganti\u0161ku bet kokio dekoro akcentu. Tvirta MDF plok\u0161t\u0117 kartu su blizgia apdaila garantuoja patvarum\u0105 ir atsparum\u0105 kasdieniam naudojimui, tod\u0117l \u0161is stalas yra ilgalaik\u0117 investicija.<br \/>\nProdukto savyb\u0117s<br \/>\nPagaminta Lenkijoje,<br \/>\nMDF stalvir\u0161is su akrilo kilim\u0117liu,<br \/>\nApvalus, i\u0161traukiamas stalvir\u0161is, baltas,<br \/>\nMatinis pavir\u0161ius tik vir\u0161utiniame pavir\u0161iuje,<br \/>\nMDF pagrindas,<br \/>\nBaltas pagrindas,<br \/>\nViena koja,<br \/>\nReikalingas savaranki\u0161kas surinkimas,<br \/>\nPridedamos i\u0161samios, paprastos, iliustracin\u0117s surinkimo instrukcijos,<br \/>\nSi\u016blome plat\u0173 bald\u0173 pasirinkim\u0105, kad gal\u0117tum\u0117te m\u0117gautis visaver\u010diu nam\u0173 apstatymu.<\/p>","protected":false},"excerpt":{"rendered":"<p>SOLO MINI 60 Low Round Coffee Table The SOLO MINI 60 coffee table is a smaller, more compact version of the popular SOLO LUX model, designed for interiors where space is a priority without compromising style. Crafted entirely from solid MDF, it boasts an elegant, modern design and a unique finish that adds a touch [&hellip;]<\/p>","protected":false},"featured_media":192078,"comment_status":"open","ping_status":"open","template":"","meta":[],"product_brand":[],"product_cat":[9619,866,4774],"product_tag":[],"class_list":{"0":"post-192077","1":"product","2":"type-product","3":"status-publish","4":"has-post-thumbnail","6":"product_cat-coffee-table-solo-mini-hubertus","7":"product_cat-coffee-tables","8":"product_cat-hubertus-design","10":"first","11":"instock","12":"purchasable","13":"product-type-simple"},"_links":{"self":[{"href":"https:\/\/baldumarket.lt\/lt\/wp-json\/wp\/v2\/product\/192077","targetHints":{"allow":["GET"]}}],"collection":[{"href":"https:\/\/baldumarket.lt\/lt\/wp-json\/wp\/v2\/product"}],"about":[{"href":"https:\/\/baldumarket.lt\/lt\/wp-json\/wp\/v2\/types\/product"}],"replies":[{"embeddable":true,"href":"https:\/\/baldumarket.lt\/lt\/wp-json\/wp\/v2\/comments?post=192077"}],"wp:featuredmedia":[{"embeddable":true,"href":"https:\/\/baldumarket.lt\/lt\/wp-json\/wp\/v2\/media\/192078"}],"wp:attachment":[{"href":"https:\/\/baldumarket.lt\/lt\/wp-json\/wp\/v2\/media?parent=192077"}],"wp:term":[{"taxonomy":"product_brand","embeddable":true,"href":"https:\/\/baldumarket.lt\/lt\/wp-json\/wp\/v2\/product_brand?post=192077"},{"taxonomy":"product_cat","embeddable":true,"href":"https:\/\/baldumarket.lt\/lt\/wp-json\/wp\/v2\/product_cat?post=192077"},{"taxonomy":"product_tag","embeddable":true,"href":"https:\/\/baldumarket.lt\/lt\/wp-json\/wp\/v2\/product_tag?post=192077"}],"curies":[{"name":"wp","href":"https:\/\/api.w.org\/{rel}","templated":true}]}}