{"id":192075,"date":"2025-12-23T13:39:03","date_gmt":"2025-12-23T10:39:03","guid":{"rendered":"https:\/\/baldumarket.lt\/product\/stolik-kawowy-solo-mini-%e2%8c%8060cm-czarny-polysk\/"},"modified":"2026-02-14T12:16:59","modified_gmt":"2026-02-14T09:16:59","slug":"stolik-kawowy-solo-mini-%e2%8c%8060cm-czarny-polysk","status":"publish","type":"product","link":"https:\/\/baldumarket.lt\/lt\/product\/stolik-kawowy-solo-mini-%e2%8c%8060cm-czarny-polysk\/","title":{"rendered":"SOLO MINI kavos staliukas \u230060cm juodas blizgus"},"content":{"rendered":"<p>SOLO MINI 60 apvalus, \u017eavingas kavos staliukas<br \/>\nSOLO MINI 60 kavos staliukas \u2013 puikus sprendimas ie\u0161kantiems eleganti\u0161ko ir funkcionalaus baldo savo interjerui. Ma\u017eesn\u0117 populiaraus SOLO LUX modelio versija, staliukas derina modern\u0173 dizain\u0105 su prakti\u0161kumu, tod\u0117l puikiai tinka butams su ribota erdve. Pagamintas tik i\u0161 auk\u0161tos kokyb\u0117s MDF plok\u0161t\u0117s, jis u\u017etikrina patvarum\u0105 ir ilgaam\u017ei\u0161kum\u0105, tod\u0117l yra patikimas baldas.<br \/>\nNuostabi juoda apdaila su veidrodiniu blizgesiu suteikia \u0161iam baldui unikal\u0173 charakter\u012f. Stalvir\u0161is padengtas novatori\u0161ku akriliniu kilim\u0117liu, suteikian\u010diu jam itin blizgaus efekto. Tai spinduliuoja elegancija ir modernumu, o lygi, blizgi tekst\u016bra puikiai atspindi \u0161vies\u0105, sukurdama jauki\u0105 atmosfer\u0105 kambaryje.<br \/>\nNepaisant kompakti\u0161ko dyd\u017eio, SOLO MINI 60 i\u0161laiko savo funkcionalum\u0105. D\u0117l blizgios med\u017eiagos stalas yra ne tik esteti\u0161kai patrauklus, bet ir lengvai valomas. Jis atsparus \u012fbr\u0117\u017eimams ir UV spinduliams, tod\u0117l apsaugo nuo kasdieni\u0173 pa\u017eeidim\u0173. D\u0117l to \u0161is stalas idealiai tinka virtuv\u0117ms, valgomiesiems ar ma\u017eoms svetain\u0117ms, kur svarbus ir stilius, ir patogumas.<br \/>\n\u0160is eleganti\u0161kas stalas puikiai tinka \u012fvairiems interjero dizainams \u2013 tiek moderniems, tiek klasikiniams. Minimalistin\u0117 forma leid\u017eia jam der\u0117ti prie daugelio dekoravimo stili\u0173, o juoda blizgi apdaila suteikia prabangos. SOLO MINI 60 stalas yra ne tik baldas, bet ir dizainerio k\u016brinys, kuris pabr\u0117\u0161 bet kurio kambario charakter\u012f ir sukurs unikali\u0105 atmosfer\u0105.<br \/>\nProdukto savyb\u0117s<br \/>\nPagaminta Lenkijoje,<br \/>\nMDF stalvir\u0161is su akrilo kilim\u0117liu,<br \/>\nApvalus, i\u0161traukiamas vir\u0161us juodas,<br \/>\nMatinis pavir\u0161ius tik vir\u0161utiniame pavir\u0161iuje,<br \/>\nMDF pagrindas,<br \/>\nJuodas pagrindas,<br \/>\nViena koja,<br \/>\nReikalingas savaranki\u0161kas surinkimas,<br \/>\nPridedamos i\u0161samios, paprastos, iliustracin\u0117s surinkimo instrukcijos,<br \/>\nSi\u016blome plat\u0173 bald\u0173 pasirinkim\u0105, kad gal\u0117tum\u0117te m\u0117gautis visaver\u010diu nam\u0173 apstatymu.<\/p>","protected":false},"excerpt":{"rendered":"<p>Apvalus, \u017evilgantis kavos staliukas SOLO MINI 60 Kavos staliukas SOLO MINI 60 \u2013 puikus sprendimas ie\u0161kantiems eleganti\u0161ko ir funkcionalaus baldo savo interjerui. Ma\u017eesn\u0117 populiaraus SOLO LUX modelio versija, staliukas derina modern\u0173 dizain\u0105 su prakti\u0161kumu, tod\u0117l puikiai tinka butams su [\u2026]<\/p>","protected":false},"featured_media":192076,"comment_status":"open","ping_status":"open","template":"","meta":[],"product_brand":[],"product_cat":[9619,866,4774],"product_tag":[],"class_list":{"0":"post-192075","1":"product","2":"type-product","3":"status-publish","4":"has-post-thumbnail","6":"product_cat-coffee-table-solo-mini-hubertus","7":"product_cat-coffee-tables","8":"product_cat-hubertus-design","10":"first","11":"instock","12":"purchasable","13":"product-type-simple"},"_links":{"self":[{"href":"https:\/\/baldumarket.lt\/lt\/wp-json\/wp\/v2\/product\/192075","targetHints":{"allow":["GET"]}}],"collection":[{"href":"https:\/\/baldumarket.lt\/lt\/wp-json\/wp\/v2\/product"}],"about":[{"href":"https:\/\/baldumarket.lt\/lt\/wp-json\/wp\/v2\/types\/product"}],"replies":[{"embeddable":true,"href":"https:\/\/baldumarket.lt\/lt\/wp-json\/wp\/v2\/comments?post=192075"}],"wp:featuredmedia":[{"embeddable":true,"href":"https:\/\/baldumarket.lt\/lt\/wp-json\/wp\/v2\/media\/192076"}],"wp:attachment":[{"href":"https:\/\/baldumarket.lt\/lt\/wp-json\/wp\/v2\/media?parent=192075"}],"wp:term":[{"taxonomy":"product_brand","embeddable":true,"href":"https:\/\/baldumarket.lt\/lt\/wp-json\/wp\/v2\/product_brand?post=192075"},{"taxonomy":"product_cat","embeddable":true,"href":"https:\/\/baldumarket.lt\/lt\/wp-json\/wp\/v2\/product_cat?post=192075"},{"taxonomy":"product_tag","embeddable":true,"href":"https:\/\/baldumarket.lt\/lt\/wp-json\/wp\/v2\/product_tag?post=192075"}],"curies":[{"name":"wp","href":"https:\/\/api.w.org\/{rel}","templated":true}]}}