{"id":192072,"date":"2025-12-23T13:38:54","date_gmt":"2025-12-23T10:38:54","guid":{"rendered":"https:\/\/baldumarket.lt\/product\/stolik-kawowy-solo-mini-%e2%8c%8060cm-czarny-polysk-bialy\/"},"modified":"2026-02-14T12:16:59","modified_gmt":"2026-02-14T09:16:59","slug":"stolik-kawowy-solo-mini-%e2%8c%8060cm-czarny-polysk-bialy","status":"publish","type":"product","link":"https:\/\/baldumarket.lt\/lt\/product\/stolik-kawowy-solo-mini-%e2%8c%8060cm-czarny-polysk-bialy\/","title":{"rendered":"SOLO MINI kavos staliukas \u230060cm blizgi juoda\/balta"},"content":{"rendered":"<p>Modernus SOLO MINI 60 apvalus kavos staliukas<br \/>\nStalas SOLO MINI 60 \u2013 tai kompakti\u0161kas, eleganti\u0161kas baldas, kuriame dera funkcionalumas ir i\u0161skirtinis dizainas. Ma\u017eesn\u0117 SOLO LUX modelio versija puikiai tinka ma\u017eesn\u0117ms erdv\u0117ms, suteikdama stiliaus ir elegancijos. Pagamintas vien i\u0161 MDF plok\u0161t\u0117s, jis yra patvarus ir modernios i\u0161vaizdos, puikiai tinka \u0161iuolaikiniam interjerui. MDF yra atsparus auk\u0161tai temperat\u016brai (iki 100 \u00b0C), \u012fbr\u0117\u017eimams ir nedideliems mechaniniams pa\u017eeidimams.<br \/>\nBlizgios juodos spalvos SOLO MINI 60 stalvir\u0161is traukia d\u0117mes\u012f savo lygiu, veidrodiniu pavir\u0161iumi. Matin\u0117 akrilin\u0117 danga suteikia itin blizgant\u012f efekt\u0105, dar labiau sustiprindama stalvir\u0161io estetin\u012f patrauklum\u0105. Baltas pagrindas taip pat yra blizgus, tod\u0117l sukuria \u012fdom\u0173 kontrast\u0105 su tamsiu stalvir\u0161iu. Bendra veidrodin\u0117 apdaila suteikia stalui prabangaus charakterio, atspindi \u0161vies\u0105 ir suteikia interjerui elegancijos.<br \/>\nNepaisant kompakti\u0161ko dyd\u017eio, \u201eSOLO MINI 60\u201c \u017eavi savo funkcionalumu. I\u0161skirtinis med\u017eiag\u0173 blizgesys ne tik sustiprina moderni\u0105 i\u0161vaizd\u0105, bet ir yra lengvai valomas. Stalo pavir\u0161ius yra atsparus \u012fbr\u0117\u017eimams ir UV spinduliams, tod\u0117l jis ilgiau i\u0161laiko gaivi\u0105 i\u0161vaizd\u0105 ir u\u017etikrina patog\u0173 naudojim\u0105.<br \/>\nSOLO MINI 60 \u2013 tai stalas, kurio paprastumas ir elegancija dera prie \u012fvairi\u0173 interjero stili\u0173 \u2013 tiek moderni\u0173, tiek klasikini\u0173. Ry\u0161kus juodos ir baltos spalv\u0173 kontrastas pabr\u0117\u017eia modern\u0173 kambario charakter\u012f, o blizgi apdaila suteikia presti\u017eo akcent\u0105. Puikiai tinka ma\u017eiems valgomiesiems, svetain\u0117ms ar virtuv\u0117ms, kur svarbi ir estetika, ir funkcionalumas.<br \/>\nProdukto savyb\u0117s<br \/>\nPagaminta Lenkijoje,<br \/>\nMDF stalvir\u0161is su akrilo kilim\u0117liu,<br \/>\nApvalus, i\u0161traukiamas vir\u0161us juodas,<br \/>\nMatinis pavir\u0161ius tik vir\u0161utiniame pavir\u0161iuje,<br \/>\nMDF pagrindas,<br \/>\nBaltas pagrindas,<br \/>\nViena koja,<br \/>\nReikalingas savaranki\u0161kas surinkimas,<br \/>\nRekomenduojama valyti ir pri\u017ei\u016br\u0117ti dr\u0117gnu mikropluo\u0161to \u0161luoste be plovikli\u0173,<br \/>\nPridedamos i\u0161samios, paprastos, iliustracin\u0117s surinkimo instrukcijos,<br \/>\nSi\u016blome plat\u0173 bald\u0173 pasirinkim\u0105, kad gal\u0117tum\u0117te m\u0117gautis visaver\u010diu nam\u0173 apstatymu.<\/p>","protected":false},"excerpt":{"rendered":"<p>Modern SOLO MINI 60 Round Coffee Table The SOLO MINI 60 table is a compact, elegant piece of furniture that combines functionality with exceptional design. As a smaller version of the SOLO LUX model, this table is perfect for smaller spaces, adding style and elegance. Crafted entirely from MDF, it provides durability and a modern [&hellip;]<\/p>","protected":false},"featured_media":192073,"comment_status":"open","ping_status":"open","template":"","meta":[],"product_brand":[],"product_cat":[9619,866,4774],"product_tag":[],"class_list":{"0":"post-192072","1":"product","2":"type-product","3":"status-publish","4":"has-post-thumbnail","6":"product_cat-coffee-table-solo-mini-hubertus","7":"product_cat-coffee-tables","8":"product_cat-hubertus-design","10":"first","11":"instock","12":"purchasable","13":"product-type-simple"},"_links":{"self":[{"href":"https:\/\/baldumarket.lt\/lt\/wp-json\/wp\/v2\/product\/192072","targetHints":{"allow":["GET"]}}],"collection":[{"href":"https:\/\/baldumarket.lt\/lt\/wp-json\/wp\/v2\/product"}],"about":[{"href":"https:\/\/baldumarket.lt\/lt\/wp-json\/wp\/v2\/types\/product"}],"replies":[{"embeddable":true,"href":"https:\/\/baldumarket.lt\/lt\/wp-json\/wp\/v2\/comments?post=192072"}],"wp:featuredmedia":[{"embeddable":true,"href":"https:\/\/baldumarket.lt\/lt\/wp-json\/wp\/v2\/media\/192073"}],"wp:attachment":[{"href":"https:\/\/baldumarket.lt\/lt\/wp-json\/wp\/v2\/media?parent=192072"}],"wp:term":[{"taxonomy":"product_brand","embeddable":true,"href":"https:\/\/baldumarket.lt\/lt\/wp-json\/wp\/v2\/product_brand?post=192072"},{"taxonomy":"product_cat","embeddable":true,"href":"https:\/\/baldumarket.lt\/lt\/wp-json\/wp\/v2\/product_cat?post=192072"},{"taxonomy":"product_tag","embeddable":true,"href":"https:\/\/baldumarket.lt\/lt\/wp-json\/wp\/v2\/product_tag?post=192072"}],"curies":[{"name":"wp","href":"https:\/\/api.w.org\/{rel}","templated":true}]}}