{"id":192069,"date":"2025-12-23T13:38:43","date_gmt":"2025-12-23T10:38:43","guid":{"rendered":"https:\/\/baldumarket.lt\/product\/stolik-kawowy-solo-mini-%e2%8c%8060cm-bialy-polysk-czarny\/"},"modified":"2026-02-14T12:16:59","modified_gmt":"2026-02-14T09:16:59","slug":"stolik-kawowy-solo-mini-%e2%8c%8060cm-bialy-polysk-czarny","status":"publish","type":"product","link":"https:\/\/baldumarket.lt\/lt\/product\/stolik-kawowy-solo-mini-%e2%8c%8060cm-bialy-polysk-czarny\/","title":{"rendered":"SOLO MINI kavos staliukas \u230060cm blizgiai baltas\/juodas"},"content":{"rendered":"<p>Subtilus SOLO MINI 60 apvalus kavos staliukas<br \/>\nSOLO MINI 60 kavos staliukas \u2013 puikus pasirinkimas tiems, kurie vertina erdv\u0117s taupym\u0105 neaukodami elegancijos ir stiliaus. Tai ma\u017eesn\u0117, kompakti\u0161kesn\u0117 populiaraus SOLO LUX 100 modelio versija, pagaminta i\u0161 tvirtos MDF plok\u0161t\u0117s, u\u017etikrinan\u010dios patvarum\u0105 ir atsparum\u0105 pa\u017eeidimams. Unikalios baltos blizgesio apdailos ir veidrodinio efekto d\u0117ka SOLO MINI 60 staliukas bet kokiam interjerui suteikia \u017evilgesio ir prabangos.<br \/>\nMatinis stalo pavir\u0161ius, padengtas novatori\u0161ku akriliniu kilim\u0117liu, suteikia jam unikali\u0105 itin blizgi\u0105 apdail\u0105, suteikian\u010di\u0105 stalvir\u0161iui stiklo i\u0161vaizd\u0105 \u2013 blizgant\u012f, lyg\u0173 ir atspar\u0173 visiems i\u0161oriniams pa\u017eeidimams. \u0160is efektas ne tik pagerina gaminio estetin\u012f patrauklum\u0105, bet ir apsaugo j\u012f nuo \u012fbr\u0117\u017eim\u0173, UV spinduli\u0173 ir kit\u0173 mechanini\u0173 pa\u017eeidim\u0173, tod\u0117l stalas yra ne tik gra\u017eus, bet ir prakti\u0161kas kasdieniam naudojimui.<br \/>\n\u201eSOLO MINI 60\u201c pasi\u017eymi minimalistiniu, moderniu dizainu, puikiai tinkan\u010diu ma\u017eesn\u0117ms erdv\u0117ms, tokioms kaip virtuv\u0117s, valgomieji ar svetain\u0117s. Paprasta forma ir veidrodin\u0117 apdaila puikiai dera tiek prie modernaus, tiek prie klasikinio interjero, sukurdami eleganti\u0161k\u0105 bet kurio kambario traukos centr\u0105.<br \/>\nD\u0117l tvirtos MDF konstrukcijos ir blizgios apdailos SOLO MINI 60 staliukas yra ne tik gra\u017eus bet kokio interjero papildymas, bet ir ilgalaik\u0117 investicija. Nenuostabu, kad \u0161is modelis populiar\u0117ja ir d\u017eiaugiasi klientais, ie\u0161kan\u010diais funkcionalaus ir stilingo kavos staliuko.<br \/>\nProdukto savyb\u0117s<br \/>\nPagaminta Lenkijoje,<br \/>\nMDF stalvir\u0161is su akrilo kilim\u0117liu,<br \/>\nApvalus, i\u0161traukiamas stalvir\u0161is, baltas,<br \/>\nMatinis pavir\u0161ius tik vir\u0161utiniame pavir\u0161iuje,<br \/>\nMDF pagrindas,<br \/>\nJuodas pagrindas,<br \/>\nViena koja,<br \/>\nReikalingas savaranki\u0161kas surinkimas,<br \/>\nPridedamos i\u0161samios, paprastos, iliustracin\u0117s surinkimo instrukcijos,<br \/>\nSi\u016blome plat\u0173 bald\u0173 pasirinkim\u0105, kad gal\u0117tum\u0117te m\u0117gautis visaver\u010diu nam\u0173 apstatymu.<\/p>","protected":false},"excerpt":{"rendered":"<p>The Subtle SOLO MINI 60 Round Coffee Table The SOLO MINI 60 coffee table is a perfect choice for those who value space savings without sacrificing elegance and style. It&#8217;s a smaller, more compact version of the popular SOLO LUX 100 model, crafted from solid MDF, ensuring durability and resistance to damage. With its unique [&hellip;]<\/p>","protected":false},"featured_media":192070,"comment_status":"open","ping_status":"open","template":"","meta":[],"product_brand":[],"product_cat":[9619,866,4774],"product_tag":[],"class_list":{"0":"post-192069","1":"product","2":"type-product","3":"status-publish","4":"has-post-thumbnail","6":"product_cat-coffee-table-solo-mini-hubertus","7":"product_cat-coffee-tables","8":"product_cat-hubertus-design","10":"first","11":"instock","12":"purchasable","13":"product-type-simple"},"_links":{"self":[{"href":"https:\/\/baldumarket.lt\/lt\/wp-json\/wp\/v2\/product\/192069","targetHints":{"allow":["GET"]}}],"collection":[{"href":"https:\/\/baldumarket.lt\/lt\/wp-json\/wp\/v2\/product"}],"about":[{"href":"https:\/\/baldumarket.lt\/lt\/wp-json\/wp\/v2\/types\/product"}],"replies":[{"embeddable":true,"href":"https:\/\/baldumarket.lt\/lt\/wp-json\/wp\/v2\/comments?post=192069"}],"wp:featuredmedia":[{"embeddable":true,"href":"https:\/\/baldumarket.lt\/lt\/wp-json\/wp\/v2\/media\/192070"}],"wp:attachment":[{"href":"https:\/\/baldumarket.lt\/lt\/wp-json\/wp\/v2\/media?parent=192069"}],"wp:term":[{"taxonomy":"product_brand","embeddable":true,"href":"https:\/\/baldumarket.lt\/lt\/wp-json\/wp\/v2\/product_brand?post=192069"},{"taxonomy":"product_cat","embeddable":true,"href":"https:\/\/baldumarket.lt\/lt\/wp-json\/wp\/v2\/product_cat?post=192069"},{"taxonomy":"product_tag","embeddable":true,"href":"https:\/\/baldumarket.lt\/lt\/wp-json\/wp\/v2\/product_tag?post=192069"}],"curies":[{"name":"wp","href":"https:\/\/api.w.org\/{rel}","templated":true}]}}