{"id":192066,"date":"2025-12-23T13:38:30","date_gmt":"2025-12-23T10:38:30","guid":{"rendered":"https:\/\/baldumarket.lt\/product\/stolik-kawowy-solo-mini-%e2%8c%8060cm-szary-polysk-bialy\/"},"modified":"2026-02-14T12:16:59","modified_gmt":"2026-02-14T09:16:59","slug":"stolik-kawowy-solo-mini-%e2%8c%8060cm-szary-polysk-bialy","status":"publish","type":"product","link":"https:\/\/baldumarket.lt\/lt\/product\/stolik-kawowy-solo-mini-%e2%8c%8060cm-szary-polysk-bialy\/","title":{"rendered":"SOLO MINI kavos staliukas \u230060cm blizgi pilka\/balta"},"content":{"rendered":"<p>Eleganti\u0161kas, \u017eem\u0173 lub\u0173 SOLO MINI 60 kavos staliukas su \u017eavingu stiliumi<br \/>\nSOLO MINI 60 kavos staliukas \u2013 stilingas ir modernus baldas, kompakti\u0161ka populiaraus SOLO LUX modelio versija. Sukurtas ma\u017eesn\u0117ms erdv\u0117ms, jis pasi\u017eymi eleganti\u0161ka forma ir auk\u0161tos kokyb\u0117s meistri\u0161kumu. Modernus dizainas puikiai dera prie \u012fvairi\u0173 interjero dizain\u0173, derindamas funkcionalum\u0105 su unikalia i\u0161vaizda. Puikiai tinka svetain\u0117ms, valgomiesiems ar virtuv\u0117ms, kur svarbi ir estetika, ir prakti\u0161kumas.<br \/>\nSOLO MINI 60 stalo blizgus pilkas stalvir\u0161is pagamintas i\u0161 MDF plok\u0161t\u0117s, u\u017etikrinan\u010dios patvarum\u0105 ir atsparum\u0105 pa\u017eeidimams. Jis padengtas matiniu akriliniu pavir\u0161iumi, kuris suteikia veidrodin\u012f blizges\u012f ir i\u0161skirtin\u0119 eleganti\u0161k\u0105 i\u0161vaizd\u0105. Pilkas stalvir\u0161io pavir\u0161ius suteikia interjerui modern\u0173, neutral\u0173 akcent\u0105 ir rafinuotum\u0105. Baltas stalo pagrindas, taip pat padengtas blizgia apdaila, sukuria ry\u0161k\u0173 kontrast\u0105 su pilku stalvir\u0161iu, pabr\u0117\u017edamas modern\u0173 baldo stili\u0173. D\u0117l blizgios apdailos SOLO MINI 60 stalas ne tik atrodo \u012fsp\u016bdingai, bet ir yra lengvai valomas. \u012ebr\u0117\u017eimams ir UV spinduliams atsparus pavir\u0161ius garantuoja ilgalaik\u0119, gra\u017ei\u0105 i\u0161vaizd\u0105 net ir esant dideliam naudojimui. Konstrukcijoje naudojama MDF plok\u0161t\u0117 yra patvari ir lengva, tod\u0117l stalas yra stabilus ir lengvai perkeliamas.<br \/>\n\u201eSOLO MINI 60\u201c \u2013 puikus pasirinkimas interjerams, kuriuose svarbus kiekvienas erdv\u0117s centimetras. D\u0117l blizgios apdailos, pilkos ir baltos spalv\u0173 kontrasto bei modernaus dizaino jis yra ne tik funkcionalus elementas, bet ir dekoratyvus bet kurio kambario papildymas. D\u0117l kompakti\u0161k\u0173 matmen\u0173 jis puikiai tinka ma\u017eesn\u0117ms erdv\u0117ms, suteikdamas stiliaus ir elegancijos. Produkto savyb\u0117s<br \/>\nLenki\u0161kas produktas,<br \/>\nMDF stalvir\u0161is su matiniu akrilo pavir\u0161iumi,<br \/>\napvalus, i\u0161traukiamas stalvir\u0161is pilkos spalvos,<br \/>\nmatin\u0117 apdaila tik ant stalvir\u0161io,<br \/>\nMDF pagrindas,<br \/>\nbaltas pagrindas,<br \/>\nviena koja,<br \/>\nreikalingas savaranki\u0161kas surinkimas,<br \/>\npridedamos i\u0161samios, paprastos, iliustracin\u0117s surinkimo instrukcijos,<br \/>\nSi\u016blome plat\u0173 bald\u0173 pasirinkim\u0105, kad gal\u0117tum\u0117te m\u0117gautis visaver\u010diu nam\u0173 apstatymu.<\/p>","protected":false},"excerpt":{"rendered":"<p>Elegant, low-ceiling SOLO MINI 60 coffee table in a glamorous style The SOLO MINI 60 coffee table is a stylish and modern piece of furniture, a compact version of the popular SOLO LUX model. Designed for smaller spaces, it features an elegant form and high-quality craftsmanship. Its modern design blends seamlessly with a variety of [&hellip;]<\/p>","protected":false},"featured_media":192067,"comment_status":"open","ping_status":"open","template":"","meta":[],"product_brand":[],"product_cat":[9619,866,4774],"product_tag":[],"class_list":{"0":"post-192066","1":"product","2":"type-product","3":"status-publish","4":"has-post-thumbnail","6":"product_cat-coffee-table-solo-mini-hubertus","7":"product_cat-coffee-tables","8":"product_cat-hubertus-design","10":"first","11":"instock","12":"purchasable","13":"product-type-simple"},"_links":{"self":[{"href":"https:\/\/baldumarket.lt\/lt\/wp-json\/wp\/v2\/product\/192066","targetHints":{"allow":["GET"]}}],"collection":[{"href":"https:\/\/baldumarket.lt\/lt\/wp-json\/wp\/v2\/product"}],"about":[{"href":"https:\/\/baldumarket.lt\/lt\/wp-json\/wp\/v2\/types\/product"}],"replies":[{"embeddable":true,"href":"https:\/\/baldumarket.lt\/lt\/wp-json\/wp\/v2\/comments?post=192066"}],"wp:featuredmedia":[{"embeddable":true,"href":"https:\/\/baldumarket.lt\/lt\/wp-json\/wp\/v2\/media\/192067"}],"wp:attachment":[{"href":"https:\/\/baldumarket.lt\/lt\/wp-json\/wp\/v2\/media?parent=192066"}],"wp:term":[{"taxonomy":"product_brand","embeddable":true,"href":"https:\/\/baldumarket.lt\/lt\/wp-json\/wp\/v2\/product_brand?post=192066"},{"taxonomy":"product_cat","embeddable":true,"href":"https:\/\/baldumarket.lt\/lt\/wp-json\/wp\/v2\/product_cat?post=192066"},{"taxonomy":"product_tag","embeddable":true,"href":"https:\/\/baldumarket.lt\/lt\/wp-json\/wp\/v2\/product_tag?post=192066"}],"curies":[{"name":"wp","href":"https:\/\/api.w.org\/{rel}","templated":true}]}}