{"id":192063,"date":"2025-12-23T13:38:21","date_gmt":"2025-12-23T10:38:21","guid":{"rendered":"https:\/\/baldumarket.lt\/product\/stolik-kawowy-solo-mini-%e2%8c%8060-bialy-marmur-polysk-bialy\/"},"modified":"2026-02-14T12:16:59","modified_gmt":"2026-02-14T09:16:59","slug":"stolik-kawowy-solo-mini-%e2%8c%8060-bialy-marmur-polysk-bialy","status":"publish","type":"product","link":"https:\/\/baldumarket.lt\/lt\/product\/stolik-kawowy-solo-mini-%e2%8c%8060-bialy-marmur-polysk-bialy\/","title":{"rendered":"SOLO MINI kavos staliukas \u230060 baltas marmuras blizgus\/balta"},"content":{"rendered":"<p>SOLO MINI 60 \u017eemas apvalus kavos staliukas<br \/>\nSOLO MINI 60 kavos staliukas \u012fk\u016bnija modernaus dizaino esm\u0119 kompakti\u0161koje formoje, sukurtas interjerams, kuriuose svarbiausia yra funkcionalumas ir estetika. \u0160is ma\u017eesnis SOLO LUX \u0161eimos modelis puikiai tinka erdv\u0117ms, kuriose svarbus kiekvienas kvadratinis metras ir svarbiausias yra rafinuotas stilius. Pagamintas tik i\u0161 auk\u0161tos kokyb\u0117s MDF, jis \u017eavi minimalistine forma ir rafinuota apdaila, harmoningai \u012fsilieja \u012f madingiausius interjerus.<br \/>\n\u201eMarble White\u201c stalvir\u0161is imituoja eleganti\u0161k\u0105 balt\u0105 marmur\u0105 su subtiliu, tikrovi\u0161ku ra\u0161tu. Blizgus pavir\u0161ius ne tik suteikia prabangos, bet ir vizualiai pabr\u0117\u017eia auk\u0161t\u0105 stalo bei panaudot\u0173 med\u017eiag\u0173 kokyb\u0119. Be to, pati MDF plok\u0161t\u0117 yra labai atspari d\u0117m\u0117ms, spalvos pakitimams ir nedideliems mechaniniams pa\u017eeidimams, pavyzd\u017eiui, \u012fbr\u0117\u017eimams. Kitas svarbus naudojam\u0173 med\u017eiag\u0173 privalumas yra atsparumas auk\u0161tai temperat\u016brai, iki 100 \u00b0C. Tai leid\u017eia SOLO MINI 60 stalui derinti estetin\u012f patrauklum\u0105 su funkcionalumu, u\u017etikrinant lengv\u0105 valym\u0105 ir kasdien\u012f naudojim\u0105.<br \/>\nBaltas MDF pagrindas papuo\u0161tas subtiliais grioveliais, kurie sukuria 3D efekt\u0105. \u0160i i\u0161skirtin\u0117 forma suteikia stalui gylio ir dinamikos, tod\u0117l jis tampa tikra bet kokio interjero puo\u0161mena. Be to, \u0161viesaus marmuro ir balto pagrindo spalv\u0173 derinys sukuria ne\u012ftik\u0117tinai modern\u0173 kontrast\u0105, puikiai papildant\u012f minimalistin\u012f, ta\u010diau eleganti\u0161k\u0105 interjer\u0105.<br \/>\nSOLO MINI 60 stalas \u2013 tai unikalus funkcionalumo ir stiliaus derinys. Patvari MDF konstrukcija garantuoja ilgaam\u017ei\u0161kum\u0105, o kruop\u0161ti apdaila puikiai tinka bet kuriai svetainei, biurui ar miegamajam, u\u017etikrinant komfort\u0105 ir prabang\u0105 kasdieniam naudojimui.<br \/>\nProdukto savyb\u0117s<br \/>\nLenki\u0161kas produktas,<br \/>\nMDF stalvir\u0161is, padengtas akrilo kilim\u0117liu,<br \/>\nStalvir\u0161is spausdinamas naudojant itin pa\u017eangi\u0105, novatori\u0161k\u0105 skyst\u0173 polimerini\u0173 da\u017e\u0173 spausdinimo technologij\u0105. Apvalus, i\u0161traukiamas stalvir\u0161is i\u0161 balto marmuro,<br \/>\nmatin\u0117 apdaila tik ant stalvir\u0161io,<br \/>\nMDF pagrindas,<br \/>\nbaltas pagrindas,<br \/>\nviena koja,<br \/>\nrekomenduojama valyti ir pri\u017ei\u016br\u0117ti dr\u0117gnu mikropluo\u0161to \u0161luoste be plovikli\u0173,<br \/>\nsavaranki\u0161kam surinkimui,<br \/>\npridedamos i\u0161samios, paprastos, iliustracin\u0117s surinkimo instrukcijos,<br \/>\nSi\u016blome plat\u0173 bald\u0173 pasirinkim\u0105, leid\u017eiant\u012f pilnai \u012frengti savo namus.<\/p>","protected":false},"excerpt":{"rendered":"<p>SOLO MINI 60 Low Round Coffee Table The SOLO MINI 60 coffee table embodies the essence of modern design in a compact form, designed for interiors where both functionality and aesthetics are paramount. This smaller model from the SOLO LUX family is perfect for spaces where every square meter counts and refined style is paramount. [&hellip;]<\/p>","protected":false},"featured_media":192064,"comment_status":"open","ping_status":"open","template":"","meta":[],"product_brand":[],"product_cat":[9619,866,4774],"product_tag":[],"class_list":{"0":"post-192063","1":"product","2":"type-product","3":"status-publish","4":"has-post-thumbnail","6":"product_cat-coffee-table-solo-mini-hubertus","7":"product_cat-coffee-tables","8":"product_cat-hubertus-design","10":"first","11":"instock","12":"purchasable","13":"product-type-simple"},"_links":{"self":[{"href":"https:\/\/baldumarket.lt\/lt\/wp-json\/wp\/v2\/product\/192063","targetHints":{"allow":["GET"]}}],"collection":[{"href":"https:\/\/baldumarket.lt\/lt\/wp-json\/wp\/v2\/product"}],"about":[{"href":"https:\/\/baldumarket.lt\/lt\/wp-json\/wp\/v2\/types\/product"}],"replies":[{"embeddable":true,"href":"https:\/\/baldumarket.lt\/lt\/wp-json\/wp\/v2\/comments?post=192063"}],"wp:featuredmedia":[{"embeddable":true,"href":"https:\/\/baldumarket.lt\/lt\/wp-json\/wp\/v2\/media\/192064"}],"wp:attachment":[{"href":"https:\/\/baldumarket.lt\/lt\/wp-json\/wp\/v2\/media?parent=192063"}],"wp:term":[{"taxonomy":"product_brand","embeddable":true,"href":"https:\/\/baldumarket.lt\/lt\/wp-json\/wp\/v2\/product_brand?post=192063"},{"taxonomy":"product_cat","embeddable":true,"href":"https:\/\/baldumarket.lt\/lt\/wp-json\/wp\/v2\/product_cat?post=192063"},{"taxonomy":"product_tag","embeddable":true,"href":"https:\/\/baldumarket.lt\/lt\/wp-json\/wp\/v2\/product_tag?post=192063"}],"curies":[{"name":"wp","href":"https:\/\/api.w.org\/{rel}","templated":true}]}}