{"id":192060,"date":"2025-12-23T13:38:11","date_gmt":"2025-12-23T10:38:11","guid":{"rendered":"https:\/\/baldumarket.lt\/product\/stolik-kawowy-solo-mini-%e2%8c%8060cm-bialy-marmur-polysk-czarny\/"},"modified":"2026-02-14T12:16:50","modified_gmt":"2026-02-14T09:16:50","slug":"stolik-kawowy-solo-mini-%e2%8c%8060cm-bialy-marmur-polysk-czarny","status":"publish","type":"product","link":"https:\/\/baldumarket.lt\/lt\/product\/stolik-kawowy-solo-mini-%e2%8c%8060cm-bialy-marmur-polysk-czarny\/","title":{"rendered":"SOLO MINI kavos staliukas \u230060 cm, baltas marmuras, blizgus\/juodas"},"content":{"rendered":"<p>SOLO MINI 60 \u017eemas apvalus kavos staliukas<br \/>\nSOLO MINI 60 kavos staliukas \u2013 eleganti\u0161kas ir modernus baldas, puikiai derinantis funkcionalum\u0105 ir unikal\u0173 stili\u0173. Sukurtas interjerams, kuriuose svarbiausia yra erdv\u0117 ir estetika, \u0161is kompakti\u0161kas SOLO stal\u0173 linijos modelis yra puikus sprendimas ma\u017eesn\u0117ms erdv\u0117ms. Pagamintas vien i\u0161 tvirtos MDF plok\u0161t\u0117s, jis pasi\u017eymi paprastu, ta\u010diau rafinuotu dizainu, kuris puikiai dera tiek prie modernaus, tiek prie klasikinio interjero.<br \/>\n\u201eMarble White\u201c stalvir\u0161is imituoja eleganti\u0161k\u0105 balt\u0105 marmur\u0105 su subtiliu, tikrovi\u0161ku ra\u0161tu. Blizgus pavir\u0161ius ne tik suteikia prabangos, bet ir vizualiai pabr\u0117\u017eia auk\u0161t\u0105 stalo ir panaudot\u0173 med\u017eiag\u0173 kokyb\u0119. Be to, pati MDF plok\u0161t\u0117 yra labai atspari d\u0117m\u0117ms, spalvos pakitimams ir nedideliems mechaniniams pa\u017eeidimams, pavyzd\u017eiui, \u012fbr\u0117\u017eimams. Kitas svarbus naudojam\u0173 med\u017eiag\u0173 privalumas yra atsparumas auk\u0161tai temperat\u016brai, iki 100 \u00b0C. Tai leid\u017eia \u201eSOLO MINI 60\u201c kavos staliukui derinti estetin\u012f patrauklum\u0105 su funkcionalumu, u\u017etikrinant lengv\u0105 valym\u0105 ir kasdien\u012f naudojim\u0105.<br \/>\nJuodas MDF pagrindas suteikia baldui i\u0161skirtinumo ir elegancijos. Subtil\u016bs grioveliai ant kojeli\u0173 sukuria 3D efekt\u0105, suteikia baldui gylio ir paver\u010dia j\u012f bet kokio i\u0161d\u0117stymo traukos centru. Kontrastas tarp \u0161viesaus vir\u0161utinio pavir\u0161iaus ir tamsaus pagrindo sukuria modern\u0173, dinami\u0161k\u0105 vaizd\u0105, kuris skland\u017eiai dera prie \u012fvairi\u0173 interjero stili\u0173.<br \/>\nSOLO MINI 60 kavos staliukas, pasi\u017eymintis patvaria konstrukcija ir kruop\u0161\u010dia apdaila, yra tobulas patvarumo ir elegancijos derinys. Prakti\u0161kos savyb\u0117s, tokios kaip apsauga nuo pir\u0161t\u0173 atspaud\u0173 ir lengva prie\u017ei\u016bra, daro \u0161\u012f bald\u0105 puikiu pasirinkimu kasdieniam naudojimui, si\u016blant auk\u0161\u010diausio lygio funkcionalum\u0105 ir stili\u0173. Produkto savyb\u0117s<br \/>\nLenki\u0161kas produktas,<br \/>\nMDF stalvir\u0161is, padengtas akrilo kilim\u0117liu,<br \/>\nStalvir\u0161is spausdinamas naudojant itin pa\u017eangi\u0105, novatori\u0161k\u0105 skyst\u0173 polimerini\u0173 da\u017e\u0173 spausdinimo technologij\u0105.<br \/>\nApvalus, i\u0161traukiamas stalvir\u0161is su balto marmuro apdaila,<br \/>\nMatin\u0117 apdaila tik ant stalvir\u0161io,<br \/>\nMDF pagrindas,<br \/>\nJuodas pagrindas,<br \/>\nViena koja,<br \/>\nReikalingas savaranki\u0161kas surinkimas,<br \/>\nPridedamos i\u0161samios, paprastos, iliustracin\u0117s surinkimo instrukcijos,<br \/>\nSi\u016blome plat\u0173 bald\u0173 pasirinkim\u0105, kad gal\u0117tum\u0117te m\u0117gautis visaver\u010diu nam\u0173 apstatymu.<\/p>","protected":false},"excerpt":{"rendered":"<p>SOLO MINI 60 Low Round Coffee Table The SOLO MINI 60 coffee table is an elegant and modern piece of furniture that perfectly combines functionality with unique style. Designed for interiors where both space and aesthetics are paramount, this compact model from the SOLO table line is the perfect solution for smaller spaces. Crafted entirely [&hellip;]<\/p>","protected":false},"featured_media":192061,"comment_status":"open","ping_status":"open","template":"","meta":[],"product_brand":[],"product_cat":[9619,866,4774],"product_tag":[],"class_list":{"0":"post-192060","1":"product","2":"type-product","3":"status-publish","4":"has-post-thumbnail","6":"product_cat-coffee-table-solo-mini-hubertus","7":"product_cat-coffee-tables","8":"product_cat-hubertus-design","10":"first","11":"instock","12":"purchasable","13":"product-type-simple"},"_links":{"self":[{"href":"https:\/\/baldumarket.lt\/lt\/wp-json\/wp\/v2\/product\/192060","targetHints":{"allow":["GET"]}}],"collection":[{"href":"https:\/\/baldumarket.lt\/lt\/wp-json\/wp\/v2\/product"}],"about":[{"href":"https:\/\/baldumarket.lt\/lt\/wp-json\/wp\/v2\/types\/product"}],"replies":[{"embeddable":true,"href":"https:\/\/baldumarket.lt\/lt\/wp-json\/wp\/v2\/comments?post=192060"}],"wp:featuredmedia":[{"embeddable":true,"href":"https:\/\/baldumarket.lt\/lt\/wp-json\/wp\/v2\/media\/192061"}],"wp:attachment":[{"href":"https:\/\/baldumarket.lt\/lt\/wp-json\/wp\/v2\/media?parent=192060"}],"wp:term":[{"taxonomy":"product_brand","embeddable":true,"href":"https:\/\/baldumarket.lt\/lt\/wp-json\/wp\/v2\/product_brand?post=192060"},{"taxonomy":"product_cat","embeddable":true,"href":"https:\/\/baldumarket.lt\/lt\/wp-json\/wp\/v2\/product_cat?post=192060"},{"taxonomy":"product_tag","embeddable":true,"href":"https:\/\/baldumarket.lt\/lt\/wp-json\/wp\/v2\/product_tag?post=192060"}],"curies":[{"name":"wp","href":"https:\/\/api.w.org\/{rel}","templated":true}]}}