{"id":192057,"date":"2025-12-23T13:37:59","date_gmt":"2025-12-23T10:37:59","guid":{"rendered":"https:\/\/baldumarket.lt\/product\/stolik-kawowy-solo-mini-%e2%8c%8060cm-jasny-marmur-polysk-bialy\/"},"modified":"2026-02-14T12:16:50","modified_gmt":"2026-02-14T09:16:50","slug":"stolik-kawowy-solo-mini-%e2%8c%8060cm-jasny-marmur-polysk-bialy","status":"publish","type":"product","link":"https:\/\/baldumarket.lt\/lt\/product\/stolik-kawowy-solo-mini-%e2%8c%8060cm-jasny-marmur-polysk-bialy\/","title":{"rendered":"SOLO MINI kavos staliukas \u230060 cm \u0161viesus marmuras blizgus\/baltas"},"content":{"rendered":"<p>Modernus SOLO MINI 60 apvalus kavos staliukas<br \/>\nSOLO MINI 60 kavos staliukas \u2013 eleganti\u0161kas ir funkcionalus baldas, puikiai tinkantis moderniam interjerui. Pagamintas i\u0161 tvirtos MDF plok\u0161t\u0117s, padengtos baldams skirtu akrilu, jis pasi\u017eymi i\u0161skirtiniu patvarumu ir moderniu dizainu. Blizgus baltas marmurinis stalvir\u0161is ir blizgus baltas pagrindas sukuria darni\u0105 ir stiling\u0105 kompozicij\u0105, kuri puikiai tiks \u012fvairiuose interjeruose \u2013 nuo moderni\u0173 svetaini\u0173 iki minimalistini\u0173 miegam\u0173j\u0173.<br \/>\n\u0160iame staliuke naudojamas bald\u0173 gamybos akrilas pasi\u017eymi daugybe privalum\u0173, d\u0117l kuri\u0173 jis puikiai tinka kasdieniam naudojimui. Vis\u0173 pirma, jis suteikia gil\u0173, stiklo efekto blizges\u012f, suteikia baldui prabangos \u012fsp\u016bd\u012f ir leid\u017eia stalvir\u0161iui atspind\u0117ti \u0161vies\u0105, vizualiai padidindamas erdv\u0119. Be to, akrilas yra itin atsparus kasdieniam d\u0117v\u0117jimuisi \u2013 jis neblunka ir neskilin\u0117ja, o jo pavir\u0161ius atsparus \u012fbr\u0117\u017eimams ir kar\u0161\u010diui, tod\u0117l tai prakti\u0161kas sprendimas ilgus metus. Atsparumas iki 100 \u00b0C temperat\u016brai leid\u017eia SOLO MINI 60 puikiai veikti net ir sud\u0117tingomis s\u0105lygomis.<br \/>\nBald\u0173 akril\u0105 taip pat lengva valyti \u2013 tiesiog nuvalykite j\u012f mink\u0161tu skudur\u0117liu ir vandeniu, kad atkurtum\u0117te blizges\u012f. Net ir esant didesn\u0117ms d\u0117m\u0117ms, nereikia naudoti stipri\u0173 plovikli\u0173, tod\u0117l prie\u017ei\u016bra yra lengva. Be to, akrilas pasi\u017eymi antibakterin\u0117mis savyb\u0117mis, tod\u0117l tai higieni\u0161kas pasirinkimas interjerams, kuriuose \u0161vara yra svarbiausia, pavyzd\u017eiui, virtuv\u0117ms ir valgomiesiems.<br \/>\nD\u0117l pa\u017eangios gamybos technologijos stalas SOLO MINI 60, kurio stalvir\u0161is atspausdintas skystais polimeriniais da\u017eais, pasi\u017eymi ne tik auk\u0161ta kokybe, bet ir i\u0161skirtiniu tikslumu atkuriant balto marmuro dekor\u0105. \u0160is baldas sujungia modern\u0173 dizain\u0105, prakti\u0161kum\u0105 ir naudojimo paprastum\u0105, si\u016blydamas auk\u0161\u010diausio lygio elegancij\u0105 ir funkcionalum\u0105. Produkto savyb\u0117s<br \/>\nLenki\u0161kas produktas,<br \/>\nMDF stalvir\u0161is, padengtas akrilo kilim\u0117liu,<br \/>\nStalvir\u0161is spausdinamas naudojant itin pa\u017eangi\u0105, novatori\u0161k\u0105 skyst\u0173 polimerini\u0173 da\u017e\u0173 spausdinimo technologij\u0105.<br \/>\nDidelis atsparumas \u012fvairiems veiksniams ir pa\u017eeidimams, \u012fskaitant auk\u0161t\u0105 temperat\u016br\u0105.<br \/>\nApvalus, balto marmuro vir\u0161us,<br \/>\nMDF pagrindas,<br \/>\nbaltas pagrindas,<br \/>\nViena koja,<br \/>\nReikalingas savaranki\u0161kas surinkimas,<br \/>\nPridedamos i\u0161samios, paprastos, iliustracin\u0117s surinkimo instrukcijos.<br \/>\nSi\u016blome plat\u0173 bald\u0173 pasirinkim\u0105, kad gal\u0117tum\u0117te m\u0117gautis visaver\u010diu nam\u0173 apstatymu.<\/p>","protected":false},"excerpt":{"rendered":"<p>Modern SOLO MINI 60 Round Coffee Table The SOLO MINI 60 coffee table is an elegant and functional piece of furniture, perfect for modern interiors. Crafted entirely from solid MDF board covered with furniture-grade acrylic, it combines exceptional durability with modern design. The high-gloss white marble top and glossy white base create a cohesive and [&hellip;]<\/p>","protected":false},"featured_media":192058,"comment_status":"open","ping_status":"open","template":"","meta":[],"product_brand":[],"product_cat":[9619,866,4774],"product_tag":[],"class_list":{"0":"post-192057","1":"product","2":"type-product","3":"status-publish","4":"has-post-thumbnail","6":"product_cat-coffee-table-solo-mini-hubertus","7":"product_cat-coffee-tables","8":"product_cat-hubertus-design","10":"first","11":"instock","12":"purchasable","13":"product-type-simple"},"_links":{"self":[{"href":"https:\/\/baldumarket.lt\/lt\/wp-json\/wp\/v2\/product\/192057","targetHints":{"allow":["GET"]}}],"collection":[{"href":"https:\/\/baldumarket.lt\/lt\/wp-json\/wp\/v2\/product"}],"about":[{"href":"https:\/\/baldumarket.lt\/lt\/wp-json\/wp\/v2\/types\/product"}],"replies":[{"embeddable":true,"href":"https:\/\/baldumarket.lt\/lt\/wp-json\/wp\/v2\/comments?post=192057"}],"wp:featuredmedia":[{"embeddable":true,"href":"https:\/\/baldumarket.lt\/lt\/wp-json\/wp\/v2\/media\/192058"}],"wp:attachment":[{"href":"https:\/\/baldumarket.lt\/lt\/wp-json\/wp\/v2\/media?parent=192057"}],"wp:term":[{"taxonomy":"product_brand","embeddable":true,"href":"https:\/\/baldumarket.lt\/lt\/wp-json\/wp\/v2\/product_brand?post=192057"},{"taxonomy":"product_cat","embeddable":true,"href":"https:\/\/baldumarket.lt\/lt\/wp-json\/wp\/v2\/product_cat?post=192057"},{"taxonomy":"product_tag","embeddable":true,"href":"https:\/\/baldumarket.lt\/lt\/wp-json\/wp\/v2\/product_tag?post=192057"}],"curies":[{"name":"wp","href":"https:\/\/api.w.org\/{rel}","templated":true}]}}