{"id":192054,"date":"2025-12-23T13:37:53","date_gmt":"2025-12-23T10:37:53","guid":{"rendered":"https:\/\/baldumarket.lt\/product\/stolik-kawowy-solo-mini-%e2%8c%8060cm-jasny-marmur-polysk-czarny\/"},"modified":"2026-02-14T12:16:50","modified_gmt":"2026-02-14T09:16:50","slug":"stolik-kawowy-solo-mini-%e2%8c%8060cm-jasny-marmur-polysk-czarny","status":"publish","type":"product","link":"https:\/\/baldumarket.lt\/lt\/product\/stolik-kawowy-solo-mini-%e2%8c%8060cm-jasny-marmur-polysk-czarny\/","title":{"rendered":"SOLO MINI kavos staliukas \u230060cm \u0161viesus marmuras blizgus\/juodas"},"content":{"rendered":"<p>Lenkijoje pagamintas apvalus kavos staliukas SOLO MINI 60<br \/>\nSOLO MINI 60 kavos staliukas \u2013 stilingas baldas, puikiai atrodantis moderniame interjere. Pagamintas i\u0161 patvarios MDF plok\u0161t\u0117s, padengtos auk\u0161tos kokyb\u0117s bald\u0173 akrilu, jis pasi\u017eymi elegancija ir funkcionalumu. Blizgus baltas marmurinis stalvir\u0161is kartu su blizgiu juodu pagrindu sukuria kontrasting\u0105, ta\u010diau harmoning\u0105 kompozicij\u0105, kuri tinka \u012fvairiems interjerams \u2013 nuo minimalistini\u0173 svetaini\u0173 iki klasikini\u0173 erdvi\u0173. D\u0117l kompakti\u0161ko dyd\u017eio staliukas idealiai tinka ma\u017eesn\u0117ms erdv\u0117ms, suteikiant joms modern\u0173 ir rafinuot\u0105 charakter\u012f.<br \/>\nBaldams skirtas akrilas \u2013 tai med\u017eiaga, turinti daug privalum\u0173, kurie pagerina ne tik stalo estetik\u0105, bet ir patvarum\u0105. Jo gilus blizgesys, puikiai imituojantis stikl\u0105, suteikia stalui prabangi\u0105 i\u0161vaizd\u0105. Akrilu dengtas pavir\u0161ius yra itin atsparus kasdieniam naudojimui \u2013 jis neblunka, neskilin\u0117ja ir yra sunkiai subrai\u017eomas. Be to, jis atsparus auk\u0161tai temperat\u016brai, tod\u0117l stalas yra prakti\u0161kas sprendimas kasdieniam naudojimui. Baldams skirt\u0105 akril\u0105 taip pat lengva pri\u017ei\u016br\u0117ti \u2013 mink\u0161tos \u0161luost\u0117s ir vandens pakanka, kad pavir\u0161ius atkurt\u0173 blizges\u012f, o net didesnes d\u0117mes galima pa\u0161alinti nenaudojant stipri\u0173 chemini\u0173 med\u017eiag\u0173.<br \/>\nAkrilas taip pat pasi\u017eymi antibakterin\u0117mis savyb\u0117mis, tod\u0117l puikiai tinka patalpoms, kuriose higiena yra svarbiausia. Lygus pavir\u0161ius neleid\u017eia prasiskverbti ne\u0161varumams ir bakterijoms, o sidabro jonai suteikia papildom\u0105 apsaug\u0105 nuo mikroorganizm\u0173.<br \/>\nD\u0117l pa\u017eangios MDF gamybos technologijos SOLO MINI 60 stalvir\u0161is spausdinamas skystais polimeriniais da\u017eais, u\u017etikrinan\u010diais itin tiksl\u0173 marmuro dekoro atk\u016brim\u0105. SOLO MINI 60 stalvir\u0161is \u2013 tai puikus patvarumo, lengvos prie\u017ei\u016bros ir eleganti\u0161ko dizaino derinys, kuris papuo\u0161 bet kok\u012f interjer\u0105.<br \/>\nProdukto savyb\u0117s<br \/>\nLenki\u0161kas produktas,<br \/>\nMDF stalvir\u0161is, padengtas akrilo kilim\u0117liu,<br \/>\nStalvir\u0161is spausdinamas naudojant itin pa\u017eangi\u0105, inovatyvi\u0105 skyst\u0173 polimerini\u0173 da\u017e\u0173 spausdinimo technologij\u0105. Didelis atsparumas \u012fvairiems veiksniams ir pa\u017eeidimams, \u012fskaitant auk\u0161t\u0105 temperat\u016br\u0105.<br \/>\nApvalus, balto marmuro vir\u0161us,<br \/>\nMDF pagrindas,<br \/>\nJuodas pagrindas,<br \/>\nViena koja,<br \/>\nReikalingas savaranki\u0161kas surinkimas,<br \/>\nPridedamos i\u0161samios, paprastos, iliustracin\u0117s surinkimo instrukcijos.<br \/>\nSi\u016blome plat\u0173 bald\u0173 pasirinkim\u0105, kad gal\u0117tum\u0117te m\u0117gautis visaver\u010diu nam\u0173 apstatymu.<\/p>","protected":false},"excerpt":{"rendered":"<p>Polish-made SOLO MINI 60 round coffee table The SOLO MINI 60 coffee table is a stylish piece that will look great in modern interiors. Crafted from durable MDF board covered with high-quality furniture-grade acrylic, it offers both elegance and functionality. The high-gloss white marble top combined with the glossy black base create a contrasting yet [&hellip;]<\/p>","protected":false},"featured_media":192055,"comment_status":"open","ping_status":"open","template":"","meta":[],"product_brand":[],"product_cat":[9619,866,4774],"product_tag":[],"class_list":{"0":"post-192054","1":"product","2":"type-product","3":"status-publish","4":"has-post-thumbnail","6":"product_cat-coffee-table-solo-mini-hubertus","7":"product_cat-coffee-tables","8":"product_cat-hubertus-design","10":"first","11":"instock","12":"purchasable","13":"product-type-simple"},"_links":{"self":[{"href":"https:\/\/baldumarket.lt\/lt\/wp-json\/wp\/v2\/product\/192054","targetHints":{"allow":["GET"]}}],"collection":[{"href":"https:\/\/baldumarket.lt\/lt\/wp-json\/wp\/v2\/product"}],"about":[{"href":"https:\/\/baldumarket.lt\/lt\/wp-json\/wp\/v2\/types\/product"}],"replies":[{"embeddable":true,"href":"https:\/\/baldumarket.lt\/lt\/wp-json\/wp\/v2\/comments?post=192054"}],"wp:featuredmedia":[{"embeddable":true,"href":"https:\/\/baldumarket.lt\/lt\/wp-json\/wp\/v2\/media\/192055"}],"wp:attachment":[{"href":"https:\/\/baldumarket.lt\/lt\/wp-json\/wp\/v2\/media?parent=192054"}],"wp:term":[{"taxonomy":"product_brand","embeddable":true,"href":"https:\/\/baldumarket.lt\/lt\/wp-json\/wp\/v2\/product_brand?post=192054"},{"taxonomy":"product_cat","embeddable":true,"href":"https:\/\/baldumarket.lt\/lt\/wp-json\/wp\/v2\/product_cat?post=192054"},{"taxonomy":"product_tag","embeddable":true,"href":"https:\/\/baldumarket.lt\/lt\/wp-json\/wp\/v2\/product_tag?post=192054"}],"curies":[{"name":"wp","href":"https:\/\/api.w.org\/{rel}","templated":true}]}}