{"id":192051,"date":"2025-12-23T13:37:48","date_gmt":"2025-12-23T10:37:48","guid":{"rendered":"https:\/\/baldumarket.lt\/product\/stolik-kawowy-solo-mini-%e2%8c%8060cm-bialy-mat\/"},"modified":"2026-02-14T12:16:50","modified_gmt":"2026-02-14T09:16:50","slug":"stolik-kawowy-solo-mini-%e2%8c%8060cm-bialy-mat","status":"publish","type":"product","link":"https:\/\/baldumarket.lt\/lt\/product\/stolik-kawowy-solo-mini-%e2%8c%8060cm-bialy-mat\/","title":{"rendered":"SOLO MINI kavos staliukas \u230060cm baltas matinis"},"content":{"rendered":"<p>Minimalistinis SOLO MINI 60 apvalus kavos staliukas<br \/>\nSOLO MINI 60 kavos staliukas \u2013 tai modernus baldas su eleganti\u0161ka, matine apdaila, puikiai papildantis dabartines interjero dizaino tendencijas. Pagamintas i\u0161 MDF su auk\u0161tos kokyb\u0117s matiniu akrilo sluoksniu, staliukas derina patvarum\u0105 ir estetik\u0105. Matin\u0117s baltos spalvos stalvir\u0161is sukuria subtil\u0173, aksomin\u012f efekt\u0105, suteikdamas bet kokiam interjerui unikal\u0173 lengvum\u0105 ir modern\u0173 stili\u0173. Tiek stalvir\u0161is, tiek pagrindas yra vientisos, baltos spalvos su matiniu pavir\u0161iumi, tod\u0117l \u0161is baldas puikiai tinka \u012fvairiems interjerams \u2013 nuo minimalistini\u0173 iki klasikini\u0173 erdvi\u0173.<br \/>\nVir\u0161uje naudojama matin\u0117 akrilo danga \u2013 tai med\u017eiaga, pasi\u017eyminti i\u0161skirtin\u0117mis savyb\u0117mis, u\u017etikrinan\u010diomis kasdien\u012f komfort\u0105. \u201eSuper MAT\u201c i\u0161siskiria savo giliu, aksominiu efektu, kuris ne tik atrodo moderniai, bet ir yra nepaprastai malonus liesti. Akrilo danga yra atspari mechaniniams pa\u017eeidimams, tokiems kaip \u012fbr\u0117\u017eimai ir \u012fskilimai, taip pat auk\u0161tai temperat\u016brai (iki 100 \u00b0C), tod\u0117l stalas ilg\u0105 laik\u0105 i\u0161laiko estetin\u012f patrauklum\u0105. Akrilas yra atsparus spalvos pakitimams ir oksidacijai, tod\u0117l stalas i\u0161laiko gaivi\u0105 i\u0161vaizd\u0105 net ir intensyviai naudojant.<br \/>\nDar vienas akrilo privalumas \u2013 lengvas valymas. Matinius pavir\u0161ius lengva pri\u017ei\u016br\u0117ti \u2013 u\u017etenka mink\u0161tos \u0161luost\u0117s ir vandens, kad stalas atkurt\u0173 nepriekai\u0161ting\u0105 i\u0161vaizd\u0105. Akrilo danga taip pat yra higieni\u0161ka, nes jos lygi strukt\u016bra neleid\u017eia prasiskverbti ne\u0161varumams ir bakterijoms, tod\u0117l ji puikiai tinka moderniam interjerui.<br \/>\nD\u0117l modernios MDF plok\u0161\u010di\u0173 gamybos technologijos naudojimo SOLO MINI 60 i\u0161siskiria tikslia apdaila ir tvirta konstrukcija. \u0160is stalas \u2013 tai puikus elegancijos, funkcionalumo ir patvarumo derinys, tod\u0117l puikiai tinka kasdieniam naudojimui bet kokiame interjere. Produkto savyb\u0117s<br \/>\nLenki\u0161kas produktas,<br \/>\nMDF stalvir\u0161is, padengtas akrilo kilim\u0117liu,<br \/>\ndidelis atsparumas \u012fvairiems veiksniams ir pa\u017eeidimams, \u012fskaitant auk\u0161t\u0105 temperat\u016br\u0105.<br \/>\napvali balta vir\u0161\u016bn\u0117,<br \/>\nmatinis pavir\u0161ius tik vir\u0161utiniame pavir\u0161iuje,<br \/>\nMDF pagrindas,<br \/>\nbaltas pagrindas,<br \/>\nviena koja,<br \/>\nreikalingas savaranki\u0161kas surinkimas,<br \/>\npridedamos i\u0161samios, paprastos, iliustracin\u0117s surinkimo instrukcijos,<br \/>\nSi\u016blome plat\u0173 bald\u0173 pasirinkim\u0105, kad gal\u0117tum\u0117te visapusi\u0161kai \u012fsirengti savo namus.<\/p>","protected":false},"excerpt":{"rendered":"<p>Minimalistinis SOLO MINI 60 apvalus kavos staliukas. SOLO MINI 60 kavos staliukas \u2013 tai modernus baldas su eleganti\u0161ka, matine apdaila, puikiai papildantis dabartines interjero dizaino tendencijas. Pagamintas i\u0161 MDF plok\u0161t\u0117s su auk\u0161tos kokyb\u0117s matiniu akrilo sluoksniu, staliukas derina patvarum\u0105 ir estetik\u0105. Matin\u0117s baltos spalvos stalvir\u0161is sukuria subtil\u0173, aksomin\u012f efekt\u0105, suteikdamas [\u2026]<\/p>","protected":false},"featured_media":192052,"comment_status":"open","ping_status":"open","template":"","meta":[],"product_brand":[],"product_cat":[9619,866,4774],"product_tag":[],"class_list":{"0":"post-192051","1":"product","2":"type-product","3":"status-publish","4":"has-post-thumbnail","6":"product_cat-coffee-table-solo-mini-hubertus","7":"product_cat-coffee-tables","8":"product_cat-hubertus-design","10":"first","11":"instock","12":"purchasable","13":"product-type-simple"},"_links":{"self":[{"href":"https:\/\/baldumarket.lt\/lt\/wp-json\/wp\/v2\/product\/192051","targetHints":{"allow":["GET"]}}],"collection":[{"href":"https:\/\/baldumarket.lt\/lt\/wp-json\/wp\/v2\/product"}],"about":[{"href":"https:\/\/baldumarket.lt\/lt\/wp-json\/wp\/v2\/types\/product"}],"replies":[{"embeddable":true,"href":"https:\/\/baldumarket.lt\/lt\/wp-json\/wp\/v2\/comments?post=192051"}],"wp:featuredmedia":[{"embeddable":true,"href":"https:\/\/baldumarket.lt\/lt\/wp-json\/wp\/v2\/media\/192052"}],"wp:attachment":[{"href":"https:\/\/baldumarket.lt\/lt\/wp-json\/wp\/v2\/media?parent=192051"}],"wp:term":[{"taxonomy":"product_brand","embeddable":true,"href":"https:\/\/baldumarket.lt\/lt\/wp-json\/wp\/v2\/product_brand?post=192051"},{"taxonomy":"product_cat","embeddable":true,"href":"https:\/\/baldumarket.lt\/lt\/wp-json\/wp\/v2\/product_cat?post=192051"},{"taxonomy":"product_tag","embeddable":true,"href":"https:\/\/baldumarket.lt\/lt\/wp-json\/wp\/v2\/product_tag?post=192051"}],"curies":[{"name":"wp","href":"https:\/\/api.w.org\/{rel}","templated":true}]}}