{"id":192045,"date":"2025-12-23T13:37:30","date_gmt":"2025-12-23T10:37:30","guid":{"rendered":"https:\/\/baldumarket.lt\/product\/stolik-kawowy-solo-mini-%e2%8c%8060cm-bialy-mat-czarny\/"},"modified":"2026-02-14T12:16:50","modified_gmt":"2026-02-14T09:16:50","slug":"stolik-kawowy-solo-mini-%e2%8c%8060cm-bialy-mat-czarny","status":"publish","type":"product","link":"https:\/\/baldumarket.lt\/lt\/product\/stolik-kawowy-solo-mini-%e2%8c%8060cm-bialy-mat-czarny\/","title":{"rendered":"SOLO MINI kavos staliukas \u230060cm matin\u0117s baltos\/juodos spalvos"},"content":{"rendered":"<p>SOLO MINI 60 kompakti\u0161kas apvalus kavos staliukas<br \/>\nSOLO MINI 60 kavos staliukas \u2013 stilingas baldas, puikiai papildantis modern\u0173 interjer\u0105. Pagamintas i\u0161 MDF plok\u0161t\u0117s ir padengtas matiniu akrilo sluoksniu, \u0161is baldas derina patvarum\u0105 ir minimalistin\u012f dizain\u0105. Matin\u0117 balta stalvir\u0161io dalis ir juodas pagrindas sukuria harmoning\u0105 kompozicij\u0105, suteikian\u010di\u0105 bet kokiam kambariui unikalaus charakterio ir elegancijos.<br \/>\nAkrilo naudojimas stalvir\u0161yje suteikia daug privalum\u0173. \u201eSuper MAT\u201c matin\u0117 danga suteikia gil\u0173, aksomin\u012f efekt\u0105, kuris pabr\u0117\u017eia modern\u0173 stili\u0173. Akrilas yra itin atsparus mechaniniams pa\u017eeidimams, tokiems kaip \u012fbr\u0117\u017eimai ir \u012fskilimai, tod\u0117l j\u012f galima naudoti ilg\u0105 laik\u0105, nesijaudinant d\u0117l i\u0161vaizdos. Be to, akrilas yra labai atsparus auk\u0161tai temperat\u016brai (iki 100 \u00b0C), tod\u0117l stalas i\u0161laiko estetin\u012f patrauklum\u0105 net ir at\u0161iauriomis s\u0105lygomis.<br \/>\nDar vienas reik\u0161mingas akrilo privalumas \u2013 lengvas valymas. Tiesiog mink\u0161ta \u0161luoste ir vandeniu greitai atkursite matin\u012f pavir\u0161i\u0173 iki buvusios \u0161lov\u0117s. Lygi akrilo strukt\u016bra neleid\u017eia prasiskverbti ne\u0161varumams ir bakterijoms, tod\u0117l \u0161is stalas yra itin higieni\u0161kas pasirinkimas \u012fvairiems interjerams. Be to, akrilas praturtintas sidabro jonais, kurie suteikia antibakterini\u0173 savybi\u0173 ir papildom\u0105 apsaug\u0105 nuo mikroorganizm\u0173.<br \/>\n\u201eSOLO MINI 60\u201c \u2013 puikus pasirinkimas ie\u0161kantiems funkcionali\u0173 ir esteti\u0161kai patraukli\u0173 sprendim\u0173. D\u0117l tvirtos konstrukcijos ir moderni\u0173 med\u017eiag\u0173 stalas pasi\u017eymi patvarumu, elegancija ir lengva prie\u017ei\u016bra, tod\u0117l idealiai tinka kasdieniam naudojimui.<br \/>\nProdukto savyb\u0117s<br \/>\nPagaminta Lenkijoje,<br \/>\nMDF stalvir\u0161is, padengtas akrilo kilim\u0117liu,<br \/>\nDidelis atsparumas \u012fvairiems veiksniams ir pa\u017eeidimams, \u012fskaitant auk\u0161t\u0105 temperat\u016br\u0105.<br \/>\nApvalus vir\u0161us matin\u0117s baltos spalvos,<br \/>\nMatinis pavir\u0161ius tik vir\u0161utiniame pavir\u0161iuje,<br \/>\nMDF pagrindas,<br \/>\nJuodas pagrindas,<br \/>\nViena koja,<br \/>\nReikalingas savaranki\u0161kas surinkimas,<br \/>\nPridedamos i\u0161samios, paprastos, iliustracin\u0117s surinkimo instrukcijos,<br \/>\nSi\u016blome plat\u0173 bald\u0173 pasirinkim\u0105, kad gal\u0117tum\u0117te m\u0117gautis visaver\u010diu nam\u0173 apstatymu.<\/p>","protected":false},"excerpt":{"rendered":"<p>SOLO MINI 60 Compact Round Coffee Table The SOLO MINI 60 coffee table is a stylish piece that perfectly complements modern interiors. Crafted from MDF and finished with a matte acrylic coating, this piece combines durability with a minimalist design. The matte white top and black base create a harmonious composition that adds a unique [&hellip;]<\/p>","protected":false},"featured_media":192046,"comment_status":"open","ping_status":"open","template":"","meta":[],"product_brand":[],"product_cat":[9619,866,4774],"product_tag":[],"class_list":{"0":"post-192045","1":"product","2":"type-product","3":"status-publish","4":"has-post-thumbnail","6":"product_cat-coffee-table-solo-mini-hubertus","7":"product_cat-coffee-tables","8":"product_cat-hubertus-design","10":"first","11":"instock","12":"purchasable","13":"product-type-simple"},"_links":{"self":[{"href":"https:\/\/baldumarket.lt\/lt\/wp-json\/wp\/v2\/product\/192045","targetHints":{"allow":["GET"]}}],"collection":[{"href":"https:\/\/baldumarket.lt\/lt\/wp-json\/wp\/v2\/product"}],"about":[{"href":"https:\/\/baldumarket.lt\/lt\/wp-json\/wp\/v2\/types\/product"}],"replies":[{"embeddable":true,"href":"https:\/\/baldumarket.lt\/lt\/wp-json\/wp\/v2\/comments?post=192045"}],"wp:featuredmedia":[{"embeddable":true,"href":"https:\/\/baldumarket.lt\/lt\/wp-json\/wp\/v2\/media\/192046"}],"wp:attachment":[{"href":"https:\/\/baldumarket.lt\/lt\/wp-json\/wp\/v2\/media?parent=192045"}],"wp:term":[{"taxonomy":"product_brand","embeddable":true,"href":"https:\/\/baldumarket.lt\/lt\/wp-json\/wp\/v2\/product_brand?post=192045"},{"taxonomy":"product_cat","embeddable":true,"href":"https:\/\/baldumarket.lt\/lt\/wp-json\/wp\/v2\/product_cat?post=192045"},{"taxonomy":"product_tag","embeddable":true,"href":"https:\/\/baldumarket.lt\/lt\/wp-json\/wp\/v2\/product_tag?post=192045"}],"curies":[{"name":"wp","href":"https:\/\/api.w.org\/{rel}","templated":true}]}}