{"id":192042,"date":"2025-12-23T13:37:16","date_gmt":"2025-12-23T10:37:16","guid":{"rendered":"https:\/\/baldumarket.lt\/product\/stolik-kawowy-solo-mini-%e2%8c%8060cm-czarny-mat-bialy\/"},"modified":"2026-02-14T12:16:50","modified_gmt":"2026-02-14T09:16:50","slug":"stolik-kawowy-solo-mini-%e2%8c%8060cm-czarny-mat-bialy","status":"publish","type":"product","link":"https:\/\/baldumarket.lt\/lt\/product\/stolik-kawowy-solo-mini-%e2%8c%8060cm-czarny-mat-bialy\/","title":{"rendered":"SOLO MINI kavos staliukas \u230060cm matin\u0117s juodos\/baltos spalvos"},"content":{"rendered":"<p>Tvirtas SOLO MINI 60 apvalus kavos staliukas<br \/>\nSOLO MINI 60 kavos staliukas \u2013 eleganti\u0161kas ir stilingas baldas, puikiai papildantis modern\u0173 interjer\u0105. Dizainerio i\u0161vaizda su matiniu juodu stalvir\u0161iu ir baltu pagrindu traukia ak\u012f ir suteikia bet kokiam interjerui unikalaus charakterio. Pagamintas i\u0161 MDF plok\u0161t\u0117s su matiniu akrilo sluoksniu, staliukas pasi\u017eymi ne tik patvarumu, bet ir rafinuotu, minimalistiniu stiliumi. Super MAT matin\u0117 danga, padengta tik stalvir\u0161iu, sukuria gil\u0173, aksomin\u012f matin\u012f efekt\u0105, kuris suteikia elegancijos ir modernumo bet kuriai erdvei.<br \/>\nAkrilo naudojimas stalvir\u0161io apdailoje suteikia daug privalum\u0173. Akrilo pavir\u0161ius yra ne tik esteti\u0161kai patrauklus, bet ir itin atsparus \u012fvairi\u0173 tip\u0173 pa\u017eeidimams, pavyzd\u017eiui, \u012fbr\u0117\u017eimams ir \u012fskilimams. Akrilas yra labai atsparus iki 100 \u00b0C temperat\u016brai, tod\u0117l stalvir\u0161is i\u0161laiko puiki\u0105 i\u0161vaizd\u0105 net ir at\u0161iauriomis s\u0105lygomis. Be to, danga atspari spalvos pakitimams ir oksidacijai, tod\u0117l stalvir\u0161is visada atrodo gaiviai ir eleganti\u0161kai.<br \/>\nVienas i\u0161 pagrindini\u0173 akrilo privalum\u0173 yra lengvas valymas. Mink\u0161tos \u0161luost\u0117s ir vandens pakanka, kad matinis pavir\u0161ius akimirksniu atgaut\u0173 pirmin\u012f blizges\u012f. Lygi akrilo strukt\u016bra neleid\u017eia prasiskverbti ne\u0161varumams ir bakterijoms, tod\u0117l tai itin higieni\u0161kas pasirinkimas bet kokiam interjerui. Be to, akrile yra sidabro jon\u0173, kurie suteikia jam antibakterini\u0173 savybi\u0173 ir sustiprina apsaug\u0105 nuo mikroorganizm\u0173.<br \/>\n\u201eSOLO MINI 60\u201c \u2013 puikus pasirinkimas ie\u0161kantiems funkcionalumo ir estetikos derinio. D\u0117l tvirtos konstrukcijos ir novatori\u0161k\u0173 med\u017eiag\u0173 stalas harmoningai sujungia patvarum\u0105, elegancij\u0105 ir lengv\u0105 prie\u017ei\u016br\u0105, tod\u0117l tai puikus pasirinkimas kasdieniam naudojimui.<br \/>\nProdukto savyb\u0117s<br \/>\nLenki\u0161kas produktas,<br \/>\nMDF stalvir\u0161is, padengtas akrilo kilim\u0117liu,<br \/>\ndidelis atsparumas \u012fvairiems veiksniams ir pa\u017eeidimams, \u012fskaitant auk\u0161t\u0105 temperat\u016br\u0105. Apvalus matin\u0117s juodos spalvos vir\u0161us,<br \/>\nmatinis pavir\u0161ius tik vir\u0161utiniame pavir\u0161iuje,<br \/>\nMDF pagrindas,<br \/>\nbaltas pagrindas,<br \/>\nviena koja,<br \/>\nsavaranki\u0161kam surinkimui,<br \/>\npridedamos i\u0161samios, paprastos, iliustracin\u0117s surinkimo instrukcijos,<br \/>\nSi\u016blome plat\u0173 bald\u0173 pasirinkim\u0105, leid\u017eiant\u012f pilnai \u012frengti savo namus.<\/p>","protected":false},"excerpt":{"rendered":"<p>Tvirtas SOLO MINI 60 apvalus kavos staliukas. SOLO MINI 60 kavos staliukas yra eleganti\u0161kas ir stilingas baldas, kuris puikiai papildys modern\u0173 interjer\u0105. Jo dizainerio i\u0161vaizda su matiniu juodu stalvir\u0161iu ir baltu pagrindu traukia ak\u012f ir suteikia bet kokiam interjerui unikalaus charakterio. Pagamintas i\u0161 MDF plok\u0161t\u0117s su matiniu akrilo sluoksniu, [\u2026]<\/p>","protected":false},"featured_media":192043,"comment_status":"open","ping_status":"open","template":"","meta":[],"product_brand":[],"product_cat":[9619,866,4774],"product_tag":[],"class_list":{"0":"post-192042","1":"product","2":"type-product","3":"status-publish","4":"has-post-thumbnail","6":"product_cat-coffee-table-solo-mini-hubertus","7":"product_cat-coffee-tables","8":"product_cat-hubertus-design","10":"first","11":"instock","12":"purchasable","13":"product-type-simple"},"_links":{"self":[{"href":"https:\/\/baldumarket.lt\/lt\/wp-json\/wp\/v2\/product\/192042","targetHints":{"allow":["GET"]}}],"collection":[{"href":"https:\/\/baldumarket.lt\/lt\/wp-json\/wp\/v2\/product"}],"about":[{"href":"https:\/\/baldumarket.lt\/lt\/wp-json\/wp\/v2\/types\/product"}],"replies":[{"embeddable":true,"href":"https:\/\/baldumarket.lt\/lt\/wp-json\/wp\/v2\/comments?post=192042"}],"wp:featuredmedia":[{"embeddable":true,"href":"https:\/\/baldumarket.lt\/lt\/wp-json\/wp\/v2\/media\/192043"}],"wp:attachment":[{"href":"https:\/\/baldumarket.lt\/lt\/wp-json\/wp\/v2\/media?parent=192042"}],"wp:term":[{"taxonomy":"product_brand","embeddable":true,"href":"https:\/\/baldumarket.lt\/lt\/wp-json\/wp\/v2\/product_brand?post=192042"},{"taxonomy":"product_cat","embeddable":true,"href":"https:\/\/baldumarket.lt\/lt\/wp-json\/wp\/v2\/product_cat?post=192042"},{"taxonomy":"product_tag","embeddable":true,"href":"https:\/\/baldumarket.lt\/lt\/wp-json\/wp\/v2\/product_tag?post=192042"}],"curies":[{"name":"wp","href":"https:\/\/api.w.org\/{rel}","templated":true}]}}